{"id":417374,"date":"2025-02-22T17:44:11","date_gmt":"2025-02-22T16:44:11","guid":{"rendered":"https:\/\/lucacastelli.com\/prodotto\/eder-schaelgeraet-kettenantriebeder\/"},"modified":"2025-06-28T22:33:32","modified_gmt":"2025-06-28T20:33:32","slug":"eder-schaelgeraet-kettenantriebeder","status":"publish","type":"product","link":"https:\/\/lucacastelli.com\/de\/produkt\/eder-schaelgeraet-kettenantriebeder\/","title":{"rendered":"Eder Sch\u00e4lger\u00e4t Kettenantriebeder"},"content":{"rendered":"<p>Die EDER-Entrindungsmaschine ist das Werkzeug der Wahl f\u00fcr die Entrindung von Rundholz jeder Dicke. Je dicker und h\u00e4rter die Rinde, desto g\u00fcnstiger wird es, mit diesem Ger\u00e4t zu arbeiten. Die direkt hinter den Messern angeordneten Hartmetallstifte sind so konstruiert, dass sie unabh\u00e4ngig von der Dicke der Rinde auf der Oberfl\u00e4che des Stammes den Abstand der Entrindungsmesser zum Stamm einhalten. D\u00fcnne \u00c4ste und Zweige werden leicht und sauber geschnitten.   <\/p>\n<p>Eder bietet jetzt auch einen Kettenantrieb an. Auf diese Weise kann die Kettens\u00e4ge einfach umger\u00fcstet werden. <\/p>\n<p>Gewicht ohne Motor 2,5 kg<\/p>\n<p>Motorleistung min. 1,2 kW<\/p>\n<p>Arbeitsbreite 120 mm<\/p>\n<p>Klingenbreite 30 mm<\/p>\n<p>Anzahl der Klingen 4<\/p>\n<h3>Beschreibung<\/h3>\n<p>&nbsp;<\/p>\n<p>&nbsp;<\/p>\n<p>&nbsp;<\/p>\n<p>Arten von Klingen:<\/p>\n<p>Breite der Klingennut 8 mm<\/p>\n<p>Stihl 170\/180\/211\/231\/241\/251&#8243;<\/p>\n<p>Husqvarna 340\/345\/346\/350\/353\/357\/362\/242\/254\/435\/440\/543\/545\/545II\/550\/550II\/560<\/p>\n<p>Dolmar PS-460 \/ PS-4600 \/ PS-500 \/ PS-5000 \/ PS-5105 \/ PS-6100<\/p>\n<p>Breite der Klingennut 12 mm<\/p>\n<p>Stihl 240\/260\/261\/362\/440\/441\/442\/462\/500\/660\/661<\/p>\n<p>Husqvarna 365\/372\/385\/390\/395\/562\/570\/572\/575\/576<\/p>\n<p>Dolmar PS-6400 \/ PS-7300 \/ PS-7310 \/ PS-7900 \/ PS-7910<\/p>\n","protected":false},"excerpt":{"rendered":"<p>Die EDER-Entrindungsmaschine ist das Werkzeug der Wahl f\u00fcr die Entrindung von Rundholz jeder Dicke. Je dicker und h\u00e4rter die Rinde,<\/p>\n","protected":false},"featured_media":102630,"template":"","meta":{"_seopress_robots_primary_cat":"","_seopress_titles_title":"","_seopress_titles_desc":"","_seopress_robots_index":""},"product_brand":[3628],"product_cat":[1612,169,1640],"product_tag":[],"class_list":{"0":"post-417374","1":"product","2":"type-product","3":"status-publish","4":"has-post-thumbnail","6":"product_brand-eder-de","7":"product_cat-kettensagen","8":"product_cat-maschinen","9":"product_cat-zubehor-und-verbrauchsmaterial-de-5","10":"sws-gruppo-macchinari","11":"sws-categoria-sito","12":"sws-conto-ricavi-merci-rivendita-macchinari","13":"sws-gruppo-iva-iva81","15":"first","16":"instock","17":"sale","18":"shipping-taxable","19":"purchasable","20":"product-type-variable"},"_links":{"self":[{"href":"https:\/\/lucacastelli.com\/de\/wp-json\/wp\/v2\/product\/417374","targetHints":{"allow":["GET"]}}],"collection":[{"href":"https:\/\/lucacastelli.com\/de\/wp-json\/wp\/v2\/product"}],"about":[{"href":"https:\/\/lucacastelli.com\/de\/wp-json\/wp\/v2\/types\/product"}],"wp:featuredmedia":[{"embeddable":true,"href":"https:\/\/lucacastelli.com\/de\/wp-json\/wp\/v2\/media\/102630"}],"wp:attachment":[{"href":"https:\/\/lucacastelli.com\/de\/wp-json\/wp\/v2\/media?parent=417374"}],"wp:term":[{"taxonomy":"product_brand","embeddable":true,"href":"https:\/\/lucacastelli.com\/de\/wp-json\/wp\/v2\/product_brand?post=417374"},{"taxonomy":"product_cat","embeddable":true,"href":"https:\/\/lucacastelli.com\/de\/wp-json\/wp\/v2\/product_cat?post=417374"},{"taxonomy":"product_tag","embeddable":true,"href":"https:\/\/lucacastelli.com\/de\/wp-json\/wp\/v2\/product_tag?post=417374"}],"curies":[{"name":"wp","href":"https:\/\/api.w.org\/{rel}","templated":true}]}}