{"id":417366,"date":"2025-02-22T10:29:57","date_gmt":"2025-02-22T09:29:57","guid":{"rendered":"https:\/\/lucacastelli.com\/prodotto\/petzl-rescucendereder\/"},"modified":"2025-06-29T02:21:57","modified_gmt":"2025-06-29T00:21:57","slug":"petzl-rescucendereder","status":"publish","type":"product","link":"https:\/\/lucacastelli.com\/de\/produkt\/petzl-rescucendereder\/","title":{"rendered":"PETZL RESCUCENDEReder"},"content":{"rendered":"<p class=\"productSubtitle\">Seilklemme mit \u00d6ffnungsnocken<\/p>\n<div class=\"productCaracteristiquesPosition inlineblock\">\n<p class=\"productCaracteristiques inlineblock\">RESCUCENDER ist eine einfach zu bedienende und ergonomische Seilklemme mit \u00d6ffnungsnocke, die f\u00fcr den Einsatz beim Einholen als Zug- oder R\u00fccklaufsperre vorgesehen ist.<\/p>\n<\/div>\n<h3>Detaillierte Beschreibung<\/h3>\n<div class=\"list\">\n<ul>\n<li>Konzipiert f\u00fcr den Einsatz im Transportwesen als Traktions- oder R\u00fccklaufsperrsystem.<\/li>\n<li>Einfach zu bedienen und ergonomisch:<br \/>\n&#8211; abnehmbarer Nocken zum Ein- oder Ausbau der Seilklemme an jeder Stelle des Seils,<br \/>\n&#8211; unabh\u00e4ngige Hebel auf jeder Seite des Ger\u00e4ts, f\u00fcr einfaches \u00d6ffnen, wodurch das Risiko eines unbeabsichtigten \u00d6ffnens verringert wird. Diese Hebel sind mit einer No-Lock-Anzeige ausgestattet.<br \/>\n&#8211; Nocken, der in den K\u00f6rper des Ger\u00e4ts integriert ist, um die Verwendung zu erleichtern,<br \/>\n&#8211; gro\u00dfes Verbindungsloch, um die Drehung des Karabiners zu erleichtern,<br \/>\n&#8211; integrierte Nockenfeder, um unbeabsichtigtes Einhaken zu vermeiden und die Haltbarkeit zu erh\u00f6hen. <\/li>\n<\/ul>\n<\/div>\n<h3>Spezifisch<\/h3>\n<div class=\"list\">\n<ul>\n<li>Materialien: Aluminium, Edelstahl, Polyamid<\/li>\n<li>Gewicht: 260 g<\/li>\n<li>Zertifizierung(en): &#8211; CE EN 567, UKCA bei Verwendung mit einem Seil von 9 bis 13 mm &#8211; XF 494: FZL-Z-Q bei Verwendung mit einem Seil von 9,5 bis 13 mm<\/li>\n<li>Zertifizierung(en): CE EN 12841 Typ B, NFPA 2500 Technische Verwendung, EAC bei Verwendung mit einem Seil von 10 bis 13 mm<\/li>\n<\/ul>\n<p>&nbsp;<\/p>\n<\/div>\n<table>\n<tbody>\n<tr>\n<th class=\"rowTitle\">Artikelnummern<\/th>\n<th>B50A<\/th>\n<\/tr>\n<tr>\n<td class=\"rowTitle\">Garantie<\/td>\n<td>3 Jahre<\/td>\n<\/tr>\n<tr>\n<td class=\"rowTitle\">Verpackung<\/td>\n<td>1<\/td>\n<\/tr>\n<\/tbody>\n<\/table>\n","protected":false},"excerpt":{"rendered":"<p>Seilklemme mit \u00d6ffnungsnocken RESCUCENDER ist eine einfach zu bedienende und ergonomische Seilklemme mit \u00d6ffnungsnocke, die f\u00fcr den Einsatz beim Einholen<\/p>\n","protected":false},"featured_media":102591,"template":"","meta":{"_seopress_robots_primary_cat":"","_seopress_titles_title":"","_seopress_titles_desc":"","_seopress_robots_index":""},"product_brand":[3446],"product_cat":[33,537,814],"product_tag":[],"class_list":{"0":"post-417366","1":"product","2":"type-product","3":"status-publish","4":"has-post-thumbnail","6":"product_brand-petzl","7":"product_cat-attrezzature","8":"product_cat-attrezzatura-da-lavoro","9":"product_cat-imbraghi-e-materiale-di-sicurezza","10":"sws-gruppo-attrezz-de","11":"sws-categoria-sito-de","12":"sws-conto-ricavi-merci-rivendita-abbigliamento-de","13":"sws-gruppo-iva-iva81-de","15":"first","16":"instock","17":"shipping-taxable","18":"purchasable","19":"product-type-simple"},"_links":{"self":[{"href":"https:\/\/lucacastelli.com\/de\/wp-json\/wp\/v2\/product\/417366","targetHints":{"allow":["GET"]}}],"collection":[{"href":"https:\/\/lucacastelli.com\/de\/wp-json\/wp\/v2\/product"}],"about":[{"href":"https:\/\/lucacastelli.com\/de\/wp-json\/wp\/v2\/types\/product"}],"wp:featuredmedia":[{"embeddable":true,"href":"https:\/\/lucacastelli.com\/de\/wp-json\/wp\/v2\/media\/102591"}],"wp:attachment":[{"href":"https:\/\/lucacastelli.com\/de\/wp-json\/wp\/v2\/media?parent=417366"}],"wp:term":[{"taxonomy":"product_brand","embeddable":true,"href":"https:\/\/lucacastelli.com\/de\/wp-json\/wp\/v2\/product_brand?post=417366"},{"taxonomy":"product_cat","embeddable":true,"href":"https:\/\/lucacastelli.com\/de\/wp-json\/wp\/v2\/product_cat?post=417366"},{"taxonomy":"product_tag","embeddable":true,"href":"https:\/\/lucacastelli.com\/de\/wp-json\/wp\/v2\/product_tag?post=417366"}],"curies":[{"name":"wp","href":"https:\/\/api.w.org\/{rel}","templated":true}]}}