{"id":417351,"date":"2025-02-22T10:16:04","date_gmt":"2025-02-22T09:16:04","guid":{"rendered":"https:\/\/lucacastelli.com\/prodotto\/eder-konturhobel-kettenantriebeder\/"},"modified":"2025-06-28T22:33:22","modified_gmt":"2025-06-28T20:33:22","slug":"eder-konturhobel-kettenantriebeder","status":"publish","type":"product","link":"https:\/\/lucacastelli.com\/de\/produkt\/eder-konturhobel-kettenantriebeder\/","title":{"rendered":"Eder Konturhobel Kettenantriebeder"},"content":{"rendered":"<p>Mit dem Formhobel lassen sich gerade und wellenf\u00f6rmige Holzoberfl\u00e4chen erzeugen. Der Formhobel mit Kettenantrieb wird h\u00e4ufig beim Bau von Holzh\u00e4usern, Kinderspielpl\u00e4tzen, Z\u00e4unen und \u00e4hnlichen Projekten verwendet. <\/p>\n<p>Verstellbare Messer verhindern das Splittern des Holzes. Da mit einer Umdrehung der Walze nur ein Schnitt auf der Arbeitsbreite gemacht wird, reduzieren sich die Reaktionskr\u00e4fte. Feine \u00c4ste und Zweige werden leicht und sauber gehobelt.  <\/p>\n<p>Gewicht (ohne Motor) 2,75 kg<\/p>\n<p>Motorleistung min. 1,2 kW<\/p>\n<p>Arbeitsbreite 120 mm<\/p>\n<p>Klingenbreite 30 mm<\/p>\n<p>Anzahl der Messer 4<\/p>\n<p>&nbsp;<\/p>\n<p>&nbsp;<\/p>\n<h3>Beschreibung<\/h3>\n<p>Arten von Schwertern:<\/p>\n<p>Breite der Klingennut 8 mm<\/p>\n<p>Stihl 170\/180\/211\/231\/241\/251&#8243;<\/p>\n<p>Husqvarna 340\/345\/346\/350\/353\/357\/362\/242\/254\/435\/440\/543\/545\/545II\/550\/550II\/560<\/p>\n<p>Dolmar PS-460 \/ PS-4600 \/ PS-500 \/ PS-5000 \/ PS-5105 \/ PS-6100<\/p>\n<p>Breite der Klingennut 12 mm<\/p>\n<p>Stihl 240\/260\/261\/362\/440\/441\/442\/462\/500\/660\/661<\/p>\n<p>Husqvarna 365\/372\/385\/390\/395\/562\/570\/572\/575\/576<\/p>\n<p>Dolmar PS-6400 \/ PS-7300 \/ PS-7310 \/ PS-7900 \/ PS-7910<\/p>\n<p>&nbsp;<\/p>\n<p>&nbsp;<\/p>\n<p>&nbsp;<\/p>\n","protected":false},"excerpt":{"rendered":"<p>Mit dem Formhobel lassen sich gerade und wellenf\u00f6rmige Holzoberfl\u00e4chen erzeugen. Der Formhobel mit Kettenantrieb wird h\u00e4ufig beim Bau von Holzh\u00e4usern,<\/p>\n","protected":false},"featured_media":102577,"template":"","meta":{"_seopress_robots_primary_cat":"","_seopress_titles_title":"","_seopress_titles_desc":"","_seopress_robots_index":""},"product_brand":[3628],"product_cat":[1612,169,1640],"product_tag":[],"class_list":{"0":"post-417351","1":"product","2":"type-product","3":"status-publish","4":"has-post-thumbnail","6":"product_brand-eder-de","7":"product_cat-kettensagen","8":"product_cat-maschinen","9":"product_cat-zubehor-und-verbrauchsmaterial-de-5","10":"sws-gruppo-macchinari","11":"sws-categoria-sito","12":"sws-conto-ricavi-merci-rivendita-macchinari","13":"sws-gruppo-iva-iva81","15":"first","16":"instock","17":"sale","18":"shipping-taxable","19":"purchasable","20":"product-type-variable"},"_links":{"self":[{"href":"https:\/\/lucacastelli.com\/de\/wp-json\/wp\/v2\/product\/417351","targetHints":{"allow":["GET"]}}],"collection":[{"href":"https:\/\/lucacastelli.com\/de\/wp-json\/wp\/v2\/product"}],"about":[{"href":"https:\/\/lucacastelli.com\/de\/wp-json\/wp\/v2\/types\/product"}],"wp:featuredmedia":[{"embeddable":true,"href":"https:\/\/lucacastelli.com\/de\/wp-json\/wp\/v2\/media\/102577"}],"wp:attachment":[{"href":"https:\/\/lucacastelli.com\/de\/wp-json\/wp\/v2\/media?parent=417351"}],"wp:term":[{"taxonomy":"product_brand","embeddable":true,"href":"https:\/\/lucacastelli.com\/de\/wp-json\/wp\/v2\/product_brand?post=417351"},{"taxonomy":"product_cat","embeddable":true,"href":"https:\/\/lucacastelli.com\/de\/wp-json\/wp\/v2\/product_cat?post=417351"},{"taxonomy":"product_tag","embeddable":true,"href":"https:\/\/lucacastelli.com\/de\/wp-json\/wp\/v2\/product_tag?post=417351"}],"curies":[{"name":"wp","href":"https:\/\/api.w.org\/{rel}","templated":true}]}}