{"id":417342,"date":"2025-02-22T10:02:18","date_gmt":"2025-02-22T09:02:18","guid":{"rendered":"https:\/\/lucacastelli.com\/prodotto\/eder-rundbuerste-kettenantriebeder\/"},"modified":"2025-06-28T22:33:17","modified_gmt":"2025-06-28T20:33:17","slug":"eder-rundbuerste-kettenantriebeder","status":"publish","type":"product","link":"https:\/\/lucacastelli.com\/de\/produkt\/eder-rundbuerste-kettenantriebeder\/","title":{"rendered":"Eder Rundb\u00fcrste Kettenantriebeder"},"content":{"rendered":"<p>Die Rundb\u00fcrste von EDER wird von einer Kettens\u00e4ge angetrieben. Es eignet sich zum B\u00fcrsten von Holzoberfl\u00e4chen sowie lackierten und verrosteten Metalloberfl\u00e4chen. Die B\u00fcrstenrolle wird mit voller Geschwindigkeit auf die zu schleifende Fl\u00e4che gelegt und ohne Druck auf die zu b\u00fcrstende Oberfl\u00e4che sanft gleiten.  <\/p>\n<p>Gewicht ohne Motor 2,0 kg<\/p>\n<p>Motorleistung min. 1,2 kW<\/p>\n<p>Arbeitsbreite 100 mm<\/p>\n<p>Durchmesser der B\u00fcrste 80 mm<\/p>\n<p>Stahlborsten:<\/p>\n<p>Drahtdurchmesser 0,3 mm<\/p>\n<p>&nbsp;<\/p>\n<p>&nbsp;<\/p>\n<h3>Beschreibung<\/h3>\n<p>Klingen-Typen:<\/p>\n<p>Breite der Klingennut 8 mm<\/p>\n<p>Stihl 170\/180\/211\/231\/241\/251&#8243;<\/p>\n<p>Husqvarna 340\/345\/346\/350\/353\/357\/362\/242\/254\/435\/440\/543\/545\/545II\/550\/550II\/560<\/p>\n<p>Dolmar PS-460 \/ PS-4600 \/ PS-500 \/ PS-5000 \/ PS-5105 \/ PS-6100<\/p>\n<p>Breite der Klingennut 12 mm<\/p>\n<p>Stihl 240\/260\/261\/362\/440\/441\/442\/462\/500\/660\/661<\/p>\n<p>Husqvarna 365\/372\/385\/390\/395\/562\/570\/572\/575\/576<\/p>\n<p>Dolmar PS-6400 \/ PS-7300 \/ PS-7310 \/ PS-7900 \/ PS-7910<\/p>\n","protected":false},"excerpt":{"rendered":"<p>Die Rundb\u00fcrste von EDER wird von einer Kettens\u00e4ge angetrieben. Es eignet sich zum B\u00fcrsten von Holzoberfl\u00e4chen sowie lackierten und verrosteten<\/p>\n","protected":false},"featured_media":102556,"template":"","meta":{"_seopress_robots_primary_cat":"","_seopress_titles_title":"","_seopress_titles_desc":"","_seopress_robots_index":""},"product_brand":[3628],"product_cat":[1612,169,1640],"product_tag":[],"class_list":{"0":"post-417342","1":"product","2":"type-product","3":"status-publish","4":"has-post-thumbnail","6":"product_brand-eder-de","7":"product_cat-kettensagen","8":"product_cat-maschinen","9":"product_cat-zubehor-und-verbrauchsmaterial-de-5","10":"sws-gruppo-macchinari-de","11":"sws-categoria-sito-de","12":"sws-conto-ricavi-merci-rivendita-macchinari-de","13":"sws-gruppo-iva-iva81-de","15":"first","16":"instock","17":"sale","18":"shipping-taxable","19":"purchasable","20":"product-type-variable"},"_links":{"self":[{"href":"https:\/\/lucacastelli.com\/de\/wp-json\/wp\/v2\/product\/417342","targetHints":{"allow":["GET"]}}],"collection":[{"href":"https:\/\/lucacastelli.com\/de\/wp-json\/wp\/v2\/product"}],"about":[{"href":"https:\/\/lucacastelli.com\/de\/wp-json\/wp\/v2\/types\/product"}],"wp:featuredmedia":[{"embeddable":true,"href":"https:\/\/lucacastelli.com\/de\/wp-json\/wp\/v2\/media\/102556"}],"wp:attachment":[{"href":"https:\/\/lucacastelli.com\/de\/wp-json\/wp\/v2\/media?parent=417342"}],"wp:term":[{"taxonomy":"product_brand","embeddable":true,"href":"https:\/\/lucacastelli.com\/de\/wp-json\/wp\/v2\/product_brand?post=417342"},{"taxonomy":"product_cat","embeddable":true,"href":"https:\/\/lucacastelli.com\/de\/wp-json\/wp\/v2\/product_cat?post=417342"},{"taxonomy":"product_tag","embeddable":true,"href":"https:\/\/lucacastelli.com\/de\/wp-json\/wp\/v2\/product_tag?post=417342"}],"curies":[{"name":"wp","href":"https:\/\/api.w.org\/{rel}","templated":true}]}}