{"id":417334,"date":"2025-02-22T09:41:59","date_gmt":"2025-02-22T08:41:59","guid":{"rendered":"https:\/\/lucacastelli.com\/prodotto\/eder-augenfraeser-set-7-teiligeder\/"},"modified":"2025-07-07T13:51:49","modified_gmt":"2025-07-07T11:51:49","slug":"eder-augenfraeser-set-7-teiligeder","status":"publish","type":"product","link":"https:\/\/lucacastelli.com\/de\/produkt\/eder-augenfraeser-set-7-teiligeder\/","title":{"rendered":"Set mit 7 verschiedenen \u00d6senschneidern"},"content":{"rendered":"<p>Das Eder \u00d6senschneider Set besteht aus 7 verschiedenen \u00d6senschneidern mit unterschiedlichen Durchmessern zur Montage an Maschinen wie Dremel, Geradschleifern oder gr\u00f6\u00dferen Akkuschraubern. Die Durchmesser reichen von 10 mm bis 40 mm und k\u00f6nnen auf diesen Maschinen mit der entsprechenden 6 mm Spannzange montiert werden. <\/p>\n","protected":false},"excerpt":{"rendered":"<p>Das Eder \u00d6senschneider Set besteht aus 7 verschiedenen \u00d6senschneidern mit unterschiedlichen Durchmessern zur Montage an Maschinen wie Dremel, Geradschleifern oder<\/p>\n","protected":false},"featured_media":102546,"template":"","meta":{"_seopress_robots_primary_cat":"none","_seopress_titles_title":"","_seopress_titles_desc":"","_seopress_robots_index":""},"product_brand":[3417],"product_cat":[29,268,297],"product_tag":[],"class_list":{"0":"post-417334","1":"product","2":"type-product","3":"status-publish","4":"has-post-thumbnail","6":"product_brand-eder","7":"product_cat-macchinari","8":"product_cat-motoseghe","9":"product_cat-accessori-e-materiale-di-consumo-sistemi-kombi-e-multi","10":"sws-gruppo-macchinari-de","11":"sws-categoria-sito-de","12":"sws-conto-ricavi-merci-rivendita-macchinari-de","13":"sws-gruppo-iva-iva81-de","15":"first","16":"instock","17":"sale","18":"shipping-taxable","19":"purchasable","20":"product-type-simple"},"_links":{"self":[{"href":"https:\/\/lucacastelli.com\/de\/wp-json\/wp\/v2\/product\/417334","targetHints":{"allow":["GET"]}}],"collection":[{"href":"https:\/\/lucacastelli.com\/de\/wp-json\/wp\/v2\/product"}],"about":[{"href":"https:\/\/lucacastelli.com\/de\/wp-json\/wp\/v2\/types\/product"}],"wp:featuredmedia":[{"embeddable":true,"href":"https:\/\/lucacastelli.com\/de\/wp-json\/wp\/v2\/media\/102546"}],"wp:attachment":[{"href":"https:\/\/lucacastelli.com\/de\/wp-json\/wp\/v2\/media?parent=417334"}],"wp:term":[{"taxonomy":"product_brand","embeddable":true,"href":"https:\/\/lucacastelli.com\/de\/wp-json\/wp\/v2\/product_brand?post=417334"},{"taxonomy":"product_cat","embeddable":true,"href":"https:\/\/lucacastelli.com\/de\/wp-json\/wp\/v2\/product_cat?post=417334"},{"taxonomy":"product_tag","embeddable":true,"href":"https:\/\/lucacastelli.com\/de\/wp-json\/wp\/v2\/product_tag?post=417334"}],"curies":[{"name":"wp","href":"https:\/\/api.w.org\/{rel}","templated":true}]}}