{"id":417313,"date":"2025-02-21T14:22:57","date_gmt":"2025-02-21T13:22:57","guid":{"rendered":"https:\/\/lucacastelli.com\/prodotto\/eder-troghoehler-kettenantriebeder\/"},"modified":"2025-06-28T22:33:14","modified_gmt":"2025-06-28T20:33:14","slug":"eder-troghoehler-kettenantriebeder","status":"publish","type":"product","link":"https:\/\/lucacastelli.com\/de\/produkt\/eder-troghoehler-kettenantriebeder\/","title":{"rendered":"Eder Trogh\u00f6hler Kettenantriebeder"},"content":{"rendered":"<p>Der <b>EDER Trogh\u00f6hler Kettenantrieb ETH-C<\/b> eignet sich zum Verlegen von Aussparungen in Holz. Es kann f\u00fcr den Trogbau, f\u00fcr bildhauerische Arbeiten oder sogar f\u00fcr die Baumchirurgie und zum Fr\u00e4sen von Baumst\u00e4mmen verwendet werden. Durch die Anordnung der Kreiss\u00e4gebl\u00e4tter kann der Fr\u00e4skopf sowohl in L\u00e4ngs- als auch in Querrichtung bearbeitet werden. Der stufenlos verstellbare, abnehmbare Bohrer an der Unterseite der Fr\u00e4skopfhalterung dringt in das Holz ein und nimmt die meisten Schnittkr\u00e4fte auf. Dies erm\u00f6glicht eine gro\u00dfe Abtragsleistung pro Zeiteinheit.    <\/p>\n<p><b>Gewicht:<\/b> 2,3 kg<\/p>\n<p><b>Min. Antriebsleistung:<\/b> 2,7 kW \/ 3,7 PS<\/p>\n<p><b>Durchmesser der Fr\u00e4swalze:<\/b> 100 mm<\/p>\n<p><b>Arbeitsbreite:<\/b> 54 mm<\/p>\n<p><b>Anzahl der Klingen:<\/b> 4<\/p>\n<p>F\u00fcr die Montage an Kettens\u00e4gen ist eine <b>Teilung von 3\/8&#8243; oder 325&#8243;<\/b> erforderlich. Bitte geben Sie dies in Ihrer Anfrage \u00fcber das Formular an. <\/p>\n<p>&nbsp;<\/p>\n<p>&nbsp;<\/p>\n<p>&nbsp;<\/p>\n<h3>Beschreibung<\/h3>\n<p>Der <b>EDER Trogh\u00f6hler Kettenantrieb ETH-C<\/b> eignet sich zum Verlegen von Aussparungen in Holz.<\/p>\n<p>Preis ohne S\u00e4ge<\/p>\n<p>Die Montage ist f\u00fcr folgende <b>Oregon Modelle<\/b> m\u00f6glich:<\/p>\n<p>mit 8 mm: K041; K095; A095 und A074<\/p>\n<p>mit 12 mm: D025 und D009<\/p>\n<p>F\u00fcr die Montage an Kettens\u00e4gen ist eine <b>Teilung von 3\/8&#8243; oder 325&#8243;<\/b> erforderlich. Bitte geben Sie dies in Ihrer Anfrage \u00fcber das Formular an. <\/p>\n<p>Das Zubeh\u00f6r ist nicht <b>kompatibel mit<\/b> 3\/8 LP, 3\/8 Micro, 3\/8 Hobby, 3\/8Picco, 325 MicroLite usw. Kettens\u00e4gen. Alternative Ritzel\/Kettenbl\u00e4tter mit 3\/8&#8243; oder 325&#8243; Teilung von Drittanbietern sind f\u00fcr einige Kettens\u00e4genmodelle erh\u00e4ltlich.<\/p>\n","protected":false},"excerpt":{"rendered":"<p>Der EDER Trogh\u00f6hler Kettenantrieb ETH-C eignet sich zum Verlegen von Aussparungen in Holz. Es kann f\u00fcr den Trogbau, f\u00fcr bildhauerische<\/p>\n","protected":false},"featured_media":102530,"template":"","meta":{"_seopress_robots_primary_cat":"","_seopress_titles_title":"","_seopress_titles_desc":"","_seopress_robots_index":""},"product_brand":[3417],"product_cat":[29,268,297],"product_tag":[],"class_list":{"0":"post-417313","1":"product","2":"type-product","3":"status-publish","4":"has-post-thumbnail","6":"product_brand-eder","7":"product_cat-macchinari","8":"product_cat-motoseghe","9":"product_cat-accessori-e-materiale-di-consumo-sistemi-kombi-e-multi","10":"sws-gruppo-macchinari-de","11":"sws-categoria-sito-de","12":"sws-conto-ricavi-merci-rivendita-abbigliamento-de","13":"sws-gruppo-iva-iva81-de","15":"first","16":"instock","17":"sale","18":"shipping-taxable","19":"purchasable","20":"product-type-variable"},"_links":{"self":[{"href":"https:\/\/lucacastelli.com\/de\/wp-json\/wp\/v2\/product\/417313","targetHints":{"allow":["GET"]}}],"collection":[{"href":"https:\/\/lucacastelli.com\/de\/wp-json\/wp\/v2\/product"}],"about":[{"href":"https:\/\/lucacastelli.com\/de\/wp-json\/wp\/v2\/types\/product"}],"wp:featuredmedia":[{"embeddable":true,"href":"https:\/\/lucacastelli.com\/de\/wp-json\/wp\/v2\/media\/102530"}],"wp:attachment":[{"href":"https:\/\/lucacastelli.com\/de\/wp-json\/wp\/v2\/media?parent=417313"}],"wp:term":[{"taxonomy":"product_brand","embeddable":true,"href":"https:\/\/lucacastelli.com\/de\/wp-json\/wp\/v2\/product_brand?post=417313"},{"taxonomy":"product_cat","embeddable":true,"href":"https:\/\/lucacastelli.com\/de\/wp-json\/wp\/v2\/product_cat?post=417313"},{"taxonomy":"product_tag","embeddable":true,"href":"https:\/\/lucacastelli.com\/de\/wp-json\/wp\/v2\/product_tag?post=417313"}],"curies":[{"name":"wp","href":"https:\/\/api.w.org\/{rel}","templated":true}]}}