{"id":417294,"date":"2025-02-21T14:14:35","date_gmt":"2025-02-21T13:14:35","guid":{"rendered":"https:\/\/lucacastelli.com\/prodotto\/eder-rundhobel-kettenantriebeder\/"},"modified":"2025-06-28T22:33:01","modified_gmt":"2025-06-28T20:33:01","slug":"eder-rundhobel-kettenantriebeder","status":"publish","type":"product","link":"https:\/\/lucacastelli.com\/de\/produkt\/eder-rundhobel-kettenantriebeder\/","title":{"rendered":"Eder Rundhobel Kettenantriebeder"},"content":{"rendered":"<p>Der EDER-Rundhobel mit Kettenantrieb eignet sich hervorragend zum Hobeln von runden Holzfl\u00e4chen bis zu einem Durchmesser von 30 cm. Die Konstruktion der Hobelwalze mit den schr\u00e4gen Messern erzeugt eine hohe Abtragsleistung. Die gebogene F\u00fchrungsplatte wird auf dem gelagerten Fr\u00e4skopf positioniert  <\/p>\n<p>Die Messer sind stufenlos verstellbar, wodurch eine Spanst\u00e4rke von bis zu 1 mm erreicht werden kann.<\/p>\n<p>Gewicht ohne Motor 2,5 kg<\/p>\n<p>Motorleistung min. 1,2 kW<\/p>\n<p>Arbeitsbreite 80 mm<\/p>\n<p>Messerbreite 30 mm<\/p>\n<p>Anzahl der Messer 6<\/p>\n<h3>Beschreibung<\/h3>\n<p>Arten von Messern:<\/p>\n<p>Breite der Messernut 8 mm<\/p>\n<p>Stihl 170\/180\/211\/231\/241\/251&#8243;<\/p>\n<p>Husqvarna 340\/345\/346\/350\/353\/357\/362\/242\/254\/435\/440\/543\/545\/545II\/550\/550II\/560<\/p>\n<p>Dolmar PS-460 \/ PS-4600 \/ PS-500 \/ PS-5000 \/ PS-5105 \/ PS-6100<\/p>\n<p>Breite der Klingennut 12 mm<\/p>\n<p>Stihl 240\/260\/261\/362\/440\/441\/442\/462\/500\/660\/661<\/p>\n<p>Husqvarna 365\/372\/385\/390\/395\/562\/570\/572\/575\/576<\/p>\n<p>Dolmar PS-6400 \/ PS-7300 \/ PS-7310 \/ PS-7900 \/ PS-7910<\/p>\n<p>&nbsp;<\/p>\n","protected":false},"excerpt":{"rendered":"<p>Der EDER-Rundhobel mit Kettenantrieb eignet sich hervorragend zum Hobeln von runden Holzfl\u00e4chen bis zu einem Durchmesser von 30 cm. Die<\/p>\n","protected":false},"featured_media":102517,"template":"","meta":{"_seopress_robots_primary_cat":"","_seopress_titles_title":"","_seopress_titles_desc":"","_seopress_robots_index":""},"product_brand":[3417],"product_cat":[29,268,297],"product_tag":[],"class_list":{"0":"post-417294","1":"product","2":"type-product","3":"status-publish","4":"has-post-thumbnail","6":"product_brand-eder","7":"product_cat-macchinari","8":"product_cat-motoseghe","9":"product_cat-accessori-e-materiale-di-consumo-sistemi-kombi-e-multi","10":"sws-gruppo-macchinari-de","11":"sws-categoria-sito-de","12":"sws-conto-ricavi-merci-rivendita-abbigliamento-de","13":"sws-gruppo-iva-iva81-de","15":"first","16":"instock","17":"sale","18":"shipping-taxable","19":"purchasable","20":"product-type-variable"},"_links":{"self":[{"href":"https:\/\/lucacastelli.com\/de\/wp-json\/wp\/v2\/product\/417294","targetHints":{"allow":["GET"]}}],"collection":[{"href":"https:\/\/lucacastelli.com\/de\/wp-json\/wp\/v2\/product"}],"about":[{"href":"https:\/\/lucacastelli.com\/de\/wp-json\/wp\/v2\/types\/product"}],"wp:featuredmedia":[{"embeddable":true,"href":"https:\/\/lucacastelli.com\/de\/wp-json\/wp\/v2\/media\/102517"}],"wp:attachment":[{"href":"https:\/\/lucacastelli.com\/de\/wp-json\/wp\/v2\/media?parent=417294"}],"wp:term":[{"taxonomy":"product_brand","embeddable":true,"href":"https:\/\/lucacastelli.com\/de\/wp-json\/wp\/v2\/product_brand?post=417294"},{"taxonomy":"product_cat","embeddable":true,"href":"https:\/\/lucacastelli.com\/de\/wp-json\/wp\/v2\/product_cat?post=417294"},{"taxonomy":"product_tag","embeddable":true,"href":"https:\/\/lucacastelli.com\/de\/wp-json\/wp\/v2\/product_tag?post=417294"}],"curies":[{"name":"wp","href":"https:\/\/api.w.org\/{rel}","templated":true}]}}