{"id":417276,"date":"2025-02-21T13:52:04","date_gmt":"2025-02-21T12:52:04","guid":{"rendered":"https:\/\/lucacastelli.com\/prodotto\/eder-alu-umlenkrolleeder\/"},"modified":"2025-06-28T22:32:58","modified_gmt":"2025-06-28T20:32:58","slug":"eder-alu-umlenkrolleeder","status":"publish","type":"product","link":"https:\/\/lucacastelli.com\/de\/produkt\/eder-alu-umlenkrolleeder\/","title":{"rendered":"EDER Alu Umlenkrolleeder"},"content":{"rendered":"<p>EDER-Umlenkrollen sind f\u00fcr den Einsatz mit Winden konzipiert. Sie bestehen aus einer hochfesten Aluminiumlegierung EN AW7075. Die Umlenkrolle ist in drei verschiedenen Ausf\u00fchrungen erh\u00e4ltlich. Auf diese Weise k\u00f6nnen Sie einen Aufzug bis zu 7 Mal generieren. Das bedeutet eine Zugkapazit\u00e4t von bis zu 12,6 Tonnen.    <\/p>\n<p>Die Umlenkrollen k\u00f6nnen einfach angeschraubt oder das Seil eingef\u00e4delt werden.<\/p>\n<p>&nbsp;<\/p>\n<h3>Beschreibung<\/h3>\n<p>EDER-Umlenkrollen sind f\u00fcr den Einsatz mit Winden konzipiert. Sie bestehen aus einer hochfesten Aluminiumlegierung EN AW7075. <\/p>\n<p>Die Umlenkrolle ist in drei verschiedenen Ausf\u00fchrungen erh\u00e4ltlich.<\/p>\n","protected":false},"excerpt":{"rendered":"<p>EDER-Umlenkrollen sind f\u00fcr den Einsatz mit Winden konzipiert. Sie bestehen aus einer hochfesten Aluminiumlegierung EN AW7075. Die Umlenkrolle ist in<\/p>\n","protected":false},"featured_media":102492,"template":"","meta":{"_seopress_robots_primary_cat":"","_seopress_titles_title":"","_seopress_titles_desc":"","_seopress_robots_index":""},"product_brand":[3628],"product_cat":[82],"product_tag":[],"class_list":{"0":"post-417276","1":"product","2":"type-product","3":"status-publish","4":"has-post-thumbnail","6":"product_brand-eder-de","7":"product_cat-kleidung","8":"sws-gruppo-attrezz","9":"sws-categoria-sito","10":"sws-conto-ricavi-merci-rivendita-abbigliamento","11":"sws-gruppo-iva-iva81","13":"first","14":"instock","15":"sale","16":"shipping-taxable","17":"purchasable","18":"product-type-variable","19":"has-default-attributes"},"_links":{"self":[{"href":"https:\/\/lucacastelli.com\/de\/wp-json\/wp\/v2\/product\/417276","targetHints":{"allow":["GET"]}}],"collection":[{"href":"https:\/\/lucacastelli.com\/de\/wp-json\/wp\/v2\/product"}],"about":[{"href":"https:\/\/lucacastelli.com\/de\/wp-json\/wp\/v2\/types\/product"}],"wp:featuredmedia":[{"embeddable":true,"href":"https:\/\/lucacastelli.com\/de\/wp-json\/wp\/v2\/media\/102492"}],"wp:attachment":[{"href":"https:\/\/lucacastelli.com\/de\/wp-json\/wp\/v2\/media?parent=417276"}],"wp:term":[{"taxonomy":"product_brand","embeddable":true,"href":"https:\/\/lucacastelli.com\/de\/wp-json\/wp\/v2\/product_brand?post=417276"},{"taxonomy":"product_cat","embeddable":true,"href":"https:\/\/lucacastelli.com\/de\/wp-json\/wp\/v2\/product_cat?post=417276"},{"taxonomy":"product_tag","embeddable":true,"href":"https:\/\/lucacastelli.com\/de\/wp-json\/wp\/v2\/product_tag?post=417276"}],"curies":[{"name":"wp","href":"https:\/\/api.w.org\/{rel}","templated":true}]}}