{"id":417274,"date":"2025-02-21T13:39:40","date_gmt":"2025-02-21T12:39:40","guid":{"rendered":"https:\/\/lucacastelli.com\/prodotto\/eder-spaltgeraet-ehg1eder\/"},"modified":"2025-06-28T22:32:44","modified_gmt":"2025-06-28T20:32:44","slug":"eder-spaltgeraet-ehg1eder","status":"publish","type":"product","link":"https:\/\/lucacastelli.com\/de\/produkt\/eder-spaltgeraet-ehg1eder\/","title":{"rendered":"Eder Spaltger\u00e4t EHG1eder"},"content":{"rendered":"<p>Der <b>Holzspalter EHG1<\/b> ist tragbar und erm\u00f6glicht dank seiner speziellen Struktur das Spalten von St\u00e4mmen unabh\u00e4ngig von Position, L\u00e4nge und Durchmesser. Der Spaltkeil wird durch den Hydraulikkolben von der Au\u00dfenfl\u00e4che in den Rumpf gedr\u00fcckt, w\u00e4hrend die Gegenkraft von der Querschneide, die die Stirnfl\u00e4che durchdringt, aufgenommen wird. Bei faserigen H\u00f6lzern und langen St\u00e4mmen kann das Werkzeug auch quer aufgetragen werden, um den Riss weiter zu verbreitern und in beliebiger L\u00e4nge fortzusetzen.  <\/p>\n<h3>Beschreibung<\/h3>\n<p>Leistungsbeschreibung:<\/p>\n<ul>\n<li>Gewicht 16 kg<\/li>\n<li>\u00d6ldruck min. 150 bar<\/li>\n<li>Min. Durchflussmenge 10 l\/min<\/li>\n<li>Druckkraft auf den Keil 7,5 t<\/li>\n<li>L\u00e4nge des Keils 180 mm,<\/li>\n<li>Keilbreite 120 mm,<\/li>\n<li>Hub 200 mm,<\/li>\n<li>\u00d6ffnungsweite 100 mm<\/li>\n<li>max. Quer\u00f6ffnung 220 mm<\/li>\n<li>Schlauchl\u00e4nge 10 m (optional auch l\u00e4nger)<\/li>\n<\/ul>\n","protected":false},"excerpt":{"rendered":"<p>Der Holzspalter EHG1 ist tragbar und erm\u00f6glicht dank seiner speziellen Struktur das Spalten von St\u00e4mmen unabh\u00e4ngig von Position, L\u00e4nge und<\/p>\n","protected":false},"featured_media":102470,"template":"","meta":{"_seopress_robots_primary_cat":"","_seopress_titles_title":"","_seopress_titles_desc":"","_seopress_robots_index":""},"product_brand":[3417],"product_cat":[29,268,269],"product_tag":[],"class_list":{"0":"post-417274","1":"product","2":"type-product","3":"status-publish","4":"has-post-thumbnail","6":"product_brand-eder","7":"product_cat-macchinari","8":"product_cat-motoseghe","9":"product_cat-accessori-e-materiale-di-consumo-tosasiepi-e-potatori","10":"sws-gruppo-macchinari","11":"sws-categoria-sito","12":"sws-conto-ricavi-merci-rivendita-abbigliamento","13":"sws-gruppo-iva-iva81","15":"first","16":"instock","17":"sale","18":"shipping-taxable","19":"purchasable","20":"product-type-simple"},"_links":{"self":[{"href":"https:\/\/lucacastelli.com\/de\/wp-json\/wp\/v2\/product\/417274","targetHints":{"allow":["GET"]}}],"collection":[{"href":"https:\/\/lucacastelli.com\/de\/wp-json\/wp\/v2\/product"}],"about":[{"href":"https:\/\/lucacastelli.com\/de\/wp-json\/wp\/v2\/types\/product"}],"wp:featuredmedia":[{"embeddable":true,"href":"https:\/\/lucacastelli.com\/de\/wp-json\/wp\/v2\/media\/102470"}],"wp:attachment":[{"href":"https:\/\/lucacastelli.com\/de\/wp-json\/wp\/v2\/media?parent=417274"}],"wp:term":[{"taxonomy":"product_brand","embeddable":true,"href":"https:\/\/lucacastelli.com\/de\/wp-json\/wp\/v2\/product_brand?post=417274"},{"taxonomy":"product_cat","embeddable":true,"href":"https:\/\/lucacastelli.com\/de\/wp-json\/wp\/v2\/product_cat?post=417274"},{"taxonomy":"product_tag","embeddable":true,"href":"https:\/\/lucacastelli.com\/de\/wp-json\/wp\/v2\/product_tag?post=417274"}],"curies":[{"name":"wp","href":"https:\/\/api.w.org\/{rel}","templated":true}]}}