{"id":417270,"date":"2025-02-21T13:33:30","date_gmt":"2025-02-21T12:33:30","guid":{"rendered":"https:\/\/lucacastelli.com\/prodotto\/eder-schaelgeraeteder\/"},"modified":"2025-06-28T22:32:38","modified_gmt":"2025-06-28T20:32:38","slug":"eder-schaelgeraeteder","status":"publish","type":"product","link":"https:\/\/lucacastelli.com\/de\/produkt\/eder-schaelgeraeteder\/","title":{"rendered":"Eder Sch\u00e4lger\u00e4teder"},"content":{"rendered":"<p>Die EDER-Entrindungsmaschine ist das Werkzeug der Wahl f\u00fcr die Entrindung von Rundholz jeder Dicke. Je dicker und h\u00e4rter die Rinde, desto g\u00fcnstiger wird es, mit diesem Ger\u00e4t zu arbeiten. Die direkt hinter den Messern angeordneten Hartmetallstifte sind so konstruiert, dass sie unabh\u00e4ngig von der Dicke der Rinde auf der Oberfl\u00e4che des Stammes den Abstand zwischen den Entrindungsmessern und dem Stamm halten. D\u00fcnne \u00c4ste und Zweige werden leicht und sauber geschnitten   <\/p>\n<p>Kettenantrieb m\u00f6glich<\/p>\n<h3>Beschreibung<\/h3>\n<p>Technische Daten<\/p>\n<ul>\n<li>Gewicht (ohne Motor) 2,5 kg<\/li>\n<li>Motorleistung min. 1,2 kW<\/li>\n<li>Arbeitsbreite 120 mm<\/li>\n<li>Breite der Messer 30 mm<\/li>\n<li>Anzahl der Messer 4<\/li>\n<li>Max. Drehzahl 13.000 U\/min<\/li>\n<li>\u00dcbersetzungsverh\u00e4ltnis 1:1<\/li>\n<\/ul>\n<p>Bitte geben Sie den Typ der Kettens\u00e4ge an<\/p>\n<p>Preis ohne S\u00e4ge<\/p>\n","protected":false},"excerpt":{"rendered":"<p>Die EDER-Entrindungsmaschine ist das Werkzeug der Wahl f\u00fcr die Entrindung von Rundholz jeder Dicke. Je dicker und h\u00e4rter die Rinde,<\/p>\n","protected":false},"featured_media":102461,"template":"","meta":{"_seopress_robots_primary_cat":"","_seopress_titles_title":"","_seopress_titles_desc":"","_seopress_robots_index":""},"product_brand":[3417],"product_cat":[29,268,269],"product_tag":[],"class_list":{"0":"post-417270","1":"product","2":"type-product","3":"status-publish","4":"has-post-thumbnail","6":"product_brand-eder","7":"product_cat-macchinari","8":"product_cat-motoseghe","9":"product_cat-accessori-e-materiale-di-consumo-tosasiepi-e-potatori","10":"sws-gruppo-macchinari","11":"sws-categoria-sito","12":"sws-conto-ricavi-merci-rivendita-abbigliamento","13":"sws-gruppo-iva-iva81","15":"first","16":"instock","17":"sale","18":"shipping-taxable","19":"purchasable","20":"product-type-simple"},"_links":{"self":[{"href":"https:\/\/lucacastelli.com\/de\/wp-json\/wp\/v2\/product\/417270","targetHints":{"allow":["GET"]}}],"collection":[{"href":"https:\/\/lucacastelli.com\/de\/wp-json\/wp\/v2\/product"}],"about":[{"href":"https:\/\/lucacastelli.com\/de\/wp-json\/wp\/v2\/types\/product"}],"wp:featuredmedia":[{"embeddable":true,"href":"https:\/\/lucacastelli.com\/de\/wp-json\/wp\/v2\/media\/102461"}],"wp:attachment":[{"href":"https:\/\/lucacastelli.com\/de\/wp-json\/wp\/v2\/media?parent=417270"}],"wp:term":[{"taxonomy":"product_brand","embeddable":true,"href":"https:\/\/lucacastelli.com\/de\/wp-json\/wp\/v2\/product_brand?post=417270"},{"taxonomy":"product_cat","embeddable":true,"href":"https:\/\/lucacastelli.com\/de\/wp-json\/wp\/v2\/product_cat?post=417270"},{"taxonomy":"product_tag","embeddable":true,"href":"https:\/\/lucacastelli.com\/de\/wp-json\/wp\/v2\/product_tag?post=417270"}],"curies":[{"name":"wp","href":"https:\/\/api.w.org\/{rel}","templated":true}]}}