{"id":417229,"date":"2025-02-21T11:53:56","date_gmt":"2025-02-21T10:53:56","guid":{"rendered":"https:\/\/lucacastelli.com\/prodotto\/eder-borkenfraeseeder\/"},"modified":"2025-06-28T22:32:45","modified_gmt":"2025-06-28T20:32:45","slug":"eder-borkenfraeseeder","status":"publish","type":"product","link":"https:\/\/lucacastelli.com\/de\/produkt\/eder-borkenfraeseeder\/","title":{"rendered":"Eder Borkenfr\u00e4seeder"},"content":{"rendered":"<p>Aufgrund der schweren Sch\u00e4den durch St\u00fcrme ist der Waldschutz verpflichtet, den Ausbruch des Borkenk\u00e4fers in Fichtenw\u00e4ldern so schnell wie m\u00f6glich zu verhindern. Dazu wird die Rinde in der Regel komplett vom Stamm entfernt, um den Borkenk\u00e4fer zu vernichten oder ihm keinen Lebensraum zu bieten. Die Entfernung von Holzrinde verhindert jedoch die Renaturierung des Waldes und f\u00fchrt zu einem massiven Verlust der Artenvielfalt. Als Kompromiss zur vollst\u00e4ndigen Entrindung empfiehlt es sich, die St\u00e4mme zu schneiden. Der Borkenk\u00e4fer ben\u00f6tigt eine Fl\u00e4che von ca. 5 cm\u00b2 zum Wohlf\u00fchlen, das Abschneiden des Stammes entzieht dem Borkenk\u00e4fer seinen Lebensraum, ohne die Renaturierung des Waldes stark einzuschr\u00e4nken.<br \/>\nBitte geben Sie den Typ der Kettens\u00e4ge an    <\/p>\n<h3>Beschreibung<\/h3>\n<p>Preis ohne S\u00e4ge<\/p>\n","protected":false},"excerpt":{"rendered":"<p>Aufgrund der schweren Sch\u00e4den durch St\u00fcrme ist der Waldschutz verpflichtet, den Ausbruch des Borkenk\u00e4fers in Fichtenw\u00e4ldern so schnell wie m\u00f6glich<\/p>\n","protected":false},"featured_media":102403,"template":"","meta":{"_seopress_robots_primary_cat":"","_seopress_titles_title":"","_seopress_titles_desc":"","_seopress_robots_index":""},"product_brand":[3628],"product_cat":[169,1454,1455,1639,1640],"product_tag":[],"class_list":{"0":"post-417229","1":"product","2":"type-product","3":"status-publish","4":"has-post-thumbnail","6":"product_brand-eder-de","7":"product_cat-maschinen","8":"product_cat-andere-gerate","9":"product_cat-zubehor-und-verbrauchsmaterial-de","10":"product_cat-kombi-und-multi-systeme","11":"product_cat-zubehor-und-verbrauchsmaterial-de-5","12":"sws-gruppo-macchinari-de","13":"sws-categoria-sito-de","14":"sws-conto-ricavi-merci-rivendita-abbigliamento-de","15":"sws-gruppo-iva-iva81-de","17":"first","18":"instock","19":"sale","20":"shipping-taxable","21":"purchasable","22":"product-type-simple"},"_links":{"self":[{"href":"https:\/\/lucacastelli.com\/de\/wp-json\/wp\/v2\/product\/417229","targetHints":{"allow":["GET"]}}],"collection":[{"href":"https:\/\/lucacastelli.com\/de\/wp-json\/wp\/v2\/product"}],"about":[{"href":"https:\/\/lucacastelli.com\/de\/wp-json\/wp\/v2\/types\/product"}],"wp:featuredmedia":[{"embeddable":true,"href":"https:\/\/lucacastelli.com\/de\/wp-json\/wp\/v2\/media\/102403"}],"wp:attachment":[{"href":"https:\/\/lucacastelli.com\/de\/wp-json\/wp\/v2\/media?parent=417229"}],"wp:term":[{"taxonomy":"product_brand","embeddable":true,"href":"https:\/\/lucacastelli.com\/de\/wp-json\/wp\/v2\/product_brand?post=417229"},{"taxonomy":"product_cat","embeddable":true,"href":"https:\/\/lucacastelli.com\/de\/wp-json\/wp\/v2\/product_cat?post=417229"},{"taxonomy":"product_tag","embeddable":true,"href":"https:\/\/lucacastelli.com\/de\/wp-json\/wp\/v2\/product_tag?post=417229"}],"curies":[{"name":"wp","href":"https:\/\/api.w.org\/{rel}","templated":true}]}}