{"id":417221,"date":"2025-02-20T21:05:50","date_gmt":"2025-02-20T20:05:50","guid":{"rendered":"https:\/\/lucacastelli.com\/prodotto\/eder-troghoehlereder\/"},"modified":"2025-06-28T22:34:56","modified_gmt":"2025-06-28T20:34:56","slug":"eder-troghoehlereder","status":"publish","type":"product","link":"https:\/\/lucacastelli.com\/de\/produkt\/eder-troghoehlereder\/","title":{"rendered":"Eder Trogh\u00f6hlereder"},"content":{"rendered":"<p>&nbsp;<\/p>\n<p>&nbsp;<\/p>\n<p>Der EDER-Hohlraumfr\u00e4ser eignet sich zum Fr\u00e4sen von Hohlr\u00e4umen in Holz. Es kann f\u00fcr den Hohlraumbau, f\u00fcr Bildhauer- oder auch Baumchirurgiearbeiten und f\u00fcr das Fr\u00e4sen von St\u00e4mmen verwendet werden. Durch die Anordnung der Kreiss\u00e4gebl\u00e4tter kann der Fr\u00e4skopf sowohl in L\u00e4ngs- als auch in Querrichtung bearbeitet werden. Der stufenlos verstellbare, abnehmbare Bohrer an der Unterseite der Fr\u00e4skopfhalterung dringt in das Holz ein und nimmt die meisten Schnittkr\u00e4fte auf. Dies erm\u00f6glicht eine gro\u00dfe Abtragsleistung pro Zeiteinheit.    <\/p>\n<h3>Beschreibung<\/h3>\n<p>Technische Daten<\/p>\n<ul>\n<li>Gewicht (ohne Motor) 2,75 kg<\/li>\n<li>Motorleistung min. 1,2 kW<\/li>\n<li>Empfohlene Antriebsleistung 2,7 kW<\/li>\n<li>Durchmesser der Fr\u00e4swalze 100 mm<\/li>\n<li>Breite der Fr\u00e4swalze 54 mm<\/li>\n<li>Klingenl\u00e4nge 320 mm<\/li>\n<li>Anzahl der Klingen 4<\/li>\n<li>Maximale Drehzahl 13.000 U\/min<\/li>\n<li>\u00dcbersetzungsverh\u00e4ltnis 1:1<\/li>\n<\/ul>\n<p>Geben Sie den Typ der Kettens\u00e4ge an<\/p>\n<p>Preis ohne S\u00e4ge<\/p>\n","protected":false},"excerpt":{"rendered":"<p>&nbsp; &nbsp; Der EDER-Hohlraumfr\u00e4ser eignet sich zum Fr\u00e4sen von Hohlr\u00e4umen in Holz. Es kann f\u00fcr den Hohlraumbau, f\u00fcr Bildhauer- oder<\/p>\n","protected":false},"featured_media":93464,"template":"","meta":{"_seopress_robots_primary_cat":"","_seopress_titles_title":"","_seopress_titles_desc":"","_seopress_robots_index":""},"product_brand":[3417],"product_cat":[29,514,515,296,297],"product_tag":[],"class_list":{"0":"post-417221","1":"product","2":"type-product","3":"status-publish","4":"has-post-thumbnail","6":"product_brand-eder","7":"product_cat-macchinari","8":"product_cat-altri-dispositivi","9":"product_cat-accessori-e-materiale-di-consumo-altri-dispositivi","10":"product_cat-sistemi-kombi-e-multi","11":"product_cat-accessori-e-materiale-di-consumo-sistemi-kombi-e-multi","12":"sws-gruppo-macchinari","13":"sws-categoria-sito","14":"sws-conto-ricavi-merci-rivendita-abbigliamento","15":"sws-gruppo-iva-iva81","17":"first","18":"instock","19":"sale","20":"shipping-taxable","21":"purchasable","22":"product-type-simple"},"_links":{"self":[{"href":"https:\/\/lucacastelli.com\/de\/wp-json\/wp\/v2\/product\/417221","targetHints":{"allow":["GET"]}}],"collection":[{"href":"https:\/\/lucacastelli.com\/de\/wp-json\/wp\/v2\/product"}],"about":[{"href":"https:\/\/lucacastelli.com\/de\/wp-json\/wp\/v2\/types\/product"}],"wp:featuredmedia":[{"embeddable":true,"href":"https:\/\/lucacastelli.com\/de\/wp-json\/wp\/v2\/media\/93464"}],"wp:attachment":[{"href":"https:\/\/lucacastelli.com\/de\/wp-json\/wp\/v2\/media?parent=417221"}],"wp:term":[{"taxonomy":"product_brand","embeddable":true,"href":"https:\/\/lucacastelli.com\/de\/wp-json\/wp\/v2\/product_brand?post=417221"},{"taxonomy":"product_cat","embeddable":true,"href":"https:\/\/lucacastelli.com\/de\/wp-json\/wp\/v2\/product_cat?post=417221"},{"taxonomy":"product_tag","embeddable":true,"href":"https:\/\/lucacastelli.com\/de\/wp-json\/wp\/v2\/product_tag?post=417221"}],"curies":[{"name":"wp","href":"https:\/\/api.w.org\/{rel}","templated":true}]}}