{"id":417218,"date":"2025-02-20T20:54:00","date_gmt":"2025-02-20T19:54:00","guid":{"rendered":"https:\/\/lucacastelli.com\/prodotto\/eder-konturhobeleder\/"},"modified":"2025-06-28T22:34:52","modified_gmt":"2025-06-28T20:34:52","slug":"eder-konturhobeleder","status":"publish","type":"product","link":"https:\/\/lucacastelli.com\/de\/produkt\/eder-konturhobeleder\/","title":{"rendered":"Eder Konturhobeleder"},"content":{"rendered":"<p>Mit dem EDER Konturhobel lassen sich gerade und wellige Holzfl\u00e4chen hobeln und k\u00f6nnen somit beim Bau von Holzh\u00e4usern, Kinderspielpl\u00e4tzen, Bonanza-Z\u00e4unen und \u00e4hnlichen Projekten eingesetzt werden. Der verstellbare Klingen\u00fcberstand verhindert effektiv das Splittern des Holzes. Da mit einer Umdrehung der Walze nur ein Schnitt auf der Arbeitsbreite gemacht wird, reduzieren sich die Reaktionskr\u00e4fte. D\u00fcnne \u00c4ste und Zweige werden leicht und sauber gehobelt.   <\/p>\n<p>Der EDER Konturhobel eignet sich sehr gut zum Entrinden oder Hobeln der Au\u00dfenkanten von Brettern oder zum Entrinden von Rubinienholz.<\/p>\n<h3>Beschreibung<\/h3>\n<p>Technische Daten<\/p>\n<ul>\n<li>Gewicht (ohne Motor) 2,75 kg<\/li>\n<li>Motorleistung min. 1,2 kW<\/li>\n<li>Arbeitsbreite 120 mm<\/li>\n<li>Klingenbreite 30 mm<\/li>\n<li>Anzahl der Klingen 4<\/li>\n<li>Max. Geschwindigkeit 13.000 \/1 min<\/li>\n<li>\u00dcbersetzungsverh\u00e4ltnis 1:1<\/li>\n<\/ul>\n<p>Geben Sie den Typ der Kettens\u00e4ge an<\/p>\n<p>Preis ohne S\u00e4ge<\/p>\n","protected":false},"excerpt":{"rendered":"<p>Mit dem EDER Konturhobel lassen sich gerade und wellige Holzfl\u00e4chen hobeln und k\u00f6nnen somit beim Bau von Holzh\u00e4usern, Kinderspielpl\u00e4tzen, Bonanza-Z\u00e4unen<\/p>\n","protected":false},"featured_media":93378,"template":"","meta":{"_seopress_robots_primary_cat":"","_seopress_titles_title":"","_seopress_titles_desc":"","_seopress_robots_index":""},"product_brand":[3417],"product_cat":[29,514,515,296,297],"product_tag":[],"class_list":{"0":"post-417218","1":"product","2":"type-product","3":"status-publish","4":"has-post-thumbnail","6":"product_brand-eder","7":"product_cat-macchinari","8":"product_cat-altri-dispositivi","9":"product_cat-accessori-e-materiale-di-consumo-altri-dispositivi","10":"product_cat-sistemi-kombi-e-multi","11":"product_cat-accessori-e-materiale-di-consumo-sistemi-kombi-e-multi","12":"sws-gruppo-macchinari-de","13":"sws-categoria-sito-de","14":"sws-conto-ricavi-merci-rivendita-abbigliamento-de","15":"sws-gruppo-iva-iva81-de","17":"first","18":"instock","19":"sale","20":"shipping-taxable","21":"purchasable","22":"product-type-simple"},"_links":{"self":[{"href":"https:\/\/lucacastelli.com\/de\/wp-json\/wp\/v2\/product\/417218","targetHints":{"allow":["GET"]}}],"collection":[{"href":"https:\/\/lucacastelli.com\/de\/wp-json\/wp\/v2\/product"}],"about":[{"href":"https:\/\/lucacastelli.com\/de\/wp-json\/wp\/v2\/types\/product"}],"wp:featuredmedia":[{"embeddable":true,"href":"https:\/\/lucacastelli.com\/de\/wp-json\/wp\/v2\/media\/93378"}],"wp:attachment":[{"href":"https:\/\/lucacastelli.com\/de\/wp-json\/wp\/v2\/media?parent=417218"}],"wp:term":[{"taxonomy":"product_brand","embeddable":true,"href":"https:\/\/lucacastelli.com\/de\/wp-json\/wp\/v2\/product_brand?post=417218"},{"taxonomy":"product_cat","embeddable":true,"href":"https:\/\/lucacastelli.com\/de\/wp-json\/wp\/v2\/product_cat?post=417218"},{"taxonomy":"product_tag","embeddable":true,"href":"https:\/\/lucacastelli.com\/de\/wp-json\/wp\/v2\/product_tag?post=417218"}],"curies":[{"name":"wp","href":"https:\/\/api.w.org\/{rel}","templated":true}]}}