{"id":417215,"date":"2025-02-20T20:59:44","date_gmt":"2025-02-20T19:59:44","guid":{"rendered":"https:\/\/lucacastelli.com\/prodotto\/eder-rundbuersteeder\/"},"modified":"2025-06-28T22:34:59","modified_gmt":"2025-06-28T20:34:59","slug":"eder-rundbuersteeder","status":"publish","type":"product","link":"https:\/\/lucacastelli.com\/de\/produkt\/eder-rundbuersteeder\/","title":{"rendered":"Eder Rundb\u00fcrsteeder"},"content":{"rendered":"<p>Die EDER-Rundb\u00fcrste eignet sich zum B\u00fcrsten von Holzoberfl\u00e4chen sowie lackierten und verrosteten Metalloberfl\u00e4chen. Das Design der B\u00fcrstenwalze erm\u00f6glicht es Ihnen, die B\u00fcrsten- und Schleifleistung mit minimalem Kraftaufwand gut zu dosieren. Die B\u00fcrstenrolle wird mit voller Kapazit\u00e4t auf die zu schleifende Oberfl\u00e4che gelegt und gleichm\u00e4\u00dfig gleiten, ohne Druck auf die zu b\u00fcrstende Oberfl\u00e4che.  <\/p>\n<h3>Beschreibung<\/h3>\n<p>Technische Daten<\/p>\n<ul>\n<li>Gewicht (ohne Motor) 2,0 kg<\/li>\n<li>Motorleistung min. 1,2 kW<\/li>\n<li>Arbeitsbreite 100 mm<\/li>\n<li>Durchmesser der B\u00fcrste 80 mm<\/li>\n<li>B\u00fcrste Durchmesser Stahl- und Messingdraht 0,3 mm<\/li>\n<li>B\u00fcrste Kunststoffdraht Durchmesser 0,6 mm,<\/li>\n<li>Max. Drehzahl 13.000 U\/min<\/li>\n<li>\u00dcbersetzungsverh\u00e4ltnis 1:1<\/li>\n<\/ul>\n<p>Bitte geben Sie den Typ der Kettens\u00e4ge an<\/p>\n<p>Preis ohne S\u00e4ge<\/p>\n","protected":false},"excerpt":{"rendered":"<p>Die EDER-Rundb\u00fcrste eignet sich zum B\u00fcrsten von Holzoberfl\u00e4chen sowie lackierten und verrosteten Metalloberfl\u00e4chen. Das Design der B\u00fcrstenwalze erm\u00f6glicht es Ihnen,<\/p>\n","protected":false},"featured_media":93417,"template":"","meta":{"_seopress_robots_primary_cat":"","_seopress_titles_title":"","_seopress_titles_desc":"","_seopress_robots_index":""},"product_brand":[3628],"product_cat":[1454,1639,169,1455,1640],"product_tag":[],"class_list":{"0":"post-417215","1":"product","2":"type-product","3":"status-publish","4":"has-post-thumbnail","6":"product_brand-eder-de","7":"product_cat-andere-gerate","8":"product_cat-kombi-und-multi-systeme","9":"product_cat-maschinen","10":"product_cat-zubehor-und-verbrauchsmaterial-de","11":"product_cat-zubehor-und-verbrauchsmaterial-de-5","12":"sws-gruppo-macchinari-de","13":"sws-categoria-sito-de","14":"sws-conto-ricavi-merci-rivendita-abbigliamento-de","15":"sws-gruppo-iva-iva81-de","17":"first","18":"instock","19":"sale","20":"shipping-taxable","21":"purchasable","22":"product-type-simple"},"_links":{"self":[{"href":"https:\/\/lucacastelli.com\/de\/wp-json\/wp\/v2\/product\/417215","targetHints":{"allow":["GET"]}}],"collection":[{"href":"https:\/\/lucacastelli.com\/de\/wp-json\/wp\/v2\/product"}],"about":[{"href":"https:\/\/lucacastelli.com\/de\/wp-json\/wp\/v2\/types\/product"}],"wp:featuredmedia":[{"embeddable":true,"href":"https:\/\/lucacastelli.com\/de\/wp-json\/wp\/v2\/media\/93417"}],"wp:attachment":[{"href":"https:\/\/lucacastelli.com\/de\/wp-json\/wp\/v2\/media?parent=417215"}],"wp:term":[{"taxonomy":"product_brand","embeddable":true,"href":"https:\/\/lucacastelli.com\/de\/wp-json\/wp\/v2\/product_brand?post=417215"},{"taxonomy":"product_cat","embeddable":true,"href":"https:\/\/lucacastelli.com\/de\/wp-json\/wp\/v2\/product_cat?post=417215"},{"taxonomy":"product_tag","embeddable":true,"href":"https:\/\/lucacastelli.com\/de\/wp-json\/wp\/v2\/product_tag?post=417215"}],"curies":[{"name":"wp","href":"https:\/\/api.w.org\/{rel}","templated":true}]}}