{"id":417212,"date":"2025-02-20T18:59:40","date_gmt":"2025-02-20T17:59:40","guid":{"rendered":"https:\/\/lucacastelli.com\/prodotto\/eder-rundhobeleder\/"},"modified":"2025-06-28T22:30:23","modified_gmt":"2025-06-28T20:30:23","slug":"eder-rundhobeleder","status":"publish","type":"product","link":"https:\/\/lucacastelli.com\/de\/produkt\/eder-rundhobeleder\/","title":{"rendered":"Eder Rundhobeleder"},"content":{"rendered":"<p>Der Kreishobel EDER ERH1 eignet sich zum Hobeln von runden Holzfl\u00e4chen bis zu einem Durchmesser von 30 cm. Die Konstruktion der Hobelwalze mit ihren schr\u00e4gen Messern sorgt f\u00fcr eine hohe Abtragsleistung bei minimalem Kraftaufwand. Der Hobelkopf wird auf der gebogenen F\u00fchrungsplatte positioniert und oszillierend um die Drehachse der Walze montiert.  <\/p>\n<p>Die an der Hobelwalze angebrachten Messer sind stufenlos verstellbar, wodurch eine Spanst\u00e4rke von bis zu 1 mm erreicht werden kann.<\/p>\n<h3>Beschreibung<\/h3>\n<p>Technische Daten<\/p>\n<ul>\n<li>Gewicht (ohne Motor) 2,5 kg<\/li>\n<li>Motorleistung min. 1,2 kW<\/li>\n<li>Arbeitsbreite 80 mm<\/li>\n<li>Klingenbreite 30 mm<\/li>\n<li>Anzahl der Klingen 6<\/li>\n<li>Max. Drehzahl 13.000 1\/min<\/li>\n<li>\u00dcbersetzungsverh\u00e4ltnis 1:1<\/li>\n<\/ul>\n<p>Bitte geben Sie den Typ der Kettens\u00e4ge an<\/p>\n<p>Preis ohne Kettens\u00e4ge<\/p>\n","protected":false},"excerpt":{"rendered":"<p>Der Kreishobel EDER ERH1 eignet sich zum Hobeln von runden Holzfl\u00e4chen bis zu einem Durchmesser von 30 cm. Die Konstruktion<\/p>\n","protected":false},"featured_media":93221,"template":"","meta":{"_seopress_robots_primary_cat":"","_seopress_titles_title":"","_seopress_titles_desc":"","_seopress_robots_index":""},"product_brand":[3628],"product_cat":[1454,1639,169,1455,1640],"product_tag":[],"class_list":{"0":"post-417212","1":"product","2":"type-product","3":"status-publish","4":"has-post-thumbnail","6":"product_brand-eder-de","7":"product_cat-andere-gerate","8":"product_cat-kombi-und-multi-systeme","9":"product_cat-maschinen","10":"product_cat-zubehor-und-verbrauchsmaterial-de","11":"product_cat-zubehor-und-verbrauchsmaterial-de-5","12":"sws-gruppo-no-gruppo","13":"sws-categoria-sito","14":"sws-conto-ricavi-merci-rivendita-abbigliamento","15":"sws-gruppo-iva-iva81","17":"first","18":"instock","19":"sale","20":"shipping-taxable","21":"purchasable","22":"product-type-simple"},"_links":{"self":[{"href":"https:\/\/lucacastelli.com\/de\/wp-json\/wp\/v2\/product\/417212","targetHints":{"allow":["GET"]}}],"collection":[{"href":"https:\/\/lucacastelli.com\/de\/wp-json\/wp\/v2\/product"}],"about":[{"href":"https:\/\/lucacastelli.com\/de\/wp-json\/wp\/v2\/types\/product"}],"wp:featuredmedia":[{"embeddable":true,"href":"https:\/\/lucacastelli.com\/de\/wp-json\/wp\/v2\/media\/93221"}],"wp:attachment":[{"href":"https:\/\/lucacastelli.com\/de\/wp-json\/wp\/v2\/media?parent=417212"}],"wp:term":[{"taxonomy":"product_brand","embeddable":true,"href":"https:\/\/lucacastelli.com\/de\/wp-json\/wp\/v2\/product_brand?post=417212"},{"taxonomy":"product_cat","embeddable":true,"href":"https:\/\/lucacastelli.com\/de\/wp-json\/wp\/v2\/product_cat?post=417212"},{"taxonomy":"product_tag","embeddable":true,"href":"https:\/\/lucacastelli.com\/de\/wp-json\/wp\/v2\/product_tag?post=417212"}],"curies":[{"name":"wp","href":"https:\/\/api.w.org\/{rel}","templated":true}]}}