{"id":417203,"date":"2025-02-24T19:38:23","date_gmt":"2025-02-24T18:38:23","guid":{"rendered":"https:\/\/lucacastelli.com\/prodotto\/spillseilwinde-eder-winde-400eder\/"},"modified":"2025-06-28T22:34:34","modified_gmt":"2025-06-28T20:34:34","slug":"spillseilwinde-eder-winde-400eder","status":"publish","type":"product","link":"https:\/\/lucacastelli.com\/de\/produkt\/spillseilwinde-eder-winde-400eder\/","title":{"rendered":"Spillseilwinde EDER Winde 400eder"},"content":{"rendered":"<p>Bei der EDER Winch 400 Festmacherwinde stand die Zuggeschwindigkeit an erster Stelle, sie ist ein echter Sprinter. Er \u00fcberzeugt durch sein geringes Gewicht und seine hohe Geschwindigkeit zu einem g\u00fcnstigen Preis. Angetrieben wird er von einem leistungsstarken 2-Takt-Motor, der in jeder Position laufen kann. Um die Windentrommel kann ein Abschleppseil aus Kunststoff in unbegrenzter L\u00e4nge gewickelt werden, danach kann das Seil sofort in der praktischen Transporttasche verstaut werden.   <\/p>\n<p>Hohe Sicherheit dank der Seilbremse! Sobald der Bediener das Seil losl\u00e4sst, stoppt die Winde und das Seil rastet in die Bremse ein. So wird ein ungewolltes Zur\u00fcckrutschen der Last verhindert und kann gezielt gel\u00f6st werden.  <\/p>\n<p>400 kg Zugkraft bei Direktzug; Zuggeschwindigkeit 42 m\/min<\/p>\n<p>Gewicht: 12 kg<\/p>\n<h3>Beschreibung<\/h3>\n<p>Bei der EDER Winch 400 Seilwinde stand die Zuggeschwindigkeit an oberster Stelle, sie ist ein echter Sprinter.<\/p>\n","protected":false},"excerpt":{"rendered":"<p>Bei der EDER Winch 400 Festmacherwinde stand die Zuggeschwindigkeit an erster Stelle, sie ist ein echter Sprinter. Er \u00fcberzeugt durch<\/p>\n","protected":false},"featured_media":102769,"template":"","meta":{"_seopress_robots_primary_cat":"","_seopress_titles_title":"","_seopress_titles_desc":"","_seopress_robots_index":""},"product_brand":[3417],"product_cat":[29,268,297],"product_tag":[],"class_list":{"0":"post-417203","1":"product","2":"type-product","3":"status-publish","4":"has-post-thumbnail","6":"product_brand-eder","7":"product_cat-macchinari","8":"product_cat-motoseghe","9":"product_cat-accessori-e-materiale-di-consumo-sistemi-kombi-e-multi","10":"sws-gruppo-abb-libero","11":"sws-gruppo-no-gruppo","12":"sws-categoria-sito","13":"sws-conto-ricavi-merci-rivendita-abbigliamento","14":"sws-conto-ricavi-merci-rivendita-macchinari","15":"sws-gruppo-iva-iva81","17":"first","18":"instock","19":"sale","20":"shipping-taxable","21":"purchasable","22":"product-type-simple"},"_links":{"self":[{"href":"https:\/\/lucacastelli.com\/de\/wp-json\/wp\/v2\/product\/417203","targetHints":{"allow":["GET"]}}],"collection":[{"href":"https:\/\/lucacastelli.com\/de\/wp-json\/wp\/v2\/product"}],"about":[{"href":"https:\/\/lucacastelli.com\/de\/wp-json\/wp\/v2\/types\/product"}],"wp:featuredmedia":[{"embeddable":true,"href":"https:\/\/lucacastelli.com\/de\/wp-json\/wp\/v2\/media\/102769"}],"wp:attachment":[{"href":"https:\/\/lucacastelli.com\/de\/wp-json\/wp\/v2\/media?parent=417203"}],"wp:term":[{"taxonomy":"product_brand","embeddable":true,"href":"https:\/\/lucacastelli.com\/de\/wp-json\/wp\/v2\/product_brand?post=417203"},{"taxonomy":"product_cat","embeddable":true,"href":"https:\/\/lucacastelli.com\/de\/wp-json\/wp\/v2\/product_cat?post=417203"},{"taxonomy":"product_tag","embeddable":true,"href":"https:\/\/lucacastelli.com\/de\/wp-json\/wp\/v2\/product_tag?post=417203"}],"curies":[{"name":"wp","href":"https:\/\/api.w.org\/{rel}","templated":true}]}}