{"id":417197,"date":"2025-02-24T14:56:25","date_gmt":"2025-02-24T13:56:25","guid":{"rendered":"https:\/\/lucacastelli.com\/prodotto\/spillseilwinde-eder-winde-1800eder\/"},"modified":"2025-06-28T22:34:18","modified_gmt":"2025-06-28T20:34:18","slug":"spillseilwinde-eder-winde-1800eder","status":"publish","type":"product","link":"https:\/\/lucacastelli.com\/de\/produkt\/spillseilwinde-eder-winde-1800eder\/","title":{"rendered":"Spillseilwinde EDER Winde 1800eder"},"content":{"rendered":"<p>Die Seilwinde EDER 1800 besticht durch ihr geringes Gewicht und ihre hohe Zugkraft. Die Seilwinde kann bis zum 125-fachen ihres Eigengewichts ziehen und kann in jeder Position eingesetzt werden. <\/p>\n<p>Es wird ein leichtes Kunststoffseil beliebiger L\u00e4nge verwendet. Das Seil mit einem Durchmesser von ca. 13 mm wird auf die Windentrommel aufgewickelt und verl\u00e4uft durch diese hindurch. Das Seil kann einfach in einer Tasche transportiert werden. Sobald der Benutzer das Seil losl\u00e4sst, stoppt die Trommel und das Seil rastet in die Bremse ein. Dadurch wird ein ungewolltes Zur\u00fcckrutschen der Last verhindert, die dank einer Vorrichtung auch gel\u00f6st werden kann.    <\/p>\n<p>Das Kraft-Drehzahl-Verh\u00e4ltnis kann \u00fcber das Getriebe eingestellt werden.<\/p>\n<p>1. Gang: 1800 kg Zugkraft bei 12 m\/min<\/p>\n<p>2. Gang: 900 kg Zugkraft bei 24 m\/min<\/p>\n<p>Daraus ergibt sich eine maximale Zugkraft von 1800 kg. Mit Umlenkrolle sogar 3600 kg <\/p>\n<p>Gewicht: 14 kg<\/p>\n<p>Motor: 2-Takt 50ccm<\/p>\n<p>Anwendungsgebiete:<\/p>\n<p>\u2013Forstwirtschaft<\/p>\n<p>\u2013Retten<\/p>\n<p>\u2013Jagd<\/p>\n<p>\u2013Geb\u00e4ude<\/p>\n<p>\u2013 Feuerwehr, Zivilschutz und Armee<\/p>\n<p>\u2013 Humanit\u00e4re Organisationen<\/p>\n<p>&nbsp;<\/p>\n<p>&nbsp;<\/p>\n<p>&nbsp;<\/p>\n<h3>Beschreibung<\/h3>\n<p>Die EDER Spillseilwinde 1800 Windle \u00fcberzeugt durch ihr geringes Gewicht und ihre gro\u00dfe Zugkraft. 1800 kg Zugkraft bei einem Eigengewicht von nur 14 kg. <\/p>\n","protected":false},"excerpt":{"rendered":"<p>Die Seilwinde EDER 1800 besticht durch ihr geringes Gewicht und ihre hohe Zugkraft. Die Seilwinde kann bis zum 125-fachen ihres<\/p>\n","protected":false},"featured_media":102714,"template":"","meta":{"_seopress_robots_primary_cat":"","_seopress_titles_title":"","_seopress_titles_desc":"","_seopress_robots_index":""},"product_brand":[3417],"product_cat":[29,268,297],"product_tag":[],"class_list":{"0":"post-417197","1":"product","2":"type-product","3":"status-publish","4":"has-post-thumbnail","6":"product_brand-eder","7":"product_cat-macchinari","8":"product_cat-motoseghe","9":"product_cat-accessori-e-materiale-di-consumo-sistemi-kombi-e-multi","10":"sws-gruppo-macchinari-de","11":"sws-categoria-sito-de","12":"sws-conto-ricavi-merci-rivendita-macchinari-de","13":"sws-gruppo-iva-iva81-de","15":"first","16":"instock","17":"sale","18":"shipping-taxable","19":"purchasable","20":"product-type-simple"},"_links":{"self":[{"href":"https:\/\/lucacastelli.com\/de\/wp-json\/wp\/v2\/product\/417197","targetHints":{"allow":["GET"]}}],"collection":[{"href":"https:\/\/lucacastelli.com\/de\/wp-json\/wp\/v2\/product"}],"about":[{"href":"https:\/\/lucacastelli.com\/de\/wp-json\/wp\/v2\/types\/product"}],"wp:featuredmedia":[{"embeddable":true,"href":"https:\/\/lucacastelli.com\/de\/wp-json\/wp\/v2\/media\/102714"}],"wp:attachment":[{"href":"https:\/\/lucacastelli.com\/de\/wp-json\/wp\/v2\/media?parent=417197"}],"wp:term":[{"taxonomy":"product_brand","embeddable":true,"href":"https:\/\/lucacastelli.com\/de\/wp-json\/wp\/v2\/product_brand?post=417197"},{"taxonomy":"product_cat","embeddable":true,"href":"https:\/\/lucacastelli.com\/de\/wp-json\/wp\/v2\/product_cat?post=417197"},{"taxonomy":"product_tag","embeddable":true,"href":"https:\/\/lucacastelli.com\/de\/wp-json\/wp\/v2\/product_tag?post=417197"}],"curies":[{"name":"wp","href":"https:\/\/api.w.org\/{rel}","templated":true}]}}