{"id":417160,"date":"2022-09-05T12:21:55","date_gmt":"2022-09-05T10:21:55","guid":{"rendered":"https:\/\/lucacastelli.com\/prodotto\/helly-hansen-w-mayen-parka\/"},"modified":"2026-04-01T01:51:31","modified_gmt":"2026-03-31T23:51:31","slug":"helly-hansen-w-mayen-parka","status":"publish","type":"product","link":"https:\/\/lucacastelli.com\/de\/produkt\/helly-hansen-w-mayen-parka\/","title":{"rendered":"HELLY HANSEN W MAYEN PARKA"},"content":{"rendered":"<p>Wasserdichter Damen-Parka im Daunenstil mit verstellbarer Taille und mit Fleece gef\u00fcllter Kapuze<\/p>\n<p>Mayen h\u00e4lt Sie warm und trocken, ohne dabei auf Stil zu verzichten. Er ist ein perfekter Parka f\u00fcr den Stadtalltag in der Wintersaison. Wir haben die HELLY TECH Protection-Technologie\u00ae verwendet, um es wasserdicht, atmungsaktiv und winddicht zu machen. Er ist mit dem sehr leichten und sehr warmen PrimaLoft\u00ae gepolstert. Die Kapuze ist mit weichem Fleece gef\u00fcttert.    <\/p>\n<p>Fasergehalt: Au\u00dfenmaterial: 100% Polyester. Fell: 85% Acryl, 15% Polyester. Futter: 100% Polyamid. Isolierung: 80% Polyester (recycelt), 20% Polyester<\/p>\n<p>Pflegehinweis: Keinen Weichsp\u00fcler verwenden. Entfernen Sie vor dem Waschen alle losen Elemente. Trocknen Sie das Kleidungsst\u00fcck im Trockner, um die wasserabweisende Behandlung zu reaktivieren. Mit \u00e4hnlichen Farben waschen   <\/p>\n<p>Gewicht: 1160g<\/p>\n","protected":false},"excerpt":{"rendered":"<p>Wasserdichter Damen-Parka im Daunenstil mit verstellbarer Taille und mit Fleece gef\u00fcllter Kapuze Mayen h\u00e4lt Sie warm und trocken, ohne dabei<\/p>\n","protected":false},"featured_media":98239,"template":"","meta":{"_seopress_robots_primary_cat":"none","_seopress_titles_title":"","_seopress_titles_desc":"","_seopress_robots_index":""},"product_brand":[3645],"product_cat":[1388,974,82],"product_tag":[],"class_list":{"0":"post-417160","1":"product","2":"type-product","3":"status-publish","4":"has-post-thumbnail","6":"product_brand-helly-hansen-de","7":"product_cat-damenbekleidung","8":"product_cat-freizeitkleidung","9":"product_cat-kleidung","11":"first","12":"instock","13":"shipping-taxable","14":"purchasable","15":"product-type-variable"},"_links":{"self":[{"href":"https:\/\/lucacastelli.com\/de\/wp-json\/wp\/v2\/product\/417160","targetHints":{"allow":["GET"]}}],"collection":[{"href":"https:\/\/lucacastelli.com\/de\/wp-json\/wp\/v2\/product"}],"about":[{"href":"https:\/\/lucacastelli.com\/de\/wp-json\/wp\/v2\/types\/product"}],"wp:featuredmedia":[{"embeddable":true,"href":"https:\/\/lucacastelli.com\/de\/wp-json\/wp\/v2\/media\/98239"}],"wp:attachment":[{"href":"https:\/\/lucacastelli.com\/de\/wp-json\/wp\/v2\/media?parent=417160"}],"wp:term":[{"taxonomy":"product_brand","embeddable":true,"href":"https:\/\/lucacastelli.com\/de\/wp-json\/wp\/v2\/product_brand?post=417160"},{"taxonomy":"product_cat","embeddable":true,"href":"https:\/\/lucacastelli.com\/de\/wp-json\/wp\/v2\/product_cat?post=417160"},{"taxonomy":"product_tag","embeddable":true,"href":"https:\/\/lucacastelli.com\/de\/wp-json\/wp\/v2\/product_tag?post=417160"}],"curies":[{"name":"wp","href":"https:\/\/api.w.org\/{rel}","templated":true}]}}