{"id":417150,"date":"2022-09-05T12:15:49","date_gmt":"2022-09-05T10:15:49","guid":{"rendered":"https:\/\/lucacastelli.com\/prodotto\/helly-hansen-w-all-mountain-handschuh\/"},"modified":"2025-06-29T09:48:01","modified_gmt":"2025-06-29T07:48:01","slug":"helly-hansen-w-all-mountain-handschuh","status":"publish","type":"product","link":"https:\/\/lucacastelli.com\/de\/produkt\/helly-hansen-w-all-mountain-handschuh\/","title":{"rendered":"HELLY HANSEN W ALL MOUNTAIN HANDSCHUH"},"content":{"rendered":"<p>Geschaffen f\u00fcr alle, die die Berge intensiv erleben, f\u00fcr die Arbeit oder in der Freizeit<\/p>\n<p>Diese Kombination aus hochwertigen Materialien sorgt f\u00fcr eine l\u00e4ngere Lebensdauer und sch\u00fctzt gleichzeitig vor den Elementen der Natur.<\/p>\n<p>Fasergehalt: Obermaterial: 100% Leder<\/p>\n<p>Pflegehinweis: Enth\u00e4lt nichttextile Teile tierischen Ursprungs. Nicht untertauchen. Verwenden Sie ein mildes Reinigungsmittel  <\/p>\n","protected":false},"excerpt":{"rendered":"<p>Geschaffen f\u00fcr alle, die die Berge intensiv erleben, f\u00fcr die Arbeit oder in der Freizeit Diese Kombination aus hochwertigen Materialien<\/p>\n","protected":false},"featured_media":98215,"template":"","meta":{"_seopress_robots_primary_cat":"","_seopress_titles_title":"","_seopress_titles_desc":"","_seopress_robots_index":""},"product_brand":[3645],"product_cat":[1388,974,82],"product_tag":[],"class_list":{"0":"post-417150","1":"product","2":"type-product","3":"status-publish","4":"has-post-thumbnail","6":"product_brand-helly-hansen-de","7":"product_cat-damenbekleidung","8":"product_cat-freizeitkleidung","9":"product_cat-kleidung","11":"first","12":"instock","13":"shipping-taxable","14":"purchasable","15":"product-type-variable"},"_links":{"self":[{"href":"https:\/\/lucacastelli.com\/de\/wp-json\/wp\/v2\/product\/417150","targetHints":{"allow":["GET"]}}],"collection":[{"href":"https:\/\/lucacastelli.com\/de\/wp-json\/wp\/v2\/product"}],"about":[{"href":"https:\/\/lucacastelli.com\/de\/wp-json\/wp\/v2\/types\/product"}],"wp:featuredmedia":[{"embeddable":true,"href":"https:\/\/lucacastelli.com\/de\/wp-json\/wp\/v2\/media\/98215"}],"wp:attachment":[{"href":"https:\/\/lucacastelli.com\/de\/wp-json\/wp\/v2\/media?parent=417150"}],"wp:term":[{"taxonomy":"product_brand","embeddable":true,"href":"https:\/\/lucacastelli.com\/de\/wp-json\/wp\/v2\/product_brand?post=417150"},{"taxonomy":"product_cat","embeddable":true,"href":"https:\/\/lucacastelli.com\/de\/wp-json\/wp\/v2\/product_cat?post=417150"},{"taxonomy":"product_tag","embeddable":true,"href":"https:\/\/lucacastelli.com\/de\/wp-json\/wp\/v2\/product_tag?post=417150"}],"curies":[{"name":"wp","href":"https:\/\/api.w.org\/{rel}","templated":true}]}}