{"id":417123,"date":"2022-07-07T08:25:46","date_gmt":"2022-07-07T06:25:46","guid":{"rendered":"https:\/\/lucacastelli.com\/prodotto\/helly-hansen-chelsea-evo-boa-wide-mid\/"},"modified":"2025-08-12T18:10:41","modified_gmt":"2025-08-12T16:10:41","slug":"helly-hansen-chelsea-evo-boa-wide-mid","status":"publish","type":"product","link":"https:\/\/lucacastelli.com\/de\/produkt\/helly-hansen-chelsea-evo-boa-wide-mid\/","title":{"rendered":"HELLY HANSEN CHELSEA EVO BOA WIDE MID"},"content":{"rendered":"<p>Dieses locker geschnittene Modell ist die perfekte Erg\u00e4nzung zu unserer Chelsea Evolution-Kollektion. Der au\u00dfergew\u00f6hnliche Komfort wird jetzt auch auf nasse Bedingungen ausgeweitet, da dieses Modell mit einer Helly Tech-Membran\u00ae ausgestattet ist. Mit dem BOA-Verschlusssystem\u00ae k\u00f6nnen Sie Ihre Schuhe m\u00fchelos an- und ausziehen.  <\/p>\n<p>Helly Tech\u00ae<br \/>\nwasserdichte Membran Vorgeformte<br \/>\nTPU-Zehenkappe Vorgeformte<br \/>\nFersenabdeckung BOA\u00ae Fit-System \u2013 M4<br \/>\nAtmungsaktives Airmesh-Futter mit Feuchtigkeitsregulierung<br \/>\nSicherheitskappe aus Verbundwerkstoff Zehenschutzkappe aus Nichtmetallischem<br \/>\nSchutz gegen das Eindringen von Spikes<\/p>\n","protected":false},"excerpt":{"rendered":"<p>Dieses locker geschnittene Modell ist die perfekte Erg\u00e4nzung zu unserer Chelsea Evolution-Kollektion. Der au\u00dfergew\u00f6hnliche Komfort wird jetzt auch auf nasse<\/p>\n","protected":false},"featured_media":74824,"template":"","meta":{"_seopress_robots_primary_cat":"","_seopress_titles_title":"","_seopress_titles_desc":"","_seopress_robots_index":""},"product_brand":[4686],"product_cat":[1424,175],"product_tag":[],"class_list":{"0":"post-417123","1":"product","2":"type-product","3":"status-publish","4":"has-post-thumbnail","6":"product_brand-helly-hansen-workwear-de","7":"product_cat-arbeitsschuhe","8":"product_cat-schuhe","9":"sws-gruppo-abb-libero-fr","10":"sws-conto-ricavi-merci-rivendita-abbigliamento","11":"sws-gruppo-iva-iva81","13":"first","14":"instock","15":"shipping-taxable","16":"purchasable","17":"product-type-variable"},"_links":{"self":[{"href":"https:\/\/lucacastelli.com\/de\/wp-json\/wp\/v2\/product\/417123","targetHints":{"allow":["GET"]}}],"collection":[{"href":"https:\/\/lucacastelli.com\/de\/wp-json\/wp\/v2\/product"}],"about":[{"href":"https:\/\/lucacastelli.com\/de\/wp-json\/wp\/v2\/types\/product"}],"wp:featuredmedia":[{"embeddable":true,"href":"https:\/\/lucacastelli.com\/de\/wp-json\/wp\/v2\/media\/74824"}],"wp:attachment":[{"href":"https:\/\/lucacastelli.com\/de\/wp-json\/wp\/v2\/media?parent=417123"}],"wp:term":[{"taxonomy":"product_brand","embeddable":true,"href":"https:\/\/lucacastelli.com\/de\/wp-json\/wp\/v2\/product_brand?post=417123"},{"taxonomy":"product_cat","embeddable":true,"href":"https:\/\/lucacastelli.com\/de\/wp-json\/wp\/v2\/product_cat?post=417123"},{"taxonomy":"product_tag","embeddable":true,"href":"https:\/\/lucacastelli.com\/de\/wp-json\/wp\/v2\/product_tag?post=417123"}],"curies":[{"name":"wp","href":"https:\/\/api.w.org\/{rel}","templated":true}]}}