{"id":416980,"date":"2022-07-07T07:48:06","date_gmt":"2022-07-07T05:48:06","guid":{"rendered":"https:\/\/lucacastelli.com\/prodotto\/helly-hansen-kensington-t-shirt\/"},"modified":"2025-08-12T14:44:47","modified_gmt":"2025-08-12T12:44:47","slug":"helly-hansen-kensington-t-shirt","status":"publish","type":"product","link":"https:\/\/lucacastelli.com\/de\/produkt\/helly-hansen-kensington-t-shirt\/","title":{"rendered":"HELLY HANSEN KENSINGTON T-SHIRT"},"content":{"rendered":"<p>Wenn es um Komfort geht, geht nichts \u00fcber die Kensington-Kollektion. Die Kombination aus Baumwolle und Elasthan sorgt f\u00fcr ganzt\u00e4gigen Komfort unter allen Umst\u00e4nden<br \/>\nFasergehalt:<br \/>\nHauptmaterial: 92% Baumwolle, 8% Elasthan &#8211; 220 g\/m\u00b2. Hauptmaterial Grau M\u00e9lange: 47% Baumwolle, 45% Polyester, 8% Elasthan &#8211; 220 g\/m\u00b2  <\/p>\n<p>Pflegehinweis:<br \/>\nMaschinenw\u00e4sche in lauwarmem Wasser &#8211; 40\u00b0C, Nicht bleichen, Nicht im Trockner trocknen, Bei schwacher Hitze b\u00fcgeln, Nicht chemisch reinigen<\/p>\n","protected":false},"excerpt":{"rendered":"<p>Wenn es um Komfort geht, geht nichts \u00fcber die Kensington-Kollektion. Die Kombination aus Baumwolle und Elasthan sorgt f\u00fcr ganzt\u00e4gigen Komfort<\/p>\n","protected":false},"featured_media":41749,"template":"","meta":{"_seopress_robots_primary_cat":"","_seopress_titles_title":"","_seopress_titles_desc":"","_seopress_robots_index":""},"product_brand":[4686],"product_cat":[82,1382],"product_tag":[],"class_list":{"0":"post-416980","1":"product","2":"type-product","3":"status-publish","4":"has-post-thumbnail","6":"product_brand-helly-hansen-workwear-de","7":"product_cat-kleidung","8":"product_cat-arbeitskleidung","9":"sws-gruppo-abb-libero-de","10":"sws-conto-ricavi-merci-rivendita-abbigliamento-de","11":"sws-gruppo-iva-iva81-de","13":"first","14":"instock","15":"shipping-taxable","16":"purchasable","17":"product-type-variable"},"_links":{"self":[{"href":"https:\/\/lucacastelli.com\/de\/wp-json\/wp\/v2\/product\/416980","targetHints":{"allow":["GET"]}}],"collection":[{"href":"https:\/\/lucacastelli.com\/de\/wp-json\/wp\/v2\/product"}],"about":[{"href":"https:\/\/lucacastelli.com\/de\/wp-json\/wp\/v2\/types\/product"}],"wp:featuredmedia":[{"embeddable":true,"href":"https:\/\/lucacastelli.com\/de\/wp-json\/wp\/v2\/media\/41749"}],"wp:attachment":[{"href":"https:\/\/lucacastelli.com\/de\/wp-json\/wp\/v2\/media?parent=416980"}],"wp:term":[{"taxonomy":"product_brand","embeddable":true,"href":"https:\/\/lucacastelli.com\/de\/wp-json\/wp\/v2\/product_brand?post=416980"},{"taxonomy":"product_cat","embeddable":true,"href":"https:\/\/lucacastelli.com\/de\/wp-json\/wp\/v2\/product_cat?post=416980"},{"taxonomy":"product_tag","embeddable":true,"href":"https:\/\/lucacastelli.com\/de\/wp-json\/wp\/v2\/product_tag?post=416980"}],"curies":[{"name":"wp","href":"https:\/\/api.w.org\/{rel}","templated":true}]}}