{"id":416913,"date":"2022-07-06T12:05:38","date_gmt":"2022-07-06T10:05:38","guid":{"rendered":"https:\/\/lucacastelli.com\/prodotto\/helly-hansen-icu-softshelljacke\/"},"modified":"2025-08-12T14:44:18","modified_gmt":"2025-08-12T12:44:18","slug":"helly-hansen-icu-softshelljacke","status":"publish","type":"product","link":"https:\/\/lucacastelli.com\/de\/produkt\/helly-hansen-icu-softshelljacke\/","title":{"rendered":"HELLY HANSEN ICU SOFTSHELLJACKE"},"content":{"rendered":"<p>Beschreibung<\/p>\n<p>Unsere ICU Softshelljacke mit kompromisslosem Komfort und unschlagbarer Bewegungsfreiheit.<\/p>\n<p>Material<\/p>\n<p>Hauptmaterial: 100% Polyester &#8211; 325 g\/m<\/p>\n<p>WashCare (Englisch)<\/p>\n<p>Maschinenw\u00e4sche in lauwarmem Wasser &#8211; 40\u00b0C max 20x, Nicht bleichen, Nicht trocknen, Nicht b\u00fcgeln, Nicht chemisch reinigen<\/p>\n<p>Eigenschaften<\/p>\n<p>Verstellbare<br \/>\n\u00c4rmelb\u00fcndchen Verstellbarer Saum mit elastischem<br \/>\nKordelzug Vorgeformte \u00c4rmel f\u00fcr optimale<br \/>\nBewegungsfreiheit Innenkragen aus geb\u00fcrstetem<br \/>\nPolyester YKK-Brusttasche<br \/>\nmit Rei\u00dfverschluss Abnehmbare \u00c4rmel mit Rei\u00dfverschl\u00fcssen YKK<br \/>\nEN ISO 20471:2013 Klasse 2: Gr\u00f6\u00dfe S<br \/>\nEN ISO 20471:2013 \u00e4rmellos Klasse 1: Gr\u00f6\u00dfe S<br \/>\nEN ISO 20471:2013 \u00e4rmellos Klasse 2: Gr\u00f6\u00dfe M -&gt;<br \/>\nVerl\u00e4ngerter R\u00fccken f\u00fcr zus\u00e4tzlichen Komfort<br \/>\nEinschubtaschen mit geb\u00fcrstetem<br \/>\nInnenfutter YKK-Rei\u00dfverschlusstaschen<br \/>\nf\u00fcr die H\u00e4nde Ausweisschlaufe<br \/>\nSoftshell-Gewebe mit Membran und DWR<br \/>\nYKK-Frontrei\u00dfverschluss\u00ae mit Kinnschutz<br \/>\nEN ISO 20471:2013 Klasse 3: Gr\u00f6\u00dfe M -&gt;<\/p>\n","protected":false},"excerpt":{"rendered":"<p>Beschreibung Unsere ICU Softshelljacke mit kompromisslosem Komfort und unschlagbarer Bewegungsfreiheit. Material Hauptmaterial: 100% Polyester &#8211; 325 g\/m WashCare (Englisch) Maschinenw\u00e4sche<\/p>\n","protected":false},"featured_media":41188,"template":"","meta":{"_seopress_robots_primary_cat":"","_seopress_titles_title":"","_seopress_titles_desc":"","_seopress_robots_index":""},"product_brand":[4686],"product_cat":[82,1382],"product_tag":[],"class_list":{"0":"post-416913","1":"product","2":"type-product","3":"status-publish","4":"has-post-thumbnail","6":"product_brand-helly-hansen-workwear-de","7":"product_cat-kleidung","8":"product_cat-arbeitskleidung","9":"sws-gruppo-abb-libero-de","10":"sws-conto-ricavi-merci-rivendita-abbigliamento-de","11":"sws-gruppo-iva-iva81-de","13":"first","14":"instock","15":"shipping-taxable","16":"purchasable","17":"product-type-variable"},"_links":{"self":[{"href":"https:\/\/lucacastelli.com\/de\/wp-json\/wp\/v2\/product\/416913","targetHints":{"allow":["GET"]}}],"collection":[{"href":"https:\/\/lucacastelli.com\/de\/wp-json\/wp\/v2\/product"}],"about":[{"href":"https:\/\/lucacastelli.com\/de\/wp-json\/wp\/v2\/types\/product"}],"wp:featuredmedia":[{"embeddable":true,"href":"https:\/\/lucacastelli.com\/de\/wp-json\/wp\/v2\/media\/41188"}],"wp:attachment":[{"href":"https:\/\/lucacastelli.com\/de\/wp-json\/wp\/v2\/media?parent=416913"}],"wp:term":[{"taxonomy":"product_brand","embeddable":true,"href":"https:\/\/lucacastelli.com\/de\/wp-json\/wp\/v2\/product_brand?post=416913"},{"taxonomy":"product_cat","embeddable":true,"href":"https:\/\/lucacastelli.com\/de\/wp-json\/wp\/v2\/product_cat?post=416913"},{"taxonomy":"product_tag","embeddable":true,"href":"https:\/\/lucacastelli.com\/de\/wp-json\/wp\/v2\/product_tag?post=416913"}],"curies":[{"name":"wp","href":"https:\/\/api.w.org\/{rel}","templated":true}]}}