{"id":416824,"date":"2022-06-14T03:31:49","date_gmt":"2022-06-14T01:31:49","guid":{"rendered":"https:\/\/lucacastelli.com\/prodotto\/helly-hansen-alna-2-0-winterjacke\/"},"modified":"2025-08-12T14:44:19","modified_gmt":"2025-08-12T12:44:19","slug":"helly-hansen-alna-2-0-winterjacke","status":"publish","type":"product","link":"https:\/\/lucacastelli.com\/de\/produkt\/helly-hansen-alna-2-0-winterjacke\/","title":{"rendered":"HELLY HANSEN ALNA 2.0 WINTERJACKE"},"content":{"rendered":"<p>Beschreibung  <\/p>\n<p>Die Alna 2.0 Winterjacke ist strapazierf\u00e4hig, sichtbar und stylisch. Mit W\u00e4rme\u00fcbertragungsreflektoren, hervorragender Passform und Life-Pocket-Technologie, um pers\u00f6nliche Elektronik l\u00e4nger am Leben zu erhalten, ist diese Jacke eine gro\u00dfartige Wahl, um auch in den kalten, dunklen Wintertagen warm und sicher zu bleiben.   <\/p>\n<p>Material  <\/p>\n<p>Hauptgewebe: 100% Polyester &#8211; 215 g\/m\u00b2 ! Sekund\u00e4res Hauptgewebe: 100% Polyamid &#8211; 235 g\/m\u00b2 ! Futter: 100% Polyamid! Isolierung: 80 % recyceltes Polyester, 20 % Polyester &#8211; 133 g\/m\u00b2 am Rumpf, 80 g\/m\u00b2 an \u00c4rmeln und Kapuze   <\/p>\n<p>Funktionen  <\/p>\n<p>Verstellbare \u00c4rmelb\u00fcndchen<br \/>\nVerstellbarer Saum mit elastischem Kordelzug in der Einschubtasche<br \/>\nLuftdurchl\u00e4ssigkeit Klasse 3<br \/>\nVorgeformte \u00c4rmel f\u00fcr optimale Bewegungsfreiheit<br \/>\nInnenkragen aus geb\u00fcrstetem Polyester<br \/>\nBrusttasche mit YKK-Rei\u00dfverschluss<br \/>\nAbnehmbare Kapuze<br \/>\nRei\u00dfverschluss zur Verzierung<br \/>\nEN 342:2017 0,324 m\u00b2K\/B(B) (2,09 clo)<br \/>\nEN 343:2019 4.1<br \/>\nEN ISO 2047:20131 Klasse 2: Gr\u00f6\u00dfen XS &#8211; S<br \/>\nVerl\u00e4ngerter R\u00fccken f\u00fcr zus\u00e4tzlichen Komfort<br \/>\nVollst\u00e4ndig verklebte Konstruktion<br \/>\nEinschubtaschen mit geb\u00fcrstetem Innenfutter<br \/>\nYKK-Rei\u00dfverschlusstaschen f\u00fcr die H\u00e4nde<br \/>\nHelmtaugliche Kapuze<br \/>\nSchlaufe f\u00fcr den Ausweis<br \/>\nTaillentasche<br \/>\nLife Pocket\u2122 f\u00fcr Tablets<br \/>\nKeine Schultern\u00e4hte<br \/>\nGepolsterter Kragen f\u00fcr zus\u00e4tzlichen Komfort<br \/>\nYKK Tablet-Tasche mit Rei\u00dfverschluss<br \/>\nVertikale und horizontale Kappenverstellung<br \/>\nHandgelenk-Gamaschen<br \/>\nYKK-Frontrei\u00dfverschluss\u00ae mit Kinnschutz<br \/>\nYKK-Rei\u00dfverschluss\u00ae f\u00fcr Bel\u00fcftung unter den Armen<br \/>\nEN ISO 20471:2013 Klasse 3: Gr\u00f6\u00dfe M -&gt;<\/p>\n","protected":false},"excerpt":{"rendered":"<p>Beschreibung Die Alna 2.0 Winterjacke ist strapazierf\u00e4hig, sichtbar und stylisch. Mit W\u00e4rme\u00fcbertragungsreflektoren, hervorragender Passform und Life-Pocket-Technologie, um pers\u00f6nliche Elektronik l\u00e4nger<\/p>\n","protected":false},"featured_media":39869,"template":"","meta":{"_seopress_robots_primary_cat":"","_seopress_titles_title":"","_seopress_titles_desc":"","_seopress_robots_index":""},"product_brand":[4686],"product_cat":[82,1382],"product_tag":[],"class_list":{"0":"post-416824","1":"product","2":"type-product","3":"status-publish","4":"has-post-thumbnail","6":"product_brand-helly-hansen-workwear-de","7":"product_cat-kleidung","8":"product_cat-arbeitskleidung","9":"sws-gruppo-abb-libero-de","10":"sws-conto-ricavi-merci-rivendita-abbigliamento-de","11":"sws-gruppo-iva-iva81-de","13":"first","14":"instock","15":"shipping-taxable","16":"purchasable","17":"product-type-variable"},"_links":{"self":[{"href":"https:\/\/lucacastelli.com\/de\/wp-json\/wp\/v2\/product\/416824","targetHints":{"allow":["GET"]}}],"collection":[{"href":"https:\/\/lucacastelli.com\/de\/wp-json\/wp\/v2\/product"}],"about":[{"href":"https:\/\/lucacastelli.com\/de\/wp-json\/wp\/v2\/types\/product"}],"wp:featuredmedia":[{"embeddable":true,"href":"https:\/\/lucacastelli.com\/de\/wp-json\/wp\/v2\/media\/39869"}],"wp:attachment":[{"href":"https:\/\/lucacastelli.com\/de\/wp-json\/wp\/v2\/media?parent=416824"}],"wp:term":[{"taxonomy":"product_brand","embeddable":true,"href":"https:\/\/lucacastelli.com\/de\/wp-json\/wp\/v2\/product_brand?post=416824"},{"taxonomy":"product_cat","embeddable":true,"href":"https:\/\/lucacastelli.com\/de\/wp-json\/wp\/v2\/product_cat?post=416824"},{"taxonomy":"product_tag","embeddable":true,"href":"https:\/\/lucacastelli.com\/de\/wp-json\/wp\/v2\/product_tag?post=416824"}],"curies":[{"name":"wp","href":"https:\/\/api.w.org\/{rel}","templated":true}]}}