{"id":416780,"date":"2023-11-21T09:22:43","date_gmt":"2023-11-21T08:22:43","guid":{"rendered":"https:\/\/lucacastelli.com\/prodotto\/helly-hansen-oxford-h-softs-jacke\/"},"modified":"2025-06-29T09:49:29","modified_gmt":"2025-06-29T07:49:29","slug":"helly-hansen-oxford-h-softs-jacke","status":"publish","type":"product","link":"https:\/\/lucacastelli.com\/de\/produkt\/helly-hansen-oxford-h-softs-jacke\/","title":{"rendered":"HELLY HANSEN OXFORD H. SOFTS JACKE"},"content":{"rendered":"<p>Es bringt den Komfort und die Wetterfestigkeit einer Softshell in die Oxford-Familie. Mit Ripstop gef\u00fctterte Schultern und eine abnehmbare Kapuze sorgen f\u00fcr zus\u00e4tzliche Strapazierf\u00e4higkeit und Schutz vor den Elementen, w\u00e4hrend der vollst\u00e4ndig elastische Softshell-Body die Atmungsaktivit\u00e4t mit einer weichen, geb\u00fcrsteten Innenseite in Einklang bringt. Extreme Flexibilit\u00e4t f\u00fcr den Einsatz als freistehendes Kleidungsst\u00fcck an kalten Morgen auf der Baustelle, mit Wind- und Wetterbest\u00e4ndigkeit, aber auch als Layering-Kleidungsst\u00fcck f\u00fcr zus\u00e4tzliche W\u00e4rme.<br \/>\nFasergehalt:<br \/>\nHauptgewebe: 100% Polyamid &#8211; 385 g\/m ! Sekund\u00e4res Hauptgewebe: 100% Polyester &#8211; 325 g\/m\u00b2   <\/p>\n<p>Pflegehinweis:<br \/>\nMaschinenw\u00e4sche in warmem Wasser bei 40\u00b0C, nicht bleichen, bei niedriger Temperatur trocknen, bei niedriger Temperatur b\u00fcgeln, nicht chemisch reinigen.<\/p>\n<p>Softshell-Stoffe mit Membran und DWR<br \/>\nNahtlos an den Schultern<br \/>\nAbnehmbare<br \/>\nKapuze Verstellbare Kapuze mit Kordelzug und Verschluss<br \/>\nInnenkragen aus geb\u00fcrstetem<br \/>\nPolyester YKK-Frontrei\u00dfverschluss\u00ae mit Kinnschutz<br \/>\nYKK-Rei\u00dfverschlusstaschen<br \/>\nf\u00fcr die H\u00e4nde Vorgeformte \u00c4rmel f\u00fcr optimale<br \/>\nBewegungsfreiheit Verstellbare<br \/>\n\u00c4rmel Verstellbarer Saum mit Kordelzug in der Einschubtasche<br \/>\nVerl\u00e4ngerter R\u00fccken f\u00fcr zus\u00e4tzlichen Komfort<br \/>\nReflektierende Details<\/p>\n","protected":false},"excerpt":{"rendered":"<p>Es bringt den Komfort und die Wetterfestigkeit einer Softshell in die Oxford-Familie. Mit Ripstop gef\u00fctterte Schultern und eine abnehmbare Kapuze<\/p>\n","protected":false},"featured_media":47478,"template":"","meta":{"_seopress_robots_primary_cat":"","_seopress_titles_title":"","_seopress_titles_desc":"","_seopress_robots_index":""},"product_brand":[3645],"product_cat":[1382,82],"product_tag":[],"class_list":{"0":"post-416780","1":"product","2":"type-product","3":"status-publish","4":"has-post-thumbnail","6":"product_brand-helly-hansen-de","7":"product_cat-arbeitskleidung","8":"product_cat-kleidung","9":"sws-gruppo-abb-libero-de","10":"sws-categoria-sito-de","11":"sws-conto-ricavi-merci-rivendita-abbigliamento-de","12":"sws-gruppo-iva-iva81-de","14":"first","15":"instock","16":"shipping-taxable","17":"purchasable","18":"product-type-variable"},"_links":{"self":[{"href":"https:\/\/lucacastelli.com\/de\/wp-json\/wp\/v2\/product\/416780","targetHints":{"allow":["GET"]}}],"collection":[{"href":"https:\/\/lucacastelli.com\/de\/wp-json\/wp\/v2\/product"}],"about":[{"href":"https:\/\/lucacastelli.com\/de\/wp-json\/wp\/v2\/types\/product"}],"wp:featuredmedia":[{"embeddable":true,"href":"https:\/\/lucacastelli.com\/de\/wp-json\/wp\/v2\/media\/47478"}],"wp:attachment":[{"href":"https:\/\/lucacastelli.com\/de\/wp-json\/wp\/v2\/media?parent=416780"}],"wp:term":[{"taxonomy":"product_brand","embeddable":true,"href":"https:\/\/lucacastelli.com\/de\/wp-json\/wp\/v2\/product_brand?post=416780"},{"taxonomy":"product_cat","embeddable":true,"href":"https:\/\/lucacastelli.com\/de\/wp-json\/wp\/v2\/product_cat?post=416780"},{"taxonomy":"product_tag","embeddable":true,"href":"https:\/\/lucacastelli.com\/de\/wp-json\/wp\/v2\/product_tag?post=416780"}],"curies":[{"name":"wp","href":"https:\/\/api.w.org\/{rel}","templated":true}]}}