{"id":416778,"date":"2024-04-29T15:04:41","date_gmt":"2024-04-29T13:04:41","guid":{"rendered":"https:\/\/lucacastelli.com\/prodotto\/helly-hansen-oxford-4x-cargo-shorts\/"},"modified":"2025-06-29T09:49:49","modified_gmt":"2025-06-29T07:49:49","slug":"helly-hansen-oxford-4x-cargo-shorts","status":"publish","type":"product","link":"https:\/\/lucacastelli.com\/de\/produkt\/helly-hansen-oxford-4x-cargo-shorts\/","title":{"rendered":"HELLY HANSEN OXFORD 4X CARGO-SHORTS"},"content":{"rendered":"<p>4X<br \/>\nOXFORD CARGO SHORTS Nr. 77508<br \/>\nDie Oxford 4X Cargo Shorts erm\u00f6glichen es Ihnen, dank des leichten 4-Wege-Stretchgewebes, das das gesamte Kleidungsst\u00fcck bedeckt und f\u00fcr mehr Bewegungsfreiheit sorgt, in jede Richtung besser zu arbeiten. YKK-Rei\u00dfverschl\u00fcsse und Amann-Garne verbessern die Festigkeit und Langlebigkeit des Kleidungsst\u00fccks, das mit mehreren Taschen und speziellen F\u00e4chern wie einer Zollstocktasche, einer Dokumentenschlaufe und mehr ausgestattet ist. Eine breite G\u00fcrtelschlaufe in der hinteren Mitte sorgt f\u00fcr Stabilit\u00e4t und Strapazierf\u00e4higkeit, w\u00e4hrend kunststoffbeschichtete Metallkn\u00f6pfe empfindliche Oberfl\u00e4chen vor Kratzern sch\u00fctzen. Ideal f\u00fcr aktives Arbeiten oder w\u00e4rmeres Wetter.   <\/p>\n<p>Fasergehalt: Hauptmaterial: 94 % Polyamid, 6 % Elasthan &#8211; 260 g\/m\u00b2 &#8211; Sekund\u00e4rmaterial: 79 % Baumwolle, 18 % Polyester, 3 % Elastolefin 265 g\/m\u00b2<\/p>\n<p>FUNKTIONEN<br \/>\nYKK-Rei\u00dfverschluss<br \/>\nAMANN-N\u00e4hte<br \/>\n4-Wege-Stretch-Material<br \/>\nLeichtes Gewebe f\u00fcr zus\u00e4tzlichen Komfort<br \/>\nBreite G\u00fcrtelschlaufe in der Mitte f\u00fcr zus\u00e4tzliche Stabilit\u00e4t und Strapazierf\u00e4higkeit<br \/>\nZwickel im Schritt f\u00fcr mehr Bewegungsfreiheit<br \/>\nOberschenkeltaschen mit Verschluss<br \/>\nGummibeschichtete<br \/>\nMetallkn\u00f6pfe Ausweisschlaufe<br \/>\nReflektierende Designdetails<\/p>\n","protected":false},"excerpt":{"rendered":"<p>4X OXFORD CARGO SHORTS Nr. 77508 Die Oxford 4X Cargo Shorts erm\u00f6glichen es Ihnen, dank des leichten 4-Wege-Stretchgewebes, das das<\/p>\n","protected":false},"featured_media":49083,"template":"","meta":{"_seopress_robots_primary_cat":"","_seopress_titles_title":"","_seopress_titles_desc":"","_seopress_robots_index":""},"product_brand":[3645],"product_cat":[1382,82],"product_tag":[],"class_list":{"0":"post-416778","1":"product","2":"type-product","3":"status-publish","4":"has-post-thumbnail","6":"product_brand-helly-hansen-de","7":"product_cat-arbeitskleidung","8":"product_cat-kleidung","10":"first","11":"instock","12":"shipping-taxable","13":"purchasable","14":"product-type-variable"},"_links":{"self":[{"href":"https:\/\/lucacastelli.com\/de\/wp-json\/wp\/v2\/product\/416778","targetHints":{"allow":["GET"]}}],"collection":[{"href":"https:\/\/lucacastelli.com\/de\/wp-json\/wp\/v2\/product"}],"about":[{"href":"https:\/\/lucacastelli.com\/de\/wp-json\/wp\/v2\/types\/product"}],"wp:featuredmedia":[{"embeddable":true,"href":"https:\/\/lucacastelli.com\/de\/wp-json\/wp\/v2\/media\/49083"}],"wp:attachment":[{"href":"https:\/\/lucacastelli.com\/de\/wp-json\/wp\/v2\/media?parent=416778"}],"wp:term":[{"taxonomy":"product_brand","embeddable":true,"href":"https:\/\/lucacastelli.com\/de\/wp-json\/wp\/v2\/product_brand?post=416778"},{"taxonomy":"product_cat","embeddable":true,"href":"https:\/\/lucacastelli.com\/de\/wp-json\/wp\/v2\/product_cat?post=416778"},{"taxonomy":"product_tag","embeddable":true,"href":"https:\/\/lucacastelli.com\/de\/wp-json\/wp\/v2\/product_tag?post=416778"}],"curies":[{"name":"wp","href":"https:\/\/api.w.org\/{rel}","templated":true}]}}