{"id":416725,"date":"2024-03-28T15:31:05","date_gmt":"2024-03-28T14:31:05","guid":{"rendered":"https:\/\/lucacastelli.com\/prodotto\/helly-hansen-oxford-shorts\/"},"modified":"2025-06-29T09:49:50","modified_gmt":"2025-06-29T07:49:50","slug":"helly-hansen-oxford-shorts","status":"publish","type":"product","link":"https:\/\/lucacastelli.com\/de\/produkt\/helly-hansen-oxford-shorts\/","title":{"rendered":"HELLY HANSEN OXFORD SHORTS"},"content":{"rendered":"<p>PRODUKTMERKMALE<br \/>\n2-Wege-Stretchgewebe<br \/>\nEinschubtaschen<br \/>\nBreite G\u00fcrtelschlaufe auf der R\u00fcckseite f\u00fcr zus\u00e4tzliche Stabilit\u00e4t und Halt<br \/>\nZwickel im Schritt f\u00fcr optimale<br \/>\nBewegungsfreiheit Metallkn\u00f6pfe mit Kunststoffbeschichtung<br \/>\nOberschenkeltasche mit Verschluss<br \/>\nSchlaufe f\u00fcr Dokumente oder Ausweise<br \/>\nPassende <\/p>\n<p>Logos MATERIALZUSAMMENSETZUNG<br \/>\nHauptmaterial: 79 % Baumwolle, 18 % Polyester, 3 % Elasthan &#8211; 265 g\/m\u00b2<br \/>\nSekund\u00e4rmaterial: 65 % Polyester, 35 % Baumwolle &#8211; 310 g\/m\u00b2  <\/p>\n","protected":false},"excerpt":{"rendered":"<p>PRODUKTMERKMALE 2-Wege-Stretchgewebe Einschubtaschen Breite G\u00fcrtelschlaufe auf der R\u00fcckseite f\u00fcr zus\u00e4tzliche Stabilit\u00e4t und Halt Zwickel im Schritt f\u00fcr optimale Bewegungsfreiheit Metallkn\u00f6pfe<\/p>\n","protected":false},"featured_media":49035,"template":"","meta":{"_seopress_robots_primary_cat":"","_seopress_titles_title":"","_seopress_titles_desc":"","_seopress_robots_index":""},"product_brand":[3425],"product_cat":[21,284],"product_tag":[],"class_list":{"0":"post-416725","1":"product","2":"type-product","3":"status-publish","4":"has-post-thumbnail","6":"product_brand-helly-hansen","7":"product_cat-abbigliamento","8":"product_cat-abbigliamento-da-lavoro","10":"first","11":"instock","12":"shipping-taxable","13":"purchasable","14":"product-type-variable"},"_links":{"self":[{"href":"https:\/\/lucacastelli.com\/de\/wp-json\/wp\/v2\/product\/416725","targetHints":{"allow":["GET"]}}],"collection":[{"href":"https:\/\/lucacastelli.com\/de\/wp-json\/wp\/v2\/product"}],"about":[{"href":"https:\/\/lucacastelli.com\/de\/wp-json\/wp\/v2\/types\/product"}],"wp:featuredmedia":[{"embeddable":true,"href":"https:\/\/lucacastelli.com\/de\/wp-json\/wp\/v2\/media\/49035"}],"wp:attachment":[{"href":"https:\/\/lucacastelli.com\/de\/wp-json\/wp\/v2\/media?parent=416725"}],"wp:term":[{"taxonomy":"product_brand","embeddable":true,"href":"https:\/\/lucacastelli.com\/de\/wp-json\/wp\/v2\/product_brand?post=416725"},{"taxonomy":"product_cat","embeddable":true,"href":"https:\/\/lucacastelli.com\/de\/wp-json\/wp\/v2\/product_cat?post=416725"},{"taxonomy":"product_tag","embeddable":true,"href":"https:\/\/lucacastelli.com\/de\/wp-json\/wp\/v2\/product_tag?post=416725"}],"curies":[{"name":"wp","href":"https:\/\/api.w.org\/{rel}","templated":true}]}}