{"id":416654,"date":"2023-11-24T09:37:08","date_gmt":"2023-11-24T08:37:08","guid":{"rendered":"https:\/\/lucacastelli.com\/prodotto\/helly-hansen-manchester-niedrig-s3\/"},"modified":"2025-08-19T16:57:09","modified_gmt":"2025-08-19T14:57:09","slug":"helly-hansen-manchester-niedrig-s3","status":"publish","type":"product","link":"https:\/\/lucacastelli.com\/de\/produkt\/helly-hansen-manchester-niedrig-s3\/","title":{"rendered":"HELLY HANSEN MANCHESTER NIEDRIG S3"},"content":{"rendered":"<p>Manchester hat keine Spielereien, nur tolle Sicherheitsschuhe, die das tun, was man von ihnen verlangt. Diese sch\u00fctzenden, metallfreien Sicherheitsschuhe verf\u00fcgen \u00fcber eine Zehenschutzkappe aus Verbundwerkstoff und eine nichtmetallische Sohle f\u00fcr das Eindringen in den Nagel. Sie haben eine leichte EVA-Zwischensohle und eine rutschfeste Gummilaufsohle.  <\/p>\n<p>Fasergehalt: Hauptmaterial: Obermaterial aus Ripstop-Polyester mit Mikrofaser-Overlays.<\/p>\n<p>FUNKTIONEN<\/p>\n<p>Geformter<br \/>\nTPU-Zehenschutz Geformtes<br \/>\nTPU-Fersen-Overlay Nichtmetallische<br \/>\nHardware Reflektierende<br \/>\nDetails Atmungsaktives und feuchtigkeitsableitendes<br \/>\nAir-Mesh-Futter Zehenschutzkappe aus Verbundwerkstoff<br \/>\nSicherheitskappe Metallfreier Nageldurchdringungsschutz<\/p>\n","protected":false},"excerpt":{"rendered":"<p>Manchester hat keine Spielereien, nur tolle Sicherheitsschuhe, die das tun, was man von ihnen verlangt. Diese sch\u00fctzenden, metallfreien Sicherheitsschuhe verf\u00fcgen<\/p>\n","protected":false},"featured_media":99706,"template":"","meta":{"_seopress_robots_primary_cat":"","_seopress_titles_title":"","_seopress_titles_desc":"","_seopress_robots_index":""},"product_brand":[3645],"product_cat":[175,1424],"product_tag":[],"class_list":{"0":"post-416654","1":"product","2":"type-product","3":"status-publish","4":"has-post-thumbnail","6":"product_brand-helly-hansen-de","7":"product_cat-schuhe","8":"product_cat-arbeitsschuhe","10":"first","11":"instock","12":"shipping-taxable","13":"purchasable","14":"product-type-variable"},"_links":{"self":[{"href":"https:\/\/lucacastelli.com\/de\/wp-json\/wp\/v2\/product\/416654","targetHints":{"allow":["GET"]}}],"collection":[{"href":"https:\/\/lucacastelli.com\/de\/wp-json\/wp\/v2\/product"}],"about":[{"href":"https:\/\/lucacastelli.com\/de\/wp-json\/wp\/v2\/types\/product"}],"wp:featuredmedia":[{"embeddable":true,"href":"https:\/\/lucacastelli.com\/de\/wp-json\/wp\/v2\/media\/99706"}],"wp:attachment":[{"href":"https:\/\/lucacastelli.com\/de\/wp-json\/wp\/v2\/media?parent=416654"}],"wp:term":[{"taxonomy":"product_brand","embeddable":true,"href":"https:\/\/lucacastelli.com\/de\/wp-json\/wp\/v2\/product_brand?post=416654"},{"taxonomy":"product_cat","embeddable":true,"href":"https:\/\/lucacastelli.com\/de\/wp-json\/wp\/v2\/product_cat?post=416654"},{"taxonomy":"product_tag","embeddable":true,"href":"https:\/\/lucacastelli.com\/de\/wp-json\/wp\/v2\/product_tag?post=416654"}],"curies":[{"name":"wp","href":"https:\/\/api.w.org\/{rel}","templated":true}]}}