{"id":416634,"date":"2023-12-01T13:25:10","date_gmt":"2023-12-01T12:25:10","guid":{"rendered":"https:\/\/lucacastelli.com\/prodotto\/helly-hansen-chelsea-evolution-pant\/"},"modified":"2025-06-29T09:49:34","modified_gmt":"2025-06-29T07:49:34","slug":"helly-hansen-chelsea-evolution-pant","status":"publish","type":"product","link":"https:\/\/lucacastelli.com\/de\/produkt\/helly-hansen-chelsea-evolution-pant\/","title":{"rendered":"HELLY HANSEN CHELSEA EVOLUTION PANT"},"content":{"rendered":"<p>Die Chelsea Evolution Work Pant ist eine strapazierf\u00e4hige Hose mit 4-Wege-Stretch-Gewebe in Kombination mit unserem legend\u00e4ren Chelsea-Baumwollgewebe. Die moderne Passform, vorgeformte Knie f\u00fcr optimale Bewegungsfreiheit und Cordura-Verst\u00e4rkungsstoffe\u00ae machen diese Hose zu Ihrem besten Arbeitsbegleiter.<br \/>\nFasergehalt:<br \/>\nHauptgewebe: 93% Polyamid, 7% Elasthan &#8211; 310 g\/m\u00b2 ! Sekund\u00e4rgewebe: 79% Baumwolle, 21% Polyester &#8211; 295 g\/m\u00b2 ! Verst\u00e4rkung: 100% Polyamid &#8211; 220 g\/m\u00b2   <\/p>\n<p>Pflegehinweis:<br \/>\nMaschinenw\u00e4sche in warmem Wasser bei 40\u00b0C, nicht bleichen, nicht im Trockner trocknen, nicht b\u00fcgeln, nicht chemisch reinigen.<\/p>\n<p>FUNKTIONEN  <\/p>\n<p>4-Wege-Stretch-Gewebe<br \/>\nKonturierter Bund f\u00fcr zus\u00e4tzlichen Komfort<br \/>\nBreite hintere Mittelschlaufe f\u00fcr zus\u00e4tzliche Stabilit\u00e4t und Haltbarkeit<br \/>\nZwickel im Schritt f\u00fcr mehr Bewegungsfreiheit<br \/>\nKunststoffbeschichtete<br \/>\nMetallkn\u00f6pfe Oberschenkeltasche mit Klettverschluss und mehreren F\u00e4chern<br \/>\nAusweisschlaufe<\/p>\n","protected":false},"excerpt":{"rendered":"<p>Die Chelsea Evolution Work Pant ist eine strapazierf\u00e4hige Hose mit 4-Wege-Stretch-Gewebe in Kombination mit unserem legend\u00e4ren Chelsea-Baumwollgewebe. Die moderne Passform,<\/p>\n","protected":false},"featured_media":48482,"template":"","meta":{"_seopress_robots_primary_cat":"","_seopress_titles_title":"","_seopress_titles_desc":"","_seopress_robots_index":""},"product_brand":[3645],"product_cat":[82,1382],"product_tag":[],"class_list":{"0":"post-416634","1":"product","2":"type-product","3":"status-publish","4":"has-post-thumbnail","6":"product_brand-helly-hansen-de","7":"product_cat-kleidung","8":"product_cat-arbeitskleidung","10":"first","11":"onbackorder","12":"shipping-taxable","13":"purchasable","14":"product-type-variable"},"_links":{"self":[{"href":"https:\/\/lucacastelli.com\/de\/wp-json\/wp\/v2\/product\/416634","targetHints":{"allow":["GET"]}}],"collection":[{"href":"https:\/\/lucacastelli.com\/de\/wp-json\/wp\/v2\/product"}],"about":[{"href":"https:\/\/lucacastelli.com\/de\/wp-json\/wp\/v2\/types\/product"}],"wp:featuredmedia":[{"embeddable":true,"href":"https:\/\/lucacastelli.com\/de\/wp-json\/wp\/v2\/media\/48482"}],"wp:attachment":[{"href":"https:\/\/lucacastelli.com\/de\/wp-json\/wp\/v2\/media?parent=416634"}],"wp:term":[{"taxonomy":"product_brand","embeddable":true,"href":"https:\/\/lucacastelli.com\/de\/wp-json\/wp\/v2\/product_brand?post=416634"},{"taxonomy":"product_cat","embeddable":true,"href":"https:\/\/lucacastelli.com\/de\/wp-json\/wp\/v2\/product_cat?post=416634"},{"taxonomy":"product_tag","embeddable":true,"href":"https:\/\/lucacastelli.com\/de\/wp-json\/wp\/v2\/product_tag?post=416634"}],"curies":[{"name":"wp","href":"https:\/\/api.w.org\/{rel}","templated":true}]}}