{"id":416624,"date":"2023-09-13T07:56:36","date_gmt":"2023-09-13T05:56:36","guid":{"rendered":"https:\/\/lucacastelli.com\/prodotto\/helly-hansen-jr-champ-wendejacke\/"},"modified":"2026-04-01T01:51:31","modified_gmt":"2026-03-31T23:51:31","slug":"helly-hansen-jr-champ-wendejacke","status":"publish","type":"product","link":"https:\/\/lucacastelli.com\/de\/produkt\/helly-hansen-jr-champ-wendejacke\/","title":{"rendered":"HELLY HANSEN JR CHAMP WENDEJACKE"},"content":{"rendered":"<p>Eine flexible und modische Wendejacke f\u00fcr Kinder, mit wasserabweisendem Au\u00dfenmaterial und weichem Fleecefutter.<\/p>\n<p>Wir haben diese moderne Wendejacke entworfen, um Ihnen die Wahl zu lassen. Mit einer umweltfreundlichen, PFC-freien und wasserabweisenden Au\u00dfenh\u00fclle. Die Innenseite besteht aus einem leichten und weichen Fleece. Sie entscheiden nach Ihren Bed\u00fcrfnissen und Ihrem Aussehen.   <\/p>\n<p>Fasergehalt: Au\u00dfenmaterial: 100 % Polyester. Au\u00dfenmaterial 2: 100 % Polyester<br \/>\nPflegehinweis: Vor dem Waschen die Rei\u00dfverschl\u00fcsse schlie\u00dfen. Verwenden Sie keine Weichsp\u00fcler. Sofort nach dem Waschen aus der Waschmaschine nehmen. Mit \u00e4hnlichen Farben waschen.<br \/>\nGewicht: 550 g    <\/p>\n<p>YKK VISLON<br \/>\nKinnschutz<br \/>\nLeistentaschen Wendedruck<\/p>\n<p>HH\u00ae Logo Mikrofleece<br \/>\nInterner<br \/>\nAufh\u00e4ngering PFC frei<\/p>\n","protected":false},"excerpt":{"rendered":"<p>Eine flexible und modische Wendejacke f\u00fcr Kinder, mit wasserabweisendem Au\u00dfenmaterial und weichem Fleecefutter. Wir haben diese moderne Wendejacke entworfen, um<\/p>\n","protected":false},"featured_media":97790,"template":"","meta":{"_seopress_robots_primary_cat":"none","_seopress_titles_title":"","_seopress_titles_desc":"","_seopress_robots_index":""},"product_brand":[3645],"product_cat":[974,1385,82],"product_tag":[],"class_list":{"0":"post-416624","1":"product","2":"type-product","3":"status-publish","4":"has-post-thumbnail","6":"product_brand-helly-hansen-de","7":"product_cat-freizeitkleidung","8":"product_cat-kinderbekleidung","9":"product_cat-kleidung","10":"sws-gruppo-abb-libero-de","11":"sws-categoria-sito-de","12":"sws-conto-ricavi-merci-rivendita-abbigliamento-de","13":"sws-gruppo-iva-iva81-de","15":"first","16":"instock","17":"shipping-taxable","18":"purchasable","19":"product-type-variable"},"_links":{"self":[{"href":"https:\/\/lucacastelli.com\/de\/wp-json\/wp\/v2\/product\/416624","targetHints":{"allow":["GET"]}}],"collection":[{"href":"https:\/\/lucacastelli.com\/de\/wp-json\/wp\/v2\/product"}],"about":[{"href":"https:\/\/lucacastelli.com\/de\/wp-json\/wp\/v2\/types\/product"}],"wp:featuredmedia":[{"embeddable":true,"href":"https:\/\/lucacastelli.com\/de\/wp-json\/wp\/v2\/media\/97790"}],"wp:attachment":[{"href":"https:\/\/lucacastelli.com\/de\/wp-json\/wp\/v2\/media?parent=416624"}],"wp:term":[{"taxonomy":"product_brand","embeddable":true,"href":"https:\/\/lucacastelli.com\/de\/wp-json\/wp\/v2\/product_brand?post=416624"},{"taxonomy":"product_cat","embeddable":true,"href":"https:\/\/lucacastelli.com\/de\/wp-json\/wp\/v2\/product_cat?post=416624"},{"taxonomy":"product_tag","embeddable":true,"href":"https:\/\/lucacastelli.com\/de\/wp-json\/wp\/v2\/product_tag?post=416624"}],"curies":[{"name":"wp","href":"https:\/\/api.w.org\/{rel}","templated":true}]}}