{"id":416615,"date":"2023-09-13T07:54:19","date_gmt":"2023-09-13T05:54:19","guid":{"rendered":"https:\/\/lucacastelli.com\/prodotto\/helly-hansen-jr-champ-fleecejacke\/"},"modified":"2026-03-01T00:25:20","modified_gmt":"2026-02-28T23:25:20","slug":"helly-hansen-jr-champ-fleecejacke","status":"publish","type":"product","link":"https:\/\/lucacastelli.com\/de\/produkt\/helly-hansen-jr-champ-fleecejacke\/","title":{"rendered":"HELLY HANSEN JR CHAMP FLEECEJACKE"},"content":{"rendered":"<p>Eine warme, bequeme und weiche Fleecejacke aus 100 % recyceltem Polyester.<\/p>\n<p>Diese Fleecejacke f\u00fcr Kinder ist zu jeder Jahreszeit immer neu. Es ist das perfekte Kleidungsst\u00fcck f\u00fcr die \u00dcbergangszeit und eignet sich auch zum Layering, wenn der Winter kommt. Es besteht aus weichem 100% recyceltem Fleece und ist sehr bequem und warm. Neben der Kapuze verf\u00fcgt sie \u00fcber zwei Rei\u00dfverschlusstaschen und eine Brusttasche f\u00fcr mehr Stauraum.   <\/p>\n<p>Fasergehalt: Oberstoff: 100 % Polyester (recycelt). Futter: 100 % Polyester<x id=\"gid_0\"><\/x>Pflegehinweis: Rei\u00dfverschl\u00fcsse vor dem Waschen schlie\u00dfen. Mit \u00e4hnlichen Farben waschen.<br \/>\nGewicht: 450 g  <\/p>\n<p>YKK-Rei\u00dfverschluss<br \/>\nBrusttaschen und Einschubtaschen mit YKK-Rei\u00dfverschl\u00fcssen<br \/>\nKinnschutz<br \/>\nGesticktes<br \/>\nHelly Hansen (HH) Logo Verl\u00e4ngerter<br \/>\nR\u00fccken Interne Schlaufe zum Aufh\u00e4ngen der Jacke<br \/>\nRecyceltes Material<\/p>\n","protected":false},"excerpt":{"rendered":"<p>Eine warme, bequeme und weiche Fleecejacke aus 100 % recyceltem Polyester. Diese Fleecejacke f\u00fcr Kinder ist zu jeder Jahreszeit immer<\/p>\n","protected":false},"featured_media":97775,"template":"","meta":{"_seopress_robots_primary_cat":"none","_seopress_titles_title":"","_seopress_titles_desc":"","_seopress_robots_index":""},"product_brand":[3645],"product_cat":[82,974,1385],"product_tag":[],"class_list":{"0":"post-416615","1":"product","2":"type-product","3":"status-publish","4":"has-post-thumbnail","6":"product_brand-helly-hansen-de","7":"product_cat-kleidung","8":"product_cat-freizeitkleidung","9":"product_cat-kinderbekleidung","10":"sws-gruppo-abb-libero-de","11":"sws-categoria-sito-de","12":"sws-conto-ricavi-merci-rivendita-abbigliamento-de","13":"sws-gruppo-iva-iva81-de","15":"first","16":"instock","17":"shipping-taxable","18":"purchasable","19":"product-type-variable","20":"has-default-attributes"},"_links":{"self":[{"href":"https:\/\/lucacastelli.com\/de\/wp-json\/wp\/v2\/product\/416615","targetHints":{"allow":["GET"]}}],"collection":[{"href":"https:\/\/lucacastelli.com\/de\/wp-json\/wp\/v2\/product"}],"about":[{"href":"https:\/\/lucacastelli.com\/de\/wp-json\/wp\/v2\/types\/product"}],"wp:featuredmedia":[{"embeddable":true,"href":"https:\/\/lucacastelli.com\/de\/wp-json\/wp\/v2\/media\/97775"}],"wp:attachment":[{"href":"https:\/\/lucacastelli.com\/de\/wp-json\/wp\/v2\/media?parent=416615"}],"wp:term":[{"taxonomy":"product_brand","embeddable":true,"href":"https:\/\/lucacastelli.com\/de\/wp-json\/wp\/v2\/product_brand?post=416615"},{"taxonomy":"product_cat","embeddable":true,"href":"https:\/\/lucacastelli.com\/de\/wp-json\/wp\/v2\/product_cat?post=416615"},{"taxonomy":"product_tag","embeddable":true,"href":"https:\/\/lucacastelli.com\/de\/wp-json\/wp\/v2\/product_tag?post=416615"}],"curies":[{"name":"wp","href":"https:\/\/api.w.org\/{rel}","templated":true}]}}