{"id":416587,"date":"2023-08-27T13:18:08","date_gmt":"2023-08-27T11:18:08","guid":{"rendered":"https:\/\/lucacastelli.com\/prodotto\/helly-hansen-uc-me-isolator-269-hi-vis\/"},"modified":"2025-06-29T09:48:57","modified_gmt":"2025-06-29T07:48:57","slug":"helly-hansen-uc-me-isolator-269-hi-vis","status":"publish","type":"product","link":"https:\/\/lucacastelli.com\/de\/produkt\/helly-hansen-uc-me-isolator-269-hi-vis\/","title":{"rendered":"HELLY HANSEN UC-ME ISOLATOR 269 HI VIS"},"content":{"rendered":"<p>EN ISO 20471:2013 Klasse 2<br \/>\nEN 342:2017 Icler 0,304 m\u00b2K\/W(B)(1,96 clo)<br \/>\nEN 342:2017 In Kombination mit 71455 und 71456<br \/>\nEN 342:2017 Icler 0,326 m\u00b2K\/W(B)(2,10 clo)<br \/>\nEN 342:2017 In Kombination mit 71455, 71456 und 71185<br \/>\nEN 342:2017 Luftdurchl\u00e4ssigkeit Klasse 3<br \/>\nGeb\u00fcrstetes Polyester im Kragen<br \/>\nYKK-Frontrei\u00dfverschluss\u00ae mit Kinnschutz<br \/>\nEinschubtaschen mit YKK-Rei\u00dfverschl\u00fcssen<br \/>\nModischer Rei\u00dfverschluss<br \/>\nAbnehmbare \u00c4rmel mit Rei\u00dfverschluss<br \/>\nElastische B\u00fcndchen<br \/>\nVerstellbarer Saum mit innenliegendem elastischem Kordelzug und Einschubtaschen<br \/>\nDurchreiche f\u00fcr Dokumente oder Personalausweise<br \/>\nVerl\u00e4ngerter R\u00fccken f\u00fcr zus\u00e4tzlichen Komfort<br \/>\nKann mit der 71185 UC-ME Shell Zip Jacket kombiniert werden<br \/>\nHauptmaterial: 100% Polyester, 210 g\/m\u00b2<br \/>\nHauptmaterial 169: 100% Polyester, 200 g\/m\u00b2<br \/>\nSekund\u00e4res Hauptmaterial: 100% Polyester, 210 g\/m\u00b2<br \/>\nFutter: 100% Polyamid<\/p>\n","protected":false},"excerpt":{"rendered":"<p>EN ISO 20471:2013 Klasse 2 EN 342:2017 Icler 0,304 m\u00b2K\/W(B)(1,96 clo) EN 342:2017 In Kombination mit 71455 und 71456 EN<\/p>\n","protected":false},"featured_media":44986,"template":"","meta":{"_seopress_robots_primary_cat":"","_seopress_titles_title":"","_seopress_titles_desc":"","_seopress_robots_index":""},"product_brand":[3645],"product_cat":[1382,82],"product_tag":[],"class_list":{"0":"post-416587","1":"product","2":"type-product","3":"status-publish","4":"has-post-thumbnail","6":"product_brand-helly-hansen-de","7":"product_cat-arbeitskleidung","8":"product_cat-kleidung","10":"first","11":"instock","12":"shipping-taxable","13":"purchasable","14":"product-type-variable"},"_links":{"self":[{"href":"https:\/\/lucacastelli.com\/de\/wp-json\/wp\/v2\/product\/416587","targetHints":{"allow":["GET"]}}],"collection":[{"href":"https:\/\/lucacastelli.com\/de\/wp-json\/wp\/v2\/product"}],"about":[{"href":"https:\/\/lucacastelli.com\/de\/wp-json\/wp\/v2\/types\/product"}],"wp:featuredmedia":[{"embeddable":true,"href":"https:\/\/lucacastelli.com\/de\/wp-json\/wp\/v2\/media\/44986"}],"wp:attachment":[{"href":"https:\/\/lucacastelli.com\/de\/wp-json\/wp\/v2\/media?parent=416587"}],"wp:term":[{"taxonomy":"product_brand","embeddable":true,"href":"https:\/\/lucacastelli.com\/de\/wp-json\/wp\/v2\/product_brand?post=416587"},{"taxonomy":"product_cat","embeddable":true,"href":"https:\/\/lucacastelli.com\/de\/wp-json\/wp\/v2\/product_cat?post=416587"},{"taxonomy":"product_tag","embeddable":true,"href":"https:\/\/lucacastelli.com\/de\/wp-json\/wp\/v2\/product_tag?post=416587"}],"curies":[{"name":"wp","href":"https:\/\/api.w.org\/{rel}","templated":true}]}}