{"id":416568,"date":"2023-08-03T08:23:16","date_gmt":"2023-08-03T06:23:16","guid":{"rendered":"https:\/\/lucacastelli.com\/prodotto\/helly-hansen-uc-me-winter-jacke-3\/"},"modified":"2025-06-29T09:48:39","modified_gmt":"2025-06-29T07:48:39","slug":"helly-hansen-uc-me-winter-jacke-3","status":"publish","type":"product","link":"https:\/\/lucacastelli.com\/de\/produkt\/helly-hansen-uc-me-winter-jacke-3\/","title":{"rendered":"Helly Hansen UC-ME WINTER JACKE 3"},"content":{"rendered":"<p>Die UC-ME Winterjacke kombiniert leichte Stoffe, funktionales Design und intelligente Details f\u00fcr \u00fcberlegene Leistung auf Winterbaustellen. Vorgeformte \u00c4rmel mit nahtlosen Schultern und verl\u00e4ngertem R\u00fcckendesign sorgen f\u00fcr Komfort und Mobilit\u00e4t. Die Passform kann dank vertikaler und horizontaler Verstellung der Kapuze und der Anpassung von Saum und \u00c4rmelb\u00fcndchen individuell angepasst werden. Die abnehmbare Kapuze ist helmkompatibel und sorgt f\u00fcr Sicherheit und Vielseitigkeit. Die elastische Saumverstellung ist durch die Tasche zug\u00e4nglich, wodurch die Gefahr eines Verhedderns ausgeschlossen wird. Reflektierende Streifen an dieser Warnschutz-Winterjacke erh\u00f6hen die Sicherheit. Der gepolsterte Kragen und der Kinnschutz sorgen den ganzen Tag \u00fcber f\u00fcr maximalen Komfort. Sowohl der Kragen als auch die Einschubtaschen sind mit geb\u00fcrstetem Polyester gef\u00fcttert. Pers\u00f6nliche Gegenst\u00e4nde sind dank der YKK-Rei\u00dfverschlusstaschen\u00ae, der Brusttasche und der Ausweisschlaufe leicht griffbereit.        <\/p>\n<p>Pflegehinweis: Maschinenw\u00e4sche in warmem Wasser &#8211; 40\u00b0C max 20x, nicht bleichen, bei niedriger Temperatur trocknen, nicht b\u00fcgeln, nicht chemisch reinigen.<\/p>\n","protected":false},"excerpt":{"rendered":"<p>Die UC-ME Winterjacke kombiniert leichte Stoffe, funktionales Design und intelligente Details f\u00fcr \u00fcberlegene Leistung auf Winterbaustellen. Vorgeformte \u00c4rmel mit nahtlosen<\/p>\n","protected":false},"featured_media":44883,"template":"","meta":{"_seopress_robots_primary_cat":"","_seopress_titles_title":"","_seopress_titles_desc":"","_seopress_robots_index":""},"product_brand":[3645],"product_cat":[1382,82],"product_tag":[],"class_list":{"0":"post-416568","1":"product","2":"type-product","3":"status-publish","4":"has-post-thumbnail","6":"product_brand-helly-hansen-de","7":"product_cat-arbeitskleidung","8":"product_cat-kleidung","9":"sws-gruppo-abb-libero-de","10":"sws-categoria-sito-de","11":"sws-conto-ricavi-merci-rivendita-abbigliamento-de","12":"sws-gruppo-iva-iva81-de","14":"first","15":"onbackorder","16":"shipping-taxable","17":"purchasable","18":"product-type-variable"},"_links":{"self":[{"href":"https:\/\/lucacastelli.com\/de\/wp-json\/wp\/v2\/product\/416568","targetHints":{"allow":["GET"]}}],"collection":[{"href":"https:\/\/lucacastelli.com\/de\/wp-json\/wp\/v2\/product"}],"about":[{"href":"https:\/\/lucacastelli.com\/de\/wp-json\/wp\/v2\/types\/product"}],"wp:featuredmedia":[{"embeddable":true,"href":"https:\/\/lucacastelli.com\/de\/wp-json\/wp\/v2\/media\/44883"}],"wp:attachment":[{"href":"https:\/\/lucacastelli.com\/de\/wp-json\/wp\/v2\/media?parent=416568"}],"wp:term":[{"taxonomy":"product_brand","embeddable":true,"href":"https:\/\/lucacastelli.com\/de\/wp-json\/wp\/v2\/product_brand?post=416568"},{"taxonomy":"product_cat","embeddable":true,"href":"https:\/\/lucacastelli.com\/de\/wp-json\/wp\/v2\/product_cat?post=416568"},{"taxonomy":"product_tag","embeddable":true,"href":"https:\/\/lucacastelli.com\/de\/wp-json\/wp\/v2\/product_tag?post=416568"}],"curies":[{"name":"wp","href":"https:\/\/api.w.org\/{rel}","templated":true}]}}