{"id":416525,"date":"2023-06-01T11:13:48","date_gmt":"2023-06-01T09:13:48","guid":{"rendered":"https:\/\/lucacastelli.com\/prodotto\/helly-hansen-manchester-mid-s3\/"},"modified":"2025-06-29T09:48:39","modified_gmt":"2025-06-29T07:48:39","slug":"helly-hansen-manchester-mid-s3","status":"publish","type":"product","link":"https:\/\/lucacastelli.com\/de\/produkt\/helly-hansen-manchester-mid-s3\/","title":{"rendered":"HELLY HANSEN MANCHESTER MID S3"},"content":{"rendered":"<p>Manchester hat keine Spielereien, nur tolle Sicherheitsschuhe, die das tun, was man von ihnen verlangt. Diese sch\u00fctzenden, metallfreien Sicherheitsschuhe verf\u00fcgen \u00fcber eine Zehenschutzkappe aus Verbundwerkstoff und eine nichtmetallische Sohle f\u00fcr das Eindringen in den Nagel. Sie haben eine leichte EVA-Zwischensohle und eine rutschfeste Gummilaufsohle.  <\/p>\n<p>Fasergehalt:<br \/>\nHauptmaterial: Obermaterial aus Ripstop-Polyester mit Mikrofaser-Overlays.<\/p>\n","protected":false},"excerpt":{"rendered":"<p>Manchester hat keine Spielereien, nur tolle Sicherheitsschuhe, die das tun, was man von ihnen verlangt. Diese sch\u00fctzenden, metallfreien Sicherheitsschuhe verf\u00fcgen<\/p>\n","protected":false},"featured_media":91529,"template":"","meta":{"_seopress_robots_primary_cat":"","_seopress_titles_title":"","_seopress_titles_desc":"","_seopress_robots_index":""},"product_brand":[3645],"product_cat":[1424,175],"product_tag":[],"class_list":{"0":"post-416525","1":"product","2":"type-product","3":"status-publish","4":"has-post-thumbnail","6":"product_brand-helly-hansen-de","7":"product_cat-arbeitsschuhe","8":"product_cat-schuhe","10":"first","11":"instock","12":"shipping-taxable","13":"purchasable","14":"product-type-variable"},"_links":{"self":[{"href":"https:\/\/lucacastelli.com\/de\/wp-json\/wp\/v2\/product\/416525","targetHints":{"allow":["GET"]}}],"collection":[{"href":"https:\/\/lucacastelli.com\/de\/wp-json\/wp\/v2\/product"}],"about":[{"href":"https:\/\/lucacastelli.com\/de\/wp-json\/wp\/v2\/types\/product"}],"wp:featuredmedia":[{"embeddable":true,"href":"https:\/\/lucacastelli.com\/de\/wp-json\/wp\/v2\/media\/91529"}],"wp:attachment":[{"href":"https:\/\/lucacastelli.com\/de\/wp-json\/wp\/v2\/media?parent=416525"}],"wp:term":[{"taxonomy":"product_brand","embeddable":true,"href":"https:\/\/lucacastelli.com\/de\/wp-json\/wp\/v2\/product_brand?post=416525"},{"taxonomy":"product_cat","embeddable":true,"href":"https:\/\/lucacastelli.com\/de\/wp-json\/wp\/v2\/product_cat?post=416525"},{"taxonomy":"product_tag","embeddable":true,"href":"https:\/\/lucacastelli.com\/de\/wp-json\/wp\/v2\/product_tag?post=416525"}],"curies":[{"name":"wp","href":"https:\/\/api.w.org\/{rel}","templated":true}]}}