{"id":416485,"date":"2023-12-12T14:52:23","date_gmt":"2023-12-12T13:52:23","guid":{"rendered":"https:\/\/lucacastelli.com\/prodotto\/helly-hansen-alna-2-0-regen-pant\/"},"modified":"2025-06-29T09:49:45","modified_gmt":"2025-06-29T07:49:45","slug":"helly-hansen-alna-2-0-regen-pant","status":"publish","type":"product","link":"https:\/\/lucacastelli.com\/de\/produkt\/helly-hansen-alna-2-0-regen-pant\/","title":{"rendered":"HELLY HANSEN ALNA 2.0 REGEN PANT"},"content":{"rendered":"<p>Die besten Regenhosen f\u00fcr die Arbeit vereinen Bewegungsfreiheit und professionelle Details. Die ALNA 2.0 Regenhose von Helly Hansen Workwear zeichnet sich durch einen verstellbaren Gummibund und die Kompatibilit\u00e4t mit den 79550 HH WW STRAPSEN 2.0 aus. Die Rei\u00dfverschl\u00fcsse der kniehohen Stiefel werden mit verstellbaren Druckkn\u00f6pfen an der Manschette gesichert. Seitliche \u00d6ffnungen bieten Platz f\u00fcr H\u00e4ngetaschen, um die Ausr\u00fcstung griffbereit zu halten. Bleiben Sie sicher und sichtbar dank des gut sichtbaren Gewebes und der reflektierenden Details. Funktional, langlebig und bequem ist der Alna 2.0 Regenanzug eine clevere Erg\u00e4nzung zur Arbeitskleidung.     <\/p>\n<p>Fasergehalt:<br \/>\nHauptgewebe: 100% PU auf Strick 100% Polyester &#8211; 240 g\/m\u00b2<\/p>\n<p>Pflegehinweis:<br \/>\nMaschinenw\u00e4sche in warmem Wasser bei 40\u00b0C, nicht bleichen, nicht im Trockner trocknen, nicht b\u00fcgeln, nicht chemisch reinigen, auf der Leine trocknen.<\/p>\n<p>EIGENSCHAFTEN<br \/>\nEN ISO 20471:2013 Klasse 1<br \/>\nEN 343:2019 4.1<br \/>\nElastischer<br \/>\nBund Verstellbarer<br \/>\nBund Kompatibel mit 79550 HH WW STRAPSEN 2.0<br \/>\n\u00d6ffnung f\u00fcr H\u00e4ngetaschen<br \/>\nRei\u00dfverschluss f\u00fcr kniehohe<br \/>\nStiefel Verstellbare Beinabschl\u00fcsse mit Druckkn\u00f6pfen<\/p>\n","protected":false},"excerpt":{"rendered":"<p>Die besten Regenhosen f\u00fcr die Arbeit vereinen Bewegungsfreiheit und professionelle Details. Die ALNA 2.0 Regenhose von Helly Hansen Workwear zeichnet<\/p>\n","protected":false},"featured_media":416487,"template":"","meta":{"_seopress_robots_primary_cat":"","_seopress_titles_title":"","_seopress_titles_desc":"","_seopress_robots_index":""},"product_brand":[3645],"product_cat":[1382,82],"product_tag":[],"class_list":{"0":"post-416485","1":"product","2":"type-product","3":"status-publish","4":"has-post-thumbnail","6":"product_brand-helly-hansen-de","7":"product_cat-arbeitskleidung","8":"product_cat-kleidung","10":"first","11":"onbackorder","12":"shipping-taxable","13":"purchasable","14":"product-type-variable"},"_links":{"self":[{"href":"https:\/\/lucacastelli.com\/de\/wp-json\/wp\/v2\/product\/416485","targetHints":{"allow":["GET"]}}],"collection":[{"href":"https:\/\/lucacastelli.com\/de\/wp-json\/wp\/v2\/product"}],"about":[{"href":"https:\/\/lucacastelli.com\/de\/wp-json\/wp\/v2\/types\/product"}],"wp:featuredmedia":[{"embeddable":true,"href":"https:\/\/lucacastelli.com\/de\/wp-json\/wp\/v2\/media\/416487"}],"wp:attachment":[{"href":"https:\/\/lucacastelli.com\/de\/wp-json\/wp\/v2\/media?parent=416485"}],"wp:term":[{"taxonomy":"product_brand","embeddable":true,"href":"https:\/\/lucacastelli.com\/de\/wp-json\/wp\/v2\/product_brand?post=416485"},{"taxonomy":"product_cat","embeddable":true,"href":"https:\/\/lucacastelli.com\/de\/wp-json\/wp\/v2\/product_cat?post=416485"},{"taxonomy":"product_tag","embeddable":true,"href":"https:\/\/lucacastelli.com\/de\/wp-json\/wp\/v2\/product_tag?post=416485"}],"curies":[{"name":"wp","href":"https:\/\/api.w.org\/{rel}","templated":true}]}}