{"id":416478,"date":"2023-09-13T08:17:35","date_gmt":"2023-09-13T06:17:35","guid":{"rendered":"https:\/\/lucacastelli.com\/prodotto\/helly-hansen-outline-muetze\/"},"modified":"2025-06-29T09:49:16","modified_gmt":"2025-06-29T07:49:16","slug":"helly-hansen-outline-muetze","status":"publish","type":"product","link":"https:\/\/lucacastelli.com\/de\/produkt\/helly-hansen-outline-muetze\/","title":{"rendered":"HELLY HANSEN OUTLINE M\u00dcTZE"},"content":{"rendered":"<p>Eine klassische Strickm\u00fctze mit unserem legend\u00e4ren Logo. Das ganze Jahr \u00fcber f\u00fcr alle Outdoor-Unterhaltungen geeignet. <\/p>\n<p>Unsere klassische Logo-M\u00fctze ist weich, warm und bequem. Es ist ein Muss f\u00fcr jede Outdoor-Aktivit\u00e4t. <\/p>\n<p>Fasergehalt: Oberstoff: 95 % Polyester (recycelt), 4 % Polyamid, 1 % Elasthan<br \/>\nGewicht: 70 g<\/p>\n<p>FEATURES<br \/>\nMaterial aus recyceltem Oceanbound-Kunststoff<\/p>\n","protected":false},"excerpt":{"rendered":"<p>Eine klassische Strickm\u00fctze mit unserem legend\u00e4ren Logo. Das ganze Jahr \u00fcber f\u00fcr alle Outdoor-Unterhaltungen geeignet. Unsere klassische Logo-M\u00fctze ist weich,<\/p>\n","protected":false},"featured_media":96761,"template":"","meta":{"_seopress_robots_primary_cat":"","_seopress_titles_title":"","_seopress_titles_desc":"","_seopress_robots_index":""},"product_brand":[3645],"product_cat":[1391,82],"product_tag":[],"class_list":{"0":"post-416478","1":"product","2":"type-product","3":"status-publish","4":"has-post-thumbnail","6":"product_brand-helly-hansen-de","7":"product_cat-bekleidungs-accessoires","8":"product_cat-kleidung","10":"first","11":"instock","12":"shipping-taxable","13":"purchasable","14":"product-type-variable"},"_links":{"self":[{"href":"https:\/\/lucacastelli.com\/de\/wp-json\/wp\/v2\/product\/416478","targetHints":{"allow":["GET"]}}],"collection":[{"href":"https:\/\/lucacastelli.com\/de\/wp-json\/wp\/v2\/product"}],"about":[{"href":"https:\/\/lucacastelli.com\/de\/wp-json\/wp\/v2\/types\/product"}],"wp:featuredmedia":[{"embeddable":true,"href":"https:\/\/lucacastelli.com\/de\/wp-json\/wp\/v2\/media\/96761"}],"wp:attachment":[{"href":"https:\/\/lucacastelli.com\/de\/wp-json\/wp\/v2\/media?parent=416478"}],"wp:term":[{"taxonomy":"product_brand","embeddable":true,"href":"https:\/\/lucacastelli.com\/de\/wp-json\/wp\/v2\/product_brand?post=416478"},{"taxonomy":"product_cat","embeddable":true,"href":"https:\/\/lucacastelli.com\/de\/wp-json\/wp\/v2\/product_cat?post=416478"},{"taxonomy":"product_tag","embeddable":true,"href":"https:\/\/lucacastelli.com\/de\/wp-json\/wp\/v2\/product_tag?post=416478"}],"curies":[{"name":"wp","href":"https:\/\/api.w.org\/{rel}","templated":true}]}}