{"id":416455,"date":"2023-08-27T13:02:33","date_gmt":"2023-08-27T11:02:33","guid":{"rendered":"https:\/\/lucacastelli.com\/prodotto\/helly-hansen-uc-me-shell-jacke\/"},"modified":"2025-06-29T09:48:54","modified_gmt":"2025-06-29T07:48:54","slug":"helly-hansen-uc-me-shell-jacke","status":"publish","type":"product","link":"https:\/\/lucacastelli.com\/de\/produkt\/helly-hansen-uc-me-shell-jacke\/","title":{"rendered":"HELLY HANSEN UC-ME SHELL-JACKE"},"content":{"rendered":"<p>Wassers\u00e4ule: 10&#8217;000<br \/>\nAtmungsaktivit\u00e4t: 10&#8217;000<br \/>\nEN ISO 20471:2013 Klasse 3<br \/>\nEN 343:2019 Klasse 3.3<br \/>\nAbnehmbare Kapuze<br \/>\nVertikal und horizontal verstellbare Kapuze<br \/>\nHelmtaugliche Kapuze<br \/>\nKeine Schultern\u00e4hte<br \/>\nGeb\u00fcrstetes Polyester im Kragen<br \/>\nYKK-Frontrei\u00dfverschluss\u00ae mit Kinnschutz<br \/>\nDie Napoleontasche erm\u00f6glicht den Zugriff, ohne die JACKE zu \u00f6ffnen<br \/>\nEinschubtaschen mit YKK-Rei\u00dfverschl\u00fcssen<br \/>\nModischer Rei\u00dfverschluss<br \/>\nVorgeformte \u00c4rmel f\u00fcr optimale Bewegungsfreiheit<br \/>\nVerstellbare \u00c4rmelb\u00fcndchen<br \/>\nVerstellbarer Saum mit innenliegendem elastischem Kordelzug und Leistentaschen<br \/>\nDurchreiche f\u00fcr Dokumente oder Personalausweise<br \/>\nVerl\u00e4ngerter R\u00fccken f\u00fcr zus\u00e4tzlichen Komfort<br \/>\nRei\u00dfverschluss kompatibel mit 73185 UC-ME Isolationsmaterial<br \/>\nHauptmaterial: 100% Polyester, 210 g\/m\u00b2<br \/>\nHauptmaterial 169: 100% Polyester, 200 g\/m\u00b2<br \/>\nSekund\u00e4res Hauptmaterial: 100% Polyester, 210 g\/m\u00b2<br \/>\nFutter: 100% Polyamid<\/p>\n","protected":false},"excerpt":{"rendered":"<p>Wassers\u00e4ule: 10&#8217;000 Atmungsaktivit\u00e4t: 10&#8217;000 EN ISO 20471:2013 Klasse 3 EN 343:2019 Klasse 3.3 Abnehmbare Kapuze Vertikal und horizontal verstellbare Kapuze<\/p>\n","protected":false},"featured_media":44953,"template":"","meta":{"_seopress_robots_primary_cat":"","_seopress_titles_title":"","_seopress_titles_desc":"","_seopress_robots_index":""},"product_brand":[3645],"product_cat":[1382,82],"product_tag":[],"class_list":{"0":"post-416455","1":"product","2":"type-product","3":"status-publish","4":"has-post-thumbnail","6":"product_brand-helly-hansen-de","7":"product_cat-arbeitskleidung","8":"product_cat-kleidung","9":"sws-gruppo-abb-libero-de","10":"sws-categoria-sito-de","11":"sws-conto-ricavi-merci-rivendita-abbigliamento-de","12":"sws-gruppo-iva-iva81-de","14":"first","15":"instock","16":"shipping-taxable","17":"purchasable","18":"product-type-variable"},"_links":{"self":[{"href":"https:\/\/lucacastelli.com\/de\/wp-json\/wp\/v2\/product\/416455","targetHints":{"allow":["GET"]}}],"collection":[{"href":"https:\/\/lucacastelli.com\/de\/wp-json\/wp\/v2\/product"}],"about":[{"href":"https:\/\/lucacastelli.com\/de\/wp-json\/wp\/v2\/types\/product"}],"wp:featuredmedia":[{"embeddable":true,"href":"https:\/\/lucacastelli.com\/de\/wp-json\/wp\/v2\/media\/44953"}],"wp:attachment":[{"href":"https:\/\/lucacastelli.com\/de\/wp-json\/wp\/v2\/media?parent=416455"}],"wp:term":[{"taxonomy":"product_brand","embeddable":true,"href":"https:\/\/lucacastelli.com\/de\/wp-json\/wp\/v2\/product_brand?post=416455"},{"taxonomy":"product_cat","embeddable":true,"href":"https:\/\/lucacastelli.com\/de\/wp-json\/wp\/v2\/product_cat?post=416455"},{"taxonomy":"product_tag","embeddable":true,"href":"https:\/\/lucacastelli.com\/de\/wp-json\/wp\/v2\/product_tag?post=416455"}],"curies":[{"name":"wp","href":"https:\/\/api.w.org\/{rel}","templated":true}]}}