{"id":416348,"date":"2025-03-05T10:12:49","date_gmt":"2025-03-05T09:12:49","guid":{"rendered":"https:\/\/lucacastelli.com\/prodotto\/helly-hansen-alna-2-0-regenjacke\/"},"modified":"2025-06-29T09:53:24","modified_gmt":"2025-06-29T07:53:24","slug":"helly-hansen-alna-2-0-regenjacke","status":"publish","type":"product","link":"https:\/\/lucacastelli.com\/de\/produkt\/helly-hansen-alna-2-0-regenjacke\/","title":{"rendered":"HELLY HANSEN ALNA 2.0 REGENJACKE"},"content":{"rendered":"<p>Die Alna 2.0 Regenjacke ist mit professionellen Elementen ausgestattet, um Regen und Feuchtigkeit zu bek\u00e4mpfen. Bleiben Sie bequem trocken mit der Polyurethan-Au\u00dfenh\u00fclle und den Neoprenb\u00fcndchen. Der breitere R\u00fccken sch\u00fctzt die Taille, wenn Sie sich den ganzen Tag \u00fcber bewegen, beugen und Gegenst\u00e4nde heben. Die doppelte Klappe an der Vorderseite dieser Regenarbeitsjacke isoliert den Rei\u00dfverschluss vor Wasser. Passen Sie die Passform mit einer verstellbaren Kapuze und einem verstellbaren Saum an, beide mit einem elastischen Kordelzug. Die Kapuze kann bei sch\u00f6nem Wetter leicht abgenommen werden. Die Sichtbarkeit ist dank des gut sichtbaren Gewebes auf Brust und Schultern sowie der reflektierenden Streifen an Schultern, Armen, Mitte und Seiten garantiert. Die Brusttasche mit YKK-Rei\u00dfverschluss\u00ae und die Ausweisschlaufe halten Gegenst\u00e4nde griffbereit und sicher.       <\/p>\n<p>&nbsp;<\/p>\n<div class=\"productCollapseSection-productCollapseSectionTitle-GX9z3\">\n<h2 class=\"heading-module-default-YCWYJ heading-module-style--h3-UaBAX\">Vor- und Nachteile<\/h2>\n<\/div>\n<div class=\"productCollapseSection-productCollapseSectionContent-UycAf\">\n<div class=\"productDetails-productDetails-kuKw2\">\n<p>Ballaststoffgehalt:<\/p>\n<div class=\"productDetails-root-wvyJh\">Hauptmaterial: 100% PU gestrickt, 100% Polyester &#8211; 240 g\/m\u00b2<\/div>\n<p>Pflegehinweise:<\/p>\n<div class=\"productDetails-root-wvyJh\">Maschinenw\u00e4sche in lauwarmem Wasser &#8211; 40\u00b0C.  Nicht bleichen. Nicht im Trockner trocknen. Nicht b\u00fcgeln. Nicht chemisch reinigen. Auf der Leine trocknen.     <\/div>\n<\/div>\n<\/div>\n<div><\/div>\n<div><\/div>\n<div>\n<div class=\"productCollapseSection-productCollapseSectionTitle-GX9z3\">\n<h2 class=\"heading-module-default-YCWYJ heading-module-style--h3-UaBAX\">Merkmal<\/h2>\n<\/div>\n<div class=\"productCollapseSection-productCollapseSectionContent-UycAf\">\n<ul>\n<li>EN ISO 20471:2013: 3: Gr\u00f6\u00dfe L-&gt;<\/li>\n<li>EN ISO 20471:2013: 2: Gr\u00f6\u00dfe XS-M<\/li>\n<li>EN 343:2019: 4, 1, X<\/li>\n<li>Heften mit AMANN Garnen<\/li>\n<li>YKK-Rei\u00dfverschluss\u00ae<\/li>\n<li>Verstellbare Kapuze mit elastischem Kordelzug<\/li>\n<li>Abnehmbare Kapuze<\/li>\n<li>Krageninnenseite aus geb\u00fcrstetem Polyester<\/li>\n<li>Doppelte Klappe aus dem Hauptstoff auf der Vorderseite<\/li>\n<li>&#8220;Napoleon&#8221;-Tasche mit YKK-Rei\u00dfverschluss\u00ae<\/li>\n<li>Einschubtaschen<\/li>\n<li>Neopren-B\u00fcndchen<\/li>\n<li>Verstellbarer Saum mit elastischem Kordelzug in der Einschubtasche<\/li>\n<li>Verl\u00e4ngerter R\u00fccken f\u00fcr zus\u00e4tzlichen Komfort<\/li>\n<li>Schlaufe f\u00fcr Ausweis<\/li>\n<\/ul>\n<\/div>\n<\/div>\n","protected":false},"excerpt":{"rendered":"<p>Die Alna 2.0 Regenjacke ist mit professionellen Elementen ausgestattet, um Regen und Feuchtigkeit zu bek\u00e4mpfen. Bleiben Sie bequem trocken mit<\/p>\n","protected":false},"featured_media":404344,"template":"","meta":{"_seopress_robots_primary_cat":"","_seopress_titles_title":"","_seopress_titles_desc":"","_seopress_robots_index":""},"product_brand":[3425],"product_cat":[21,284,190],"product_tag":[],"class_list":{"0":"post-416348","1":"product","2":"type-product","3":"status-publish","4":"has-post-thumbnail","6":"product_brand-helly-hansen","7":"product_cat-abbigliamento","8":"product_cat-abbigliamento-da-lavoro","9":"product_cat-abbigliamento-da-uomo","10":"sws-gruppo-abb-libero-de","11":"sws-conto-ricavi-merci-rivendita-abbigliamento-de","12":"sws-gruppo-iva-iva81-de","14":"first","15":"instock","16":"shipping-taxable","17":"purchasable","18":"product-type-variable"},"_links":{"self":[{"href":"https:\/\/lucacastelli.com\/de\/wp-json\/wp\/v2\/product\/416348","targetHints":{"allow":["GET"]}}],"collection":[{"href":"https:\/\/lucacastelli.com\/de\/wp-json\/wp\/v2\/product"}],"about":[{"href":"https:\/\/lucacastelli.com\/de\/wp-json\/wp\/v2\/types\/product"}],"wp:featuredmedia":[{"embeddable":true,"href":"https:\/\/lucacastelli.com\/de\/wp-json\/wp\/v2\/media\/404344"}],"wp:attachment":[{"href":"https:\/\/lucacastelli.com\/de\/wp-json\/wp\/v2\/media?parent=416348"}],"wp:term":[{"taxonomy":"product_brand","embeddable":true,"href":"https:\/\/lucacastelli.com\/de\/wp-json\/wp\/v2\/product_brand?post=416348"},{"taxonomy":"product_cat","embeddable":true,"href":"https:\/\/lucacastelli.com\/de\/wp-json\/wp\/v2\/product_cat?post=416348"},{"taxonomy":"product_tag","embeddable":true,"href":"https:\/\/lucacastelli.com\/de\/wp-json\/wp\/v2\/product_tag?post=416348"}],"curies":[{"name":"wp","href":"https:\/\/api.w.org\/{rel}","templated":true}]}}