{"id":416316,"date":"2025-02-25T13:51:08","date_gmt":"2025-02-25T12:51:08","guid":{"rendered":"https:\/\/lucacastelli.com\/prodotto\/helly-hansen-hh-flatbrim-trucker-cap-grau-kaktus\/"},"modified":"2025-06-29T09:51:27","modified_gmt":"2025-06-29T07:51:27","slug":"helly-hansen-hh-flatbrim-trucker-cap-grau-kaktus","status":"publish","type":"product","link":"https:\/\/lucacastelli.com\/de\/produkt\/helly-hansen-hh-flatbrim-trucker-cap-grau-kaktus\/","title":{"rendered":"Helly Hansen HH Flatbrim Trucker Cap &#8211; Grau-Kaktus"},"content":{"rendered":"<div class=\"productDetailsSection_productDescriptionSection__FDg0y\">\n<div class=\"productDescription_productDescription__sJIE6\" data-mt-type=\"product-description\">\n<div class=\"richtext_wrapper__lJjZg productDescription_productDescriptionContent__0A3VB\">Ein klassischer Trucker-Hut f\u00fcr jede Aktivit\u00e4t. W\u00e4hlen Sie aus einer Vielzahl von Grafikstilen. <\/div>\n<\/div>\n<\/div>\n<div class=\"productCollapseSection_productCollapseSection__6fb5x\">\n<div class=\"productCollapseSection_productCollapseSectionTitle__1Vh_4\">\n<h2 class=\"heading_default__PX0IL heading_style--h3__KKzhL\">Vor- und Nachteile<\/h2>\n<\/div>\n<div class=\"productCollapseSection_productCollapseSectionContent__VJCb7\">\n<div class=\"productDetails_productDetails__g_C4N\">Ballaststoffgehalt:<\/p>\n<div class=\"richtext_wrapper__lJjZg blocks_root__vE_15\">Au\u00dfenmaterial: 100% Polyester. Oberstoff 2: 100% Polyester <\/div>\n<div class=\"productDetails_productDetailsCols__K1qqI\">\n<div class=\"productDetails_productDetailsRow__bHp5_\">\n<div class=\"blocks_mobileInlineWrapper__N_Soc\">Gewicht: 0g<\/div>\n<\/div>\n<\/div>\n<\/div>\n<\/div>\n<\/div>\n<div class=\"productCollapseSection_productCollapseSection__6fb5x productFeatures_root__BqPE9\">\n<div class=\"productCollapseSection_productCollapseSectionTitle__1Vh_4\">\n<h2 class=\"heading_default__PX0IL heading_style--h3__KKzhL\">Merkmal<\/h2>\n<\/div>\n<div class=\"productCollapseSection_productCollapseSectionContent__VJCb7\">\n<ul>\n<li>5-teiliger Hut mit starrem Canvas-Futter<\/li>\n<li>Klassischer Mesh-R\u00fccken<\/li>\n<li>Gesteppter Kopfb\u00fcgel f\u00fcr zus\u00e4tzlichen Komfort<\/li>\n<li>Einheitsgr\u00f6\u00dfe<\/li>\n<li>Verstellbarer Verschluss<\/li>\n<\/ul>\n<\/div>\n<\/div>\n","protected":false},"excerpt":{"rendered":"<p>Ein klassischer Trucker-Hut f\u00fcr jede Aktivit\u00e4t. W\u00e4hlen Sie aus einer Vielzahl von Grafikstilen. Vor- und Nachteile Ballaststoffgehalt: Au\u00dfenmaterial: 100% Polyester.<\/p>\n","protected":false},"featured_media":102868,"template":"","meta":{"_seopress_robots_primary_cat":"","_seopress_titles_title":"","_seopress_titles_desc":"","_seopress_robots_index":""},"product_brand":[3425],"product_cat":[21,186,211,212],"product_tag":[],"class_list":{"0":"post-416316","1":"product","2":"type-product","3":"status-publish","4":"has-post-thumbnail","6":"product_brand-helly-hansen","7":"product_cat-abbigliamento","8":"product_cat-accessori-per-labbigliamento","9":"product_cat-attrezzatura-per-il-tempo-libero","10":"product_cat-altro","11":"sws-gruppo-abb-libero-de","12":"sws-gruppo-no-gruppo-de","13":"sws-categoria-sito-de","14":"sws-conto-ricavi-merci-rivendita-abbigliamento-de","15":"sws-gruppo-iva-iva81-de","17":"first","18":"instock","19":"shipping-taxable","20":"purchasable","21":"product-type-simple"},"_links":{"self":[{"href":"https:\/\/lucacastelli.com\/de\/wp-json\/wp\/v2\/product\/416316","targetHints":{"allow":["GET"]}}],"collection":[{"href":"https:\/\/lucacastelli.com\/de\/wp-json\/wp\/v2\/product"}],"about":[{"href":"https:\/\/lucacastelli.com\/de\/wp-json\/wp\/v2\/types\/product"}],"wp:featuredmedia":[{"embeddable":true,"href":"https:\/\/lucacastelli.com\/de\/wp-json\/wp\/v2\/media\/102868"}],"wp:attachment":[{"href":"https:\/\/lucacastelli.com\/de\/wp-json\/wp\/v2\/media?parent=416316"}],"wp:term":[{"taxonomy":"product_brand","embeddable":true,"href":"https:\/\/lucacastelli.com\/de\/wp-json\/wp\/v2\/product_brand?post=416316"},{"taxonomy":"product_cat","embeddable":true,"href":"https:\/\/lucacastelli.com\/de\/wp-json\/wp\/v2\/product_cat?post=416316"},{"taxonomy":"product_tag","embeddable":true,"href":"https:\/\/lucacastelli.com\/de\/wp-json\/wp\/v2\/product_tag?post=416316"}],"curies":[{"name":"wp","href":"https:\/\/api.w.org\/{rel}","templated":true}]}}