{"id":416315,"date":"2025-02-25T11:50:03","date_gmt":"2025-02-25T10:50:03","guid":{"rendered":"https:\/\/lucacastelli.com\/prodotto\/helly-hansen-hh-ball-cap-weiss\/"},"modified":"2025-06-29T09:51:08","modified_gmt":"2025-06-29T07:51:08","slug":"helly-hansen-hh-ball-cap-weiss","status":"publish","type":"product","link":"https:\/\/lucacastelli.com\/de\/produkt\/helly-hansen-hh-ball-cap-weiss\/","title":{"rendered":"Helly Hansen HH Ball Cap &#8211; Wei\u00df"},"content":{"rendered":"<div class=\"productDetailsSection_productDescriptionSection__FDg0y\">\n<div class=\"productDescription_productDescription__sJIE6\" data-mt-type=\"product-description\">\n<div class=\"richtext_wrapper__lJjZg productDescription_productDescriptionContent__0A3VB\">Sch\u00fctzen Sie sich vor der Sonne mit unserer HH Ball Cap. Dieser klassische Hut ist in vielen Farben erh\u00e4ltlich und verf\u00fcgt \u00fcber gestickte Bel\u00fcftungs\u00f6sen, um Sie k\u00fchl zu halten. Mit dem Druckknopf auf der R\u00fcckseite k\u00f6nnen Sie die Passform der M\u00fctze anpassen.  <\/div>\n<\/div>\n<\/div>\n<div class=\"productCollapseSection_productCollapseSection__6fb5x\">\n<div class=\"productCollapseSection_productCollapseSectionTitle__1Vh_4\">\n<h2 class=\"heading_default__PX0IL heading_style--h3__KKzhL\">Vor- und Nachteile<\/h2>\n<\/div>\n<div class=\"productCollapseSection_productCollapseSectionContent__VJCb7\">\n<div class=\"productDetails_productDetails__g_C4N\">\n<p>Ballaststoffgehalt:<\/p>\n<div class=\"richtext_wrapper__lJjZg blocks_root__vE_15\">Obermaterial: 100% Baumwolle<\/div>\n<p>Pflegehinweise:<\/p>\n<div class=\"richtext_wrapper__lJjZg blocks_root__vE_15\">Nicht einweichen.<\/div>\n<div class=\"productDetails_productDetailsCols__K1qqI\">\n<div class=\"productDetails_productDetailsRow__bHp5_\">\n<div class=\"blocks_mobileInlineWrapper__N_Soc\">Gewicht: 90 g<\/div>\n<\/div>\n<\/div>\n<\/div>\n<\/div>\n<\/div>\n<div class=\"productCollapseSection_productCollapseSection__6fb5x productFeatures_root__BqPE9\">\n<div class=\"productCollapseSection_productCollapseSectionTitle__1Vh_4\">\n<h2 class=\"heading_default__PX0IL heading_style--h3__KKzhL\">Merkmal<\/h2>\n<\/div>\n<div class=\"productCollapseSection_productCollapseSectionContent__VJCb7\">\n<ul>\n<li>Baumwoll-Twill<\/li>\n<li>Verstellbarer R\u00fcckenverschluss<\/li>\n<li>Einheitsgr\u00f6\u00dfe<\/li>\n<\/ul>\n<\/div>\n<\/div>\n","protected":false},"excerpt":{"rendered":"<p>Sch\u00fctzen Sie sich vor der Sonne mit unserer HH Ball Cap. Dieser klassische Hut ist in vielen Farben erh\u00e4ltlich und<\/p>\n","protected":false},"featured_media":102794,"template":"","meta":{"_seopress_robots_primary_cat":"","_seopress_titles_title":"","_seopress_titles_desc":"","_seopress_robots_index":""},"product_brand":[3425],"product_cat":[21,186,211,212],"product_tag":[],"class_list":{"0":"post-416315","1":"product","2":"type-product","3":"status-publish","4":"has-post-thumbnail","6":"product_brand-helly-hansen","7":"product_cat-abbigliamento","8":"product_cat-accessori-per-labbigliamento","9":"product_cat-attrezzatura-per-il-tempo-libero","10":"product_cat-altro","11":"sws-gruppo-abb-libero-de","12":"sws-gruppo-no-gruppo-de","13":"sws-categoria-sito-de","14":"sws-conto-ricavi-merci-rivendita-abbigliamento-de","15":"sws-gruppo-iva-iva81-de","17":"first","18":"instock","19":"shipping-taxable","20":"purchasable","21":"product-type-simple"},"_links":{"self":[{"href":"https:\/\/lucacastelli.com\/de\/wp-json\/wp\/v2\/product\/416315","targetHints":{"allow":["GET"]}}],"collection":[{"href":"https:\/\/lucacastelli.com\/de\/wp-json\/wp\/v2\/product"}],"about":[{"href":"https:\/\/lucacastelli.com\/de\/wp-json\/wp\/v2\/types\/product"}],"wp:featuredmedia":[{"embeddable":true,"href":"https:\/\/lucacastelli.com\/de\/wp-json\/wp\/v2\/media\/102794"}],"wp:attachment":[{"href":"https:\/\/lucacastelli.com\/de\/wp-json\/wp\/v2\/media?parent=416315"}],"wp:term":[{"taxonomy":"product_brand","embeddable":true,"href":"https:\/\/lucacastelli.com\/de\/wp-json\/wp\/v2\/product_brand?post=416315"},{"taxonomy":"product_cat","embeddable":true,"href":"https:\/\/lucacastelli.com\/de\/wp-json\/wp\/v2\/product_cat?post=416315"},{"taxonomy":"product_tag","embeddable":true,"href":"https:\/\/lucacastelli.com\/de\/wp-json\/wp\/v2\/product_tag?post=416315"}],"curies":[{"name":"wp","href":"https:\/\/api.w.org\/{rel}","templated":true}]}}