{"id":416312,"date":"2025-02-24T19:30:14","date_gmt":"2025-02-24T18:30:14","guid":{"rendered":"https:\/\/lucacastelli.com\/prodotto\/helly-hansen-hh-trucker-kappe-navy\/"},"modified":"2025-06-29T09:51:00","modified_gmt":"2025-06-29T07:51:00","slug":"helly-hansen-hh-trucker-kappe-navy","status":"publish","type":"product","link":"https:\/\/lucacastelli.com\/de\/produkt\/helly-hansen-hh-trucker-kappe-navy\/","title":{"rendered":"Helly Hansen HH Trucker Kappe &#8211; Navy"},"content":{"rendered":"<div class=\"productDetailsSection_productDescriptionSection__FDg0y\">\n<div class=\"productDescription_productDescription__sJIE6\" data-mt-type=\"product-description\">\n<div class=\"richtext_wrapper__lJjZg productDescription_productDescriptionContent__0A3VB\">Dieser atmungsaktive Hut aus Baumwoll-Twill ist perfekt f\u00fcr jede Aktivit\u00e4t in dieser Saison. Eine verstellbare Snapback erm\u00f6glicht es Ihnen, die Passform zu steuern. <\/div>\n<\/div>\n<\/div>\n<div class=\"productCollapseSection_productCollapseSection__6fb5x\">\n<div class=\"productCollapseSection_productCollapseSectionTitle__1Vh_4\">\n<h2 class=\"heading_default__PX0IL heading_style--h3__KKzhL\">Vor- und Nachteile<\/h2>\n<\/div>\n<div class=\"productCollapseSection_productCollapseSectionContent__VJCb7\">\n<div class=\"productDetails_productDetails__g_C4N\">Ballaststoffgehalt:<\/p>\n<div class=\"richtext_wrapper__lJjZg blocks_root__vE_15\">Oberstoff 2: 100% Polyester<\/div>\n<div class=\"productDetails_productDetailsCols__K1qqI\">\n<div class=\"productDetails_productDetailsRow__bHp5_\">\n<div class=\"blocks_mobileInlineWrapper__N_Soc\">Gewicht: 90 g<\/div>\n<\/div>\n<\/div>\n<\/div>\n<\/div>\n<\/div>\n<div class=\"productCollapseSection_productCollapseSection__6fb5x productFeatures_root__BqPE9\">\n<div class=\"productCollapseSection_productCollapseSectionTitle__1Vh_4\">\n<h2 class=\"heading_default__PX0IL heading_style--h3__KKzhL\">Merkmal<\/h2>\n<\/div>\n<div class=\"productCollapseSection_productCollapseSectionContent__VJCb7\">\n<ul>\n<li>Netzabdeckung<\/li>\n<li>Baumwoll-Twill<\/li>\n<li>Verstellbarer Snapback<\/li>\n<li>Einheitsgr\u00f6\u00dfe<\/li>\n<\/ul>\n<\/div>\n<\/div>\n","protected":false},"excerpt":{"rendered":"<p>Dieser atmungsaktive Hut aus Baumwoll-Twill ist perfekt f\u00fcr jede Aktivit\u00e4t in dieser Saison. Eine verstellbare Snapback erm\u00f6glicht es Ihnen, die<\/p>\n","protected":false},"featured_media":102760,"template":"","meta":{"_seopress_robots_primary_cat":"","_seopress_titles_title":"","_seopress_titles_desc":"","_seopress_robots_index":""},"product_brand":[3425],"product_cat":[21,186,211,212],"product_tag":[],"class_list":{"0":"post-416312","1":"product","2":"type-product","3":"status-publish","4":"has-post-thumbnail","6":"product_brand-helly-hansen","7":"product_cat-abbigliamento","8":"product_cat-accessori-per-labbigliamento","9":"product_cat-attrezzatura-per-il-tempo-libero","10":"product_cat-altro","11":"sws-gruppo-abb-libero","12":"sws-gruppo-no-gruppo","13":"sws-categoria-sito","14":"sws-sottocategoria-altro","15":"sws-conto-ricavi-merci-rivendita-abbigliamento","16":"sws-gruppo-iva-iva81","18":"first","19":"instock","20":"shipping-taxable","21":"purchasable","22":"product-type-simple"},"_links":{"self":[{"href":"https:\/\/lucacastelli.com\/de\/wp-json\/wp\/v2\/product\/416312","targetHints":{"allow":["GET"]}}],"collection":[{"href":"https:\/\/lucacastelli.com\/de\/wp-json\/wp\/v2\/product"}],"about":[{"href":"https:\/\/lucacastelli.com\/de\/wp-json\/wp\/v2\/types\/product"}],"wp:featuredmedia":[{"embeddable":true,"href":"https:\/\/lucacastelli.com\/de\/wp-json\/wp\/v2\/media\/102760"}],"wp:attachment":[{"href":"https:\/\/lucacastelli.com\/de\/wp-json\/wp\/v2\/media?parent=416312"}],"wp:term":[{"taxonomy":"product_brand","embeddable":true,"href":"https:\/\/lucacastelli.com\/de\/wp-json\/wp\/v2\/product_brand?post=416312"},{"taxonomy":"product_cat","embeddable":true,"href":"https:\/\/lucacastelli.com\/de\/wp-json\/wp\/v2\/product_cat?post=416312"},{"taxonomy":"product_tag","embeddable":true,"href":"https:\/\/lucacastelli.com\/de\/wp-json\/wp\/v2\/product_tag?post=416312"}],"curies":[{"name":"wp","href":"https:\/\/api.w.org\/{rel}","templated":true}]}}