{"id":416305,"date":"2025-02-24T19:17:34","date_gmt":"2025-02-24T18:17:34","guid":{"rendered":"https:\/\/lucacastelli.com\/prodotto\/helly-hansen-hh-guerteltasche-mit-logo\/"},"modified":"2025-06-29T09:51:07","modified_gmt":"2025-06-29T07:51:07","slug":"helly-hansen-hh-guerteltasche-mit-logo","status":"publish","type":"product","link":"https:\/\/lucacastelli.com\/de\/produkt\/helly-hansen-hh-guerteltasche-mit-logo\/","title":{"rendered":"Helly Hansen HH\u00ae G\u00fcrteltasche mit Logo"},"content":{"rendered":"<div class=\"productDetailsSection_productDescriptionSection__FDg0y\">\n<div class=\"productDescription_productDescription__sJIE6\" data-mt-type=\"product-description\">\n<div class=\"richtext_wrapper__lJjZg productDescription_productDescriptionContent__0A3VB\">Die G\u00fcrteltasche mit\u00ae HH-Logo eignet sich perfekt zum Verstauen von Sonnencreme, Snacks, Schl\u00fcsseln, Handy und Reisedokumenten. Sie k\u00f6nnen es f\u00fcr jedes Abenteuer verwenden, vom Wandern bis hin zu Veranstaltungen wie Konzerten. Wir haben ein robustes, wasserabweisendes 210D-Nylon-Ripstop-Gewebe in Kombination mit der PU-R\u00fcckseite verwendet, um Ihre kleineren Gegenst\u00e4nde trocken zu halten. Die G\u00fcrteltasche ist mit einer internen Netztasche f\u00fcr Ihren Reisepass oder Ihr Mobiltelefon ausgestattet. Der Bund besteht aus bequemem, verst\u00e4rktem Gewebe.    <\/div>\n<\/div>\n<\/div>\n<div class=\"productCollapseSection_productCollapseSection__6fb5x\">\n<div class=\"productCollapseSection_productCollapseSectionTitle__1Vh_4\">\n<h2 class=\"heading_default__PX0IL heading_style--h3__KKzhL\">Vor- und Nachteile<\/h2>\n<\/div>\n<div class=\"productCollapseSection_productCollapseSectionContent__VJCb7\">\n<div class=\"productDetails_productDetails__g_C4N\">\n<div class=\"productDetails_productDetailsCols__K1qqI\">\n<div class=\"productDetails_productDetailsRow__bHp5_\">\n<div class=\"blocks_mobileInlineWrapper__N_Soc\">Volumen: 1L<\/div>\n<\/div>\n<div class=\"productDetails_productDetailsRow__bHp5_\">\n<div class=\"blocks_mobileInlineWrapper__N_Soc\">Breite: 28,0 cm<\/div>\n<\/div>\n<div class=\"productDetails_productDetailsRow__bHp5_\">\n<div class=\"blocks_mobileInlineWrapper__N_Soc\">Tiefe: 7,5 cm<\/div>\n<\/div>\n<div class=\"productDetails_productDetailsRow__bHp5_\">\n<div class=\"blocks_mobileInlineWrapper__N_Soc\">L\u00e4nge: 15,0 cm<\/div>\n<\/div>\n<div class=\"productDetails_productDetailsRow__bHp5_\">\n<div class=\"blocks_mobileInlineWrapper__N_Soc\">Gewicht: 0g<\/div>\n<\/div>\n<\/div>\n<\/div>\n<\/div>\n<\/div>\n<div class=\"productCollapseSection_productCollapseSection__6fb5x productFeatures_root__BqPE9 productFeatures_twoColumnsList__vArq2\">\n<div class=\"productCollapseSection_productCollapseSectionTitle__1Vh_4\">\n<h2 class=\"heading_default__PX0IL heading_style--h3__KKzhL\">Merkmal<\/h2>\n<\/div>\n<div class=\"productCollapseSection_productCollapseSectionContent__VJCb7\">\n<ul>\n<li>YKK-Rei\u00dfverschluss\u00ae<\/li>\n<li>Elastische G\u00fcrtelschlaufen<\/li>\n<li>210D Nylon-Ripstop mit DWR- und PU-R\u00fcckseite<\/li>\n<li>Das Hauptfach verf\u00fcgt \u00fcber eine Innentasche aus Netz.<\/li>\n<li>Gedrucktes HH-Logo\u00ae<\/li>\n<li>H\u00fcftgurt aus verst\u00e4rktem Polypropylen<\/li>\n<li>Vollst\u00e4ndig gef\u00fcttert<\/li>\n<\/ul>\n<\/div>\n<\/div>\n","protected":false},"excerpt":{"rendered":"<p>Die G\u00fcrteltasche mit\u00ae HH-Logo eignet sich perfekt zum Verstauen von Sonnencreme, Snacks, Schl\u00fcsseln, Handy und Reisedokumenten. Sie k\u00f6nnen es f\u00fcr<\/p>\n","protected":false},"featured_media":102749,"template":"","meta":{"_seopress_robots_primary_cat":"","_seopress_titles_title":"","_seopress_titles_desc":"","_seopress_robots_index":""},"product_brand":[3425],"product_cat":[21,186,211,212],"product_tag":[],"class_list":{"0":"post-416305","1":"product","2":"type-product","3":"status-publish","4":"has-post-thumbnail","6":"product_brand-helly-hansen","7":"product_cat-abbigliamento","8":"product_cat-accessori-per-labbigliamento","9":"product_cat-attrezzatura-per-il-tempo-libero","10":"product_cat-altro","11":"sws-gruppo-abb-libero","12":"sws-gruppo-no-gruppo","13":"sws-categoria-sito","14":"sws-sottocategoria-altro","15":"sws-conto-ricavi-merci-rivendita-abbigliamento","16":"sws-gruppo-iva-iva81","18":"first","19":"instock","20":"shipping-taxable","21":"purchasable","22":"product-type-simple"},"_links":{"self":[{"href":"https:\/\/lucacastelli.com\/de\/wp-json\/wp\/v2\/product\/416305","targetHints":{"allow":["GET"]}}],"collection":[{"href":"https:\/\/lucacastelli.com\/de\/wp-json\/wp\/v2\/product"}],"about":[{"href":"https:\/\/lucacastelli.com\/de\/wp-json\/wp\/v2\/types\/product"}],"wp:featuredmedia":[{"embeddable":true,"href":"https:\/\/lucacastelli.com\/de\/wp-json\/wp\/v2\/media\/102749"}],"wp:attachment":[{"href":"https:\/\/lucacastelli.com\/de\/wp-json\/wp\/v2\/media?parent=416305"}],"wp:term":[{"taxonomy":"product_brand","embeddable":true,"href":"https:\/\/lucacastelli.com\/de\/wp-json\/wp\/v2\/product_brand?post=416305"},{"taxonomy":"product_cat","embeddable":true,"href":"https:\/\/lucacastelli.com\/de\/wp-json\/wp\/v2\/product_cat?post=416305"},{"taxonomy":"product_tag","embeddable":true,"href":"https:\/\/lucacastelli.com\/de\/wp-json\/wp\/v2\/product_tag?post=416305"}],"curies":[{"name":"wp","href":"https:\/\/api.w.org\/{rel}","templated":true}]}}