{"id":416268,"date":"2025-02-24T19:06:21","date_gmt":"2025-02-24T18:06:21","guid":{"rendered":"https:\/\/lucacastelli.com\/prodotto\/helly-hansen\/"},"modified":"2025-06-29T09:50:49","modified_gmt":"2025-06-29T07:50:49","slug":"helly-hansen","status":"publish","type":"product","link":"https:\/\/lucacastelli.com\/de\/produkt\/helly-hansen\/","title":{"rendered":"Helly Hansen"},"content":{"rendered":"<div class=\"productDetailsSection_productDescriptionSection__FDg0y\">\n<div class=\"productDescription_productDescription__sJIE6\" data-mt-type=\"product-description\">\n<div class=\"richtext_wrapper__lJjZg productDescription_productDescriptionContent__0A3VB\">Unser HH Graphic T-Shirt f\u00fcr Jungen ist ein vielseitiges Kleidungsst\u00fcck, das zu jeder Jahreszeit getragen werden kann. An sonnigen Tagen ist es ein gro\u00dfartiges T-Shirt, das Sie alleine tragen k\u00f6nnen, w\u00e4hrend Sie es an k\u00e4lteren Tagen unter einem Hoodie oder einer Jacke tragen k\u00f6nnen. <\/div>\n<\/div>\n<\/div>\n<div class=\"productCollapseSection_productCollapseSection__6fb5x\">\n<div class=\"productCollapseSection_productCollapseSectionTitle__1Vh_4\">\n<h2 class=\"heading_default__PX0IL heading_style--h3__KKzhL\">Vor- und Nachteile<\/h2>\n<\/div>\n<div class=\"productCollapseSection_productCollapseSectionContent__VJCb7\">\n<div class=\"productDetails_productDetails__g_C4N\">\n<p>Ballaststoffgehalt:<\/p>\n<div class=\"richtext_wrapper__lJjZg blocks_root__vE_15\">Obermaterial: 97% Bio-Baumwolle, 3% Elasthan<\/div>\n<\/div>\n<\/div>\n<\/div>\n<div class=\"productCollapseSection_productCollapseSection__6fb5x productFeatures_root__BqPE9\">\n<div class=\"productCollapseSection_productCollapseSectionTitle__1Vh_4\">\n<h2 class=\"heading_default__PX0IL heading_style--h3__KKzhL\"><\/h2>\n<\/div>\n<\/div>\n","protected":false},"excerpt":{"rendered":"<p>Unser HH Graphic T-Shirt f\u00fcr Jungen ist ein vielseitiges Kleidungsst\u00fcck, das zu jeder Jahreszeit getragen werden kann. An sonnigen Tagen<\/p>\n","protected":false},"featured_media":102740,"template":"","meta":{"_seopress_robots_primary_cat":"","_seopress_titles_title":"","_seopress_titles_desc":"","_seopress_robots_index":""},"product_brand":[3425],"product_cat":[21,685,211,212],"product_tag":[],"class_list":{"0":"post-416268","1":"product","2":"type-product","3":"status-publish","4":"has-post-thumbnail","6":"product_brand-helly-hansen","7":"product_cat-abbigliamento","8":"product_cat-abbigliamento-da-bambino","9":"product_cat-attrezzatura-per-il-tempo-libero","10":"product_cat-altro","11":"sws-gruppo-abb-libero-de","12":"sws-categoria-sito-de","13":"sws-sottocategoria-altro-de","14":"sws-conto-ricavi-merci-rivendita-abbigliamento-de","15":"sws-gruppo-iva-iva81-de","17":"first","18":"instock","19":"shipping-taxable","20":"purchasable","21":"product-type-variable"},"_links":{"self":[{"href":"https:\/\/lucacastelli.com\/de\/wp-json\/wp\/v2\/product\/416268","targetHints":{"allow":["GET"]}}],"collection":[{"href":"https:\/\/lucacastelli.com\/de\/wp-json\/wp\/v2\/product"}],"about":[{"href":"https:\/\/lucacastelli.com\/de\/wp-json\/wp\/v2\/types\/product"}],"wp:featuredmedia":[{"embeddable":true,"href":"https:\/\/lucacastelli.com\/de\/wp-json\/wp\/v2\/media\/102740"}],"wp:attachment":[{"href":"https:\/\/lucacastelli.com\/de\/wp-json\/wp\/v2\/media?parent=416268"}],"wp:term":[{"taxonomy":"product_brand","embeddable":true,"href":"https:\/\/lucacastelli.com\/de\/wp-json\/wp\/v2\/product_brand?post=416268"},{"taxonomy":"product_cat","embeddable":true,"href":"https:\/\/lucacastelli.com\/de\/wp-json\/wp\/v2\/product_cat?post=416268"},{"taxonomy":"product_tag","embeddable":true,"href":"https:\/\/lucacastelli.com\/de\/wp-json\/wp\/v2\/product_tag?post=416268"}],"curies":[{"name":"wp","href":"https:\/\/api.w.org\/{rel}","templated":true}]}}