{"id":416248,"date":"2024-08-29T06:19:32","date_gmt":"2024-08-29T04:19:32","guid":{"rendered":"https:\/\/lucacastelli.com\/prodotto\/helly-hansen-kids-outline-muetze-489-cactus\/"},"modified":"2025-06-29T09:50:41","modified_gmt":"2025-06-29T07:50:41","slug":"helly-hansen-kids-outline-muetze-489-cactus","status":"publish","type":"product","link":"https:\/\/lucacastelli.com\/de\/produkt\/helly-hansen-kids-outline-muetze-489-cactus\/","title":{"rendered":"HELLY HANSEN KIDS OUTLINE M\u00dcTZE 489 CACTUS"},"content":{"rendered":"<p>Klassische Kinderm\u00fctze f\u00fcr einen weichen, warmen und bequemen Alltag. Es ist ein ideales Accessoire, um die Kleinen warm zu halten. <\/p>\n<p>Details<br \/>\nFaserinhalt:<br \/>\nObermaterial: 95% Acryl, 4% Polyamid, 1% Elasthan<br \/>\nGewicht:0g<\/p>\n<p>Funktionalit\u00e4t<br \/>\n100% Acrylgestrick<\/p>\n","protected":false},"excerpt":{"rendered":"<p>Klassische Kinderm\u00fctze f\u00fcr einen weichen, warmen und bequemen Alltag. Es ist ein ideales Accessoire, um die Kleinen warm zu halten.<\/p>\n","protected":false},"featured_media":97162,"template":"","meta":{"_seopress_robots_primary_cat":"","_seopress_titles_title":"","_seopress_titles_desc":"","_seopress_robots_index":""},"product_brand":[3425],"product_cat":[21,189,685,186],"product_tag":[],"class_list":{"0":"post-416248","1":"product","2":"type-product","3":"status-publish","4":"has-post-thumbnail","6":"product_brand-helly-hansen","7":"product_cat-abbigliamento","8":"product_cat-abbigliamento-per-il-tempo-libero","9":"product_cat-abbigliamento-da-bambino","10":"product_cat-accessori-per-labbigliamento","12":"first","13":"instock","14":"shipping-taxable","15":"purchasable","16":"product-type-simple"},"_links":{"self":[{"href":"https:\/\/lucacastelli.com\/de\/wp-json\/wp\/v2\/product\/416248","targetHints":{"allow":["GET"]}}],"collection":[{"href":"https:\/\/lucacastelli.com\/de\/wp-json\/wp\/v2\/product"}],"about":[{"href":"https:\/\/lucacastelli.com\/de\/wp-json\/wp\/v2\/types\/product"}],"wp:featuredmedia":[{"embeddable":true,"href":"https:\/\/lucacastelli.com\/de\/wp-json\/wp\/v2\/media\/97162"}],"wp:attachment":[{"href":"https:\/\/lucacastelli.com\/de\/wp-json\/wp\/v2\/media?parent=416248"}],"wp:term":[{"taxonomy":"product_brand","embeddable":true,"href":"https:\/\/lucacastelli.com\/de\/wp-json\/wp\/v2\/product_brand?post=416248"},{"taxonomy":"product_cat","embeddable":true,"href":"https:\/\/lucacastelli.com\/de\/wp-json\/wp\/v2\/product_cat?post=416248"},{"taxonomy":"product_tag","embeddable":true,"href":"https:\/\/lucacastelli.com\/de\/wp-json\/wp\/v2\/product_tag?post=416248"}],"curies":[{"name":"wp","href":"https:\/\/api.w.org\/{rel}","templated":true}]}}