{"id":416241,"date":"2024-08-29T05:58:13","date_gmt":"2024-08-29T03:58:13","guid":{"rendered":"https:\/\/lucacastelli.com\/prodotto\/helly-hansen-outline-muetze-kaktus\/"},"modified":"2025-06-29T09:50:31","modified_gmt":"2025-06-29T07:50:31","slug":"helly-hansen-outline-muetze-kaktus","status":"publish","type":"product","link":"https:\/\/lucacastelli.com\/de\/produkt\/helly-hansen-outline-muetze-kaktus\/","title":{"rendered":"HELLY HANSEN OUTLINE M\u00dcTZE &#8211; Kaktus"},"content":{"rendered":"<p>Probieren Sie unsere klassische Logo-M\u00fctze aus und sehen Sie, wie bequem sie ist. Hergestellt aus weichen und warmen Materialien, sorgt es f\u00fcr maximalen Komfort bei Ihren Outdoor-Abenteuern. Ein unverzichtbares Accessoire f\u00fcr jede dynamische Aktivit\u00e4t!  <\/p>\n<p>Details<br \/>\nFasergehalt:<br \/>\nObermaterial: 95% Polyester (recycelt), 4% Polyamid, 1% Elasthan<br \/>\nGewicht:0g<\/p>\n<p>Funktionalit\u00e4t<br \/>\nHergestellt aus recyceltem Material, das aus dem Meer zur\u00fcckgewonnen wurde<\/p>\n","protected":false},"excerpt":{"rendered":"<p>Probieren Sie unsere klassische Logo-M\u00fctze aus und sehen Sie, wie bequem sie ist. Hergestellt aus weichen und warmen Materialien, sorgt<\/p>\n","protected":false},"featured_media":97157,"template":"","meta":{"_seopress_robots_primary_cat":"","_seopress_titles_title":"","_seopress_titles_desc":"","_seopress_robots_index":""},"product_brand":[3425],"product_cat":[21,186],"product_tag":[],"class_list":{"0":"post-416241","1":"product","2":"type-product","3":"status-publish","4":"has-post-thumbnail","6":"product_brand-helly-hansen","7":"product_cat-abbigliamento","8":"product_cat-accessori-per-labbigliamento","10":"first","11":"instock","12":"shipping-taxable","13":"purchasable","14":"product-type-simple"},"_links":{"self":[{"href":"https:\/\/lucacastelli.com\/de\/wp-json\/wp\/v2\/product\/416241","targetHints":{"allow":["GET"]}}],"collection":[{"href":"https:\/\/lucacastelli.com\/de\/wp-json\/wp\/v2\/product"}],"about":[{"href":"https:\/\/lucacastelli.com\/de\/wp-json\/wp\/v2\/types\/product"}],"wp:featuredmedia":[{"embeddable":true,"href":"https:\/\/lucacastelli.com\/de\/wp-json\/wp\/v2\/media\/97157"}],"wp:attachment":[{"href":"https:\/\/lucacastelli.com\/de\/wp-json\/wp\/v2\/media?parent=416241"}],"wp:term":[{"taxonomy":"product_brand","embeddable":true,"href":"https:\/\/lucacastelli.com\/de\/wp-json\/wp\/v2\/product_brand?post=416241"},{"taxonomy":"product_cat","embeddable":true,"href":"https:\/\/lucacastelli.com\/de\/wp-json\/wp\/v2\/product_cat?post=416241"},{"taxonomy":"product_tag","embeddable":true,"href":"https:\/\/lucacastelli.com\/de\/wp-json\/wp\/v2\/product_tag?post=416241"}],"curies":[{"name":"wp","href":"https:\/\/api.w.org\/{rel}","templated":true}]}}