{"id":416214,"date":"2024-04-29T15:49:01","date_gmt":"2024-04-29T13:49:01","guid":{"rendered":"https:\/\/lucacastelli.com\/prodotto\/helly-hansen-w-gale-regenjacke\/"},"modified":"2025-06-29T09:50:34","modified_gmt":"2025-06-29T07:50:34","slug":"helly-hansen-w-gale-regenjacke","status":"publish","type":"product","link":"https:\/\/lucacastelli.com\/de\/produkt\/helly-hansen-w-gale-regenjacke\/","title":{"rendered":"HELLY HANSEN W GALE REGENJACKE"},"content":{"rendered":"<p>Gale Damen<br \/>\nWasserdichte Regenjacke Nr. 70286<br \/>\nDie Gale Regenjacke besticht durch die hervorragende Passform, die Luna Produkte auszeichnet, die von Frauen f\u00fcr Frauen entwickelt wurden. Das Haupt-PU-Gewebe sorgt daf\u00fcr, dass Sie bei Regen trocken bleiben.<br \/>\nEnthaltene Fasern: Hauptmaterial: 100% PU auf Stoff 100% Polyester &#8211; 240 g\/m\u00b2<br \/>\nPflegehinweis:<br \/>\nMaschinenw\u00e4sche in warmem Wasser bei 40\u00b0C, nicht bleichen, nicht im Trockner trocknen, nicht b\u00fcgeln, nicht chemisch reinigen. <\/p>\n<p>FUNKTIONEN<br \/>\nEN 343:2019: 4, 1, X<br \/>\nYKK-Rei\u00dfverschluss<br \/>\nAMANN-N\u00e4hte<br \/>\nPackbare Kapuze im Kragen<br \/>\nVerstellbare Kapuze mit elastischem<br \/>\nKordelzug Doppelte Frontklappe aus Hauptmaterial<br \/>\nYKK-Frontrei\u00dfverschluss YKK-Napoleontasche<br \/>\nmit YKK-Rei\u00dfverschluss<br \/>\nEinschubtaschen<br \/>\nNeoprenb\u00fcndchen Verstellbarer<br \/>\nSaum mit elastischem Kordelzug in der Einschubtasche<br \/>\nVerl\u00e4ngerter R\u00fccken f\u00fcr zus\u00e4tzlichen Komfort<\/p>\n","protected":false},"excerpt":{"rendered":"<p>Gale Damen Wasserdichte Regenjacke Nr. 70286 Die Gale Regenjacke besticht durch die hervorragende Passform, die Luna Produkte auszeichnet, die von<\/p>\n","protected":false},"featured_media":49160,"template":"","meta":{"_seopress_robots_primary_cat":"","_seopress_titles_title":"","_seopress_titles_desc":"","_seopress_robots_index":""},"product_brand":[3425],"product_cat":[21,284],"product_tag":[],"class_list":{"0":"post-416214","1":"product","2":"type-product","3":"status-publish","4":"has-post-thumbnail","6":"product_brand-helly-hansen","7":"product_cat-abbigliamento","8":"product_cat-abbigliamento-da-lavoro","9":"sws-gruppo-abb-libero","10":"sws-categoria-sito","11":"sws-conto-ricavi-merci-rivendita-abbigliamento","12":"sws-gruppo-iva-iva81","14":"first","15":"instock","16":"shipping-taxable","17":"purchasable","18":"product-type-variable"},"_links":{"self":[{"href":"https:\/\/lucacastelli.com\/de\/wp-json\/wp\/v2\/product\/416214","targetHints":{"allow":["GET"]}}],"collection":[{"href":"https:\/\/lucacastelli.com\/de\/wp-json\/wp\/v2\/product"}],"about":[{"href":"https:\/\/lucacastelli.com\/de\/wp-json\/wp\/v2\/types\/product"}],"wp:featuredmedia":[{"embeddable":true,"href":"https:\/\/lucacastelli.com\/de\/wp-json\/wp\/v2\/media\/49160"}],"wp:attachment":[{"href":"https:\/\/lucacastelli.com\/de\/wp-json\/wp\/v2\/media?parent=416214"}],"wp:term":[{"taxonomy":"product_brand","embeddable":true,"href":"https:\/\/lucacastelli.com\/de\/wp-json\/wp\/v2\/product_brand?post=416214"},{"taxonomy":"product_cat","embeddable":true,"href":"https:\/\/lucacastelli.com\/de\/wp-json\/wp\/v2\/product_cat?post=416214"},{"taxonomy":"product_tag","embeddable":true,"href":"https:\/\/lucacastelli.com\/de\/wp-json\/wp\/v2\/product_tag?post=416214"}],"curies":[{"name":"wp","href":"https:\/\/api.w.org\/{rel}","templated":true}]}}