{"id":416188,"date":"2024-04-29T15:47:59","date_gmt":"2024-04-29T13:47:59","guid":{"rendered":"https:\/\/lucacastelli.com\/prodotto\/helly-hansen-w-gale-pant\/"},"modified":"2025-06-29T09:50:30","modified_gmt":"2025-06-29T07:50:30","slug":"helly-hansen-w-gale-pant","status":"publish","type":"product","link":"https:\/\/lucacastelli.com\/de\/produkt\/helly-hansen-w-gale-pant\/","title":{"rendered":"HELLY HANSEN W GALE PANT"},"content":{"rendered":"<p>Gale Damen<br \/>\nWasserdichte Regenhose Nr. 70486<br \/>\nGale Regenhose zeichnet sich durch die tolle Passform aus, f\u00fcr die Luna Produkte bekannt sind: von Frauen f\u00fcr Frauen entwickelt. Das Haupt-PU-Gewebe sorgt daf\u00fcr, dass Sie bei Regen trocken bleiben.<br \/>\nEnthaltene Fasern: Hauptgewebe: 100% PU auf 100% Polyestergewebe &#8211; 240 g\/m\u00b2<br \/>\nPflegehinweis:<br \/>\nMaschinenw\u00e4sche in warmem Wasser bei 40\u00b0C, nicht bleichen, nicht im Trockner trocknen, nicht b\u00fcgeln, nicht chemisch reinigen. <\/p>\n<p>FUNKTIONEN<br \/>\nEN 343:2019: 4, 1, X<br \/>\nAMANN-N\u00e4hte<br \/>\nVerstellbare<br \/>\nTaille Verstellbare Beinabschl\u00fcsse mit Druckkn\u00f6pfen<\/p>\n","protected":false},"excerpt":{"rendered":"<p>Gale Damen Wasserdichte Regenhose Nr. 70486 Gale Regenhose zeichnet sich durch die tolle Passform aus, f\u00fcr die Luna Produkte bekannt<\/p>\n","protected":false},"featured_media":49154,"template":"","meta":{"_seopress_robots_primary_cat":"","_seopress_titles_title":"","_seopress_titles_desc":"","_seopress_robots_index":""},"product_brand":[3425],"product_cat":[21,284],"product_tag":[],"class_list":{"0":"post-416188","1":"product","2":"type-product","3":"status-publish","4":"has-post-thumbnail","6":"product_brand-helly-hansen","7":"product_cat-abbigliamento","8":"product_cat-abbigliamento-da-lavoro","10":"first","11":"instock","12":"shipping-taxable","13":"purchasable","14":"product-type-variable"},"_links":{"self":[{"href":"https:\/\/lucacastelli.com\/de\/wp-json\/wp\/v2\/product\/416188","targetHints":{"allow":["GET"]}}],"collection":[{"href":"https:\/\/lucacastelli.com\/de\/wp-json\/wp\/v2\/product"}],"about":[{"href":"https:\/\/lucacastelli.com\/de\/wp-json\/wp\/v2\/types\/product"}],"wp:featuredmedia":[{"embeddable":true,"href":"https:\/\/lucacastelli.com\/de\/wp-json\/wp\/v2\/media\/49154"}],"wp:attachment":[{"href":"https:\/\/lucacastelli.com\/de\/wp-json\/wp\/v2\/media?parent=416188"}],"wp:term":[{"taxonomy":"product_brand","embeddable":true,"href":"https:\/\/lucacastelli.com\/de\/wp-json\/wp\/v2\/product_brand?post=416188"},{"taxonomy":"product_cat","embeddable":true,"href":"https:\/\/lucacastelli.com\/de\/wp-json\/wp\/v2\/product_cat?post=416188"},{"taxonomy":"product_tag","embeddable":true,"href":"https:\/\/lucacastelli.com\/de\/wp-json\/wp\/v2\/product_tag?post=416188"}],"curies":[{"name":"wp","href":"https:\/\/api.w.org\/{rel}","templated":true}]}}