{"id":416167,"date":"2024-04-29T15:11:23","date_gmt":"2024-04-29T13:11:23","guid":{"rendered":"https:\/\/lucacastelli.com\/prodotto\/helly-hansen-oxford-4x-pant\/"},"modified":"2025-06-29T09:50:11","modified_gmt":"2025-06-29T07:50:11","slug":"helly-hansen-oxford-4x-pant","status":"publish","type":"product","link":"https:\/\/lucacastelli.com\/de\/produkt\/helly-hansen-oxford-4x-pant\/","title":{"rendered":"HELLY HANSEN OXFORD 4X PANT"},"content":{"rendered":"<p>4X<br \/>\nOXFORD CARGO PANTS Nr. 77408<br \/>\nFasergehalt: Hauptmaterial: 94 % Polyamid, 6 % Elasthan &#8211; 260 g\/m\u00b2<br \/>\nSekund\u00e4rmaterial: 79 % Baumwolle, 18 % Polyester, 3 % Elasthan &#8211; 265 g\/m\u00b2.<br \/>\nVerst\u00e4rkung: 100 % Polyamid &#8211; 195 g\/m\u00b2<br \/>\nPflegehinweis: Maschinenw\u00e4sche in warmem Wasser bei 40\u00b0C, nicht bleichen, nicht im Trockner trocknen, nicht b\u00fcgeln, nicht chemisch reinigen.<\/p>\n<p>FUNKTIONEN<br \/>\nYKK-Rei\u00dfverschluss<br \/>\nAMANN-N\u00e4hte<br \/>\n4-Wege-Elastik<br \/>\nLeichtes Gewebe f\u00fcr zus\u00e4tzlichen Komfort<br \/>\nBreite Bundschlaufe in der Mitte f\u00fcr zus\u00e4tzliche Stabilit\u00e4t und Strapazierf\u00e4higkeit<br \/>\nBeinzwickel f\u00fcr mehr Bewegungsfreiheit<br \/>\nOberschenkeltaschen mit Verschluss<br \/>\nGummibeschichtete<br \/>\nMetallkn\u00f6pfe 5 cm<br \/>\nverl\u00e4ngerbare Beinl\u00e4nge Verst\u00e4rkung am unteren<br \/>\nSaum Ausweisschlaufe<br \/>\nReflektierende Designdetails<\/p>\n","protected":false},"excerpt":{"rendered":"<p>4X OXFORD CARGO PANTS Nr. 77408 Fasergehalt: Hauptmaterial: 94 % Polyamid, 6 % Elasthan &#8211; 260 g\/m\u00b2 Sekund\u00e4rmaterial: 79 %<\/p>\n","protected":false},"featured_media":49113,"template":"","meta":{"_seopress_robots_primary_cat":"","_seopress_titles_title":"","_seopress_titles_desc":"","_seopress_robots_index":""},"product_brand":[3425],"product_cat":[21,284],"product_tag":[],"class_list":{"0":"post-416167","1":"product","2":"type-product","3":"status-publish","4":"has-post-thumbnail","6":"product_brand-helly-hansen","7":"product_cat-abbigliamento","8":"product_cat-abbigliamento-da-lavoro","10":"first","11":"instock","12":"shipping-taxable","13":"purchasable","14":"product-type-variable"},"_links":{"self":[{"href":"https:\/\/lucacastelli.com\/de\/wp-json\/wp\/v2\/product\/416167","targetHints":{"allow":["GET"]}}],"collection":[{"href":"https:\/\/lucacastelli.com\/de\/wp-json\/wp\/v2\/product"}],"about":[{"href":"https:\/\/lucacastelli.com\/de\/wp-json\/wp\/v2\/types\/product"}],"wp:featuredmedia":[{"embeddable":true,"href":"https:\/\/lucacastelli.com\/de\/wp-json\/wp\/v2\/media\/49113"}],"wp:attachment":[{"href":"https:\/\/lucacastelli.com\/de\/wp-json\/wp\/v2\/media?parent=416167"}],"wp:term":[{"taxonomy":"product_brand","embeddable":true,"href":"https:\/\/lucacastelli.com\/de\/wp-json\/wp\/v2\/product_brand?post=416167"},{"taxonomy":"product_cat","embeddable":true,"href":"https:\/\/lucacastelli.com\/de\/wp-json\/wp\/v2\/product_cat?post=416167"},{"taxonomy":"product_tag","embeddable":true,"href":"https:\/\/lucacastelli.com\/de\/wp-json\/wp\/v2\/product_tag?post=416167"}],"curies":[{"name":"wp","href":"https:\/\/api.w.org\/{rel}","templated":true}]}}