{"id":416148,"date":"2024-04-29T15:32:04","date_gmt":"2024-04-29T13:32:04","guid":{"rendered":"https:\/\/lucacastelli.com\/prodotto\/helly-hansen-gale-regenjacke\/"},"modified":"2026-03-10T19:15:59","modified_gmt":"2026-03-10T18:15:59","slug":"helly-hansen-gale-regenjacke","status":"publish","type":"product","link":"https:\/\/lucacastelli.com\/de\/produkt\/helly-hansen-gale-regenjacke\/","title":{"rendered":"HELLY HANSEN GALE REGENJACKE"},"content":{"rendered":"<p>Gale<br \/>\nWaterproof Regenjacke Nr. 70282<br \/>\nFasergehalt: Hauptmaterial: 100 % PU-Beschichtung auf 100 % Polyestergewebe &#8211; 240 g\/m\u00b2<br \/>\nPflegehinweis:<br \/>\nMaschinenw\u00e4sche in warmem Wasser bei 40\u00b0C, nicht bleichen, nicht im Trockner trocknen, nicht b\u00fcgeln, nicht chemisch reinigen.<\/p>\n<p>FUNKTIONEN<br \/>\nEN 343:2019: 4, 1, X<br \/>\nAATCC 127-2013<br \/>\nYKK-Rei\u00dfverschluss<br \/>\nAMANN-N\u00e4hte<br \/>\nPackbare Kapuze im Kragen<br \/>\nVerstellbare Kapuze mit elastischem<br \/>\nKordelzug Doppelte Frontklappe aus Hauptmaterial<br \/>\nYKK-Frontrei\u00dfverschluss YKK-Rei\u00dfverschluss<\/p>\n<p>Napoleontasche Einschubtaschen<br \/>\nNeoprenb\u00fcndchen Verstellbarer<br \/>\nSaum mit elastischem Kordelzug in der<br \/>\nEinschubtasche Verl\u00e4ngerter R\u00fccken f\u00fcr zus\u00e4tzlichen Komfort<\/p>\n","protected":false},"excerpt":{"rendered":"<p>Gale Waterproof Regenjacke Nr. 70282 Fasergehalt: Hauptmaterial: 100 % PU-Beschichtung auf 100 % Polyestergewebe &#8211; 240 g\/m\u00b2 Pflegehinweis: Maschinenw\u00e4sche in<\/p>\n","protected":false},"featured_media":49141,"template":"","meta":{"_seopress_robots_primary_cat":"","_seopress_titles_title":"","_seopress_titles_desc":"","_seopress_robots_index":""},"product_brand":[3645],"product_cat":[1382,82],"product_tag":[],"class_list":{"0":"post-416148","1":"product","2":"type-product","3":"status-publish","4":"has-post-thumbnail","6":"product_brand-helly-hansen-de","7":"product_cat-arbeitskleidung","8":"product_cat-kleidung","9":"sws-gruppo-abb-libero","10":"sws-categoria-sito","11":"sws-conto-ricavi-merci-rivendita-abbigliamento","12":"sws-gruppo-iva-iva81","14":"first","15":"instock","16":"shipping-taxable","17":"purchasable","18":"product-type-variable"},"_links":{"self":[{"href":"https:\/\/lucacastelli.com\/de\/wp-json\/wp\/v2\/product\/416148","targetHints":{"allow":["GET"]}}],"collection":[{"href":"https:\/\/lucacastelli.com\/de\/wp-json\/wp\/v2\/product"}],"about":[{"href":"https:\/\/lucacastelli.com\/de\/wp-json\/wp\/v2\/types\/product"}],"wp:featuredmedia":[{"embeddable":true,"href":"https:\/\/lucacastelli.com\/de\/wp-json\/wp\/v2\/media\/49141"}],"wp:attachment":[{"href":"https:\/\/lucacastelli.com\/de\/wp-json\/wp\/v2\/media?parent=416148"}],"wp:term":[{"taxonomy":"product_brand","embeddable":true,"href":"https:\/\/lucacastelli.com\/de\/wp-json\/wp\/v2\/product_brand?post=416148"},{"taxonomy":"product_cat","embeddable":true,"href":"https:\/\/lucacastelli.com\/de\/wp-json\/wp\/v2\/product_cat?post=416148"},{"taxonomy":"product_tag","embeddable":true,"href":"https:\/\/lucacastelli.com\/de\/wp-json\/wp\/v2\/product_tag?post=416148"}],"curies":[{"name":"wp","href":"https:\/\/api.w.org\/{rel}","templated":true}]}}