{"id":416129,"date":"2024-04-29T15:29:13","date_gmt":"2024-04-29T13:29:13","guid":{"rendered":"https:\/\/lucacastelli.com\/prodotto\/helly-hansen-gale-rain-cons-pant\/"},"modified":"2025-06-29T09:50:05","modified_gmt":"2025-06-29T07:50:05","slug":"helly-hansen-gale-rain-cons-pant","status":"publish","type":"product","link":"https:\/\/lucacastelli.com\/de\/produkt\/helly-hansen-gale-rain-cons-pant\/","title":{"rendered":"HELLY HANSEN GALE RAIN CONS PANT"},"content":{"rendered":"<p>Gale<br \/>\nWaterproof Rain Pants Nr. 70484<br \/>\nDie Gale Pants setzen neue Ma\u00dfst\u00e4be in der Regenbekleidung f\u00fcr Handwerker und Fabrikarbeiter.<br \/>\nPhthalatfreie Stoffe sorgen f\u00fcr eine geringe Umweltbelastung und halten Sie bei jedem Wetter trocken.<br \/>\nFasergehalt:<br \/>\nHauptgewebe: 100% PU auf 100% Polyesterstrick &#8211; 240g\/m\u00b2<\/p>\n<p>Pflegehinweis:<br \/>\nMaschinenw\u00e4sche in warmem Wasser bei 40\u00b0C, nicht bleichen, nicht im Trockner trocknen, nicht b\u00fcgeln, nicht chemisch reinigen.<\/p>\n<p>FUNKTIONEN<br \/>\nEN 343:2003+A1:2007 3.1<br \/>\nVerstellbarer<br \/>\nBund \u00d6ffnung f\u00fcr H\u00e4ngetaschen<br \/>\nTasche f\u00fcr<br \/>\nZollstock Verstellbare Beinabschl\u00fcsse mit Druckkn\u00f6pfen<\/p>\n","protected":false},"excerpt":{"rendered":"<p>Gale Waterproof Rain Pants Nr. 70484 Die Gale Pants setzen neue Ma\u00dfst\u00e4be in der Regenbekleidung f\u00fcr Handwerker und Fabrikarbeiter. Phthalatfreie<\/p>\n","protected":false},"featured_media":49131,"template":"","meta":{"_seopress_robots_primary_cat":"","_seopress_titles_title":"","_seopress_titles_desc":"","_seopress_robots_index":""},"product_brand":[3645],"product_cat":[1382,82],"product_tag":[],"class_list":{"0":"post-416129","1":"product","2":"type-product","3":"status-publish","4":"has-post-thumbnail","6":"product_brand-helly-hansen-de","7":"product_cat-arbeitskleidung","8":"product_cat-kleidung","10":"first","11":"instock","12":"shipping-taxable","13":"purchasable","14":"product-type-variable"},"_links":{"self":[{"href":"https:\/\/lucacastelli.com\/de\/wp-json\/wp\/v2\/product\/416129","targetHints":{"allow":["GET"]}}],"collection":[{"href":"https:\/\/lucacastelli.com\/de\/wp-json\/wp\/v2\/product"}],"about":[{"href":"https:\/\/lucacastelli.com\/de\/wp-json\/wp\/v2\/types\/product"}],"wp:featuredmedia":[{"embeddable":true,"href":"https:\/\/lucacastelli.com\/de\/wp-json\/wp\/v2\/media\/49131"}],"wp:attachment":[{"href":"https:\/\/lucacastelli.com\/de\/wp-json\/wp\/v2\/media?parent=416129"}],"wp:term":[{"taxonomy":"product_brand","embeddable":true,"href":"https:\/\/lucacastelli.com\/de\/wp-json\/wp\/v2\/product_brand?post=416129"},{"taxonomy":"product_cat","embeddable":true,"href":"https:\/\/lucacastelli.com\/de\/wp-json\/wp\/v2\/product_cat?post=416129"},{"taxonomy":"product_tag","embeddable":true,"href":"https:\/\/lucacastelli.com\/de\/wp-json\/wp\/v2\/product_tag?post=416129"}],"curies":[{"name":"wp","href":"https:\/\/api.w.org\/{rel}","templated":true}]}}