{"id":416091,"date":"2024-04-29T15:05:36","date_gmt":"2024-04-29T13:05:36","guid":{"rendered":"https:\/\/lucacastelli.com\/prodotto\/helly-hansen-oxford-4x-cnct-pant\/"},"modified":"2025-06-29T09:49:56","modified_gmt":"2025-06-29T07:49:56","slug":"helly-hansen-oxford-4x-cnct-pant","status":"publish","type":"product","link":"https:\/\/lucacastelli.com\/de\/produkt\/helly-hansen-oxford-4x-cnct-pant\/","title":{"rendered":"HELLY HANSEN OXFORD 4X CNCT PANT"},"content":{"rendered":"<p>HH CONNECT<br \/>\n4X OXFORD HOSE NR. 77395<br \/>\nMit dieser strapazierf\u00e4higen Hose, die den Strapazen der Baustelle standh\u00e4lt, k\u00f6nnen Sie Ihre Arbeit mit Leichtigkeit erledigen. Verst\u00e4rkte Knie und Saum sowie h\u00e4ngende Taschen mit doppeltem Futter und strapazierf\u00e4higem Nylongewebe. Dank der vorgeformten Knie, des Zwickels im Schritt und der breiten G\u00fcrtelschlaufe am R\u00fccken, die die Stabilit\u00e4t verbessert, kannst du dich frei bewegen, w\u00e4hrend sich das leichte Vier-Wege-Stretchmaterial mit dir bewegt. Unser innovatives Taschensystem, HH Connect\u2122, erm\u00f6glicht es Ihnen, sich an Ihre Arbeit anzupassen und die Tasche zu w\u00e4hlen, die Sie f\u00fcr die anstehende Aufgabe ben\u00f6tigen. Zus\u00e4tzliche Features wie die Ausweisschlaufe und die Zollstocktasche bieten alle Optionen, die Sie ben\u00f6tigen, um Ihnen die Arbeit zu erleichtern. Die Oxford 4X HH Connect\u2122 Pant bietet zus\u00e4tzliche Anpassungen f\u00fcr Ihren Komfort. Der Saum kann um 5 Zentimeter verl\u00e4ngert werden und die Kniepolster lassen sich f\u00fcr eine optimale Beweglichkeit ebenfalls verstellen. Kniepolstertaschen sind von au\u00dfen leicht zug\u00e4nglich,Fasergehalt<br \/>\n: Basismaterial: 94 % Polyamid, 6 % Elasthan &#8211; 260 g\/m\u00b2 &#8211; Sekund\u00e4rmaterial: 79 % Baumwolle, 18 % Polyester, 3 % Elastolefin &#8211; 265 g\/m\u00b2 &#8211; Verst\u00e4rkung: 100 % Polyamid &#8211; 195 g\/m\u00b2.       <\/p>\n<p>FUNKTIONEN<br \/>\nYKK-Rei\u00dfverschluss<br \/>\nAMANN N\u00e4hte<br \/>\nHH Connect kompatibel<br \/>\n4-Wege-Stretchmaterial<br \/>\nLeichtes Gewebe f\u00fcr zus\u00e4tzlichen Komfort<br \/>\nBreite G\u00fcrtelschlaufe in der Mitte f\u00fcr zus\u00e4tzliche Stabilit\u00e4t und Haltbarkeit<br \/>\nZwickel im Schritt f\u00fcr mehr Bewegungsfreiheit<br \/>\nOberschenkeltasche mit Verschluss<br \/>\nTasche f\u00fcr den Zollstock<br \/>\nGummierte Metallkn\u00f6pfe<br \/>\nVorgeformte Knie f\u00fcr optimale Beweglichkeit<br \/>\nKniepolstertaschen von au\u00dfen zug\u00e4nglich<br \/>\nDie Position der Knieschoner kann um 5 cm verstellt werden, um eine optimale Position zu gew\u00e4hrleisten<br \/>\nVerst\u00e4rkungsgewebe an Knien und unterem Saum<br \/>\nDie Beinl\u00e4nge kann um 5 cm verl\u00e4ngert werden<br \/>\nSchlaufe f\u00fcr den Ausweis<br \/>\nReflektierende Designdetails<\/p>\n","protected":false},"excerpt":{"rendered":"<p>HH CONNECT 4X OXFORD HOSE NR. 77395 Mit dieser strapazierf\u00e4higen Hose, die den Strapazen der Baustelle standh\u00e4lt, k\u00f6nnen Sie Ihre<\/p>\n","protected":false},"featured_media":49089,"template":"","meta":{"_seopress_robots_primary_cat":"","_seopress_titles_title":"","_seopress_titles_desc":"","_seopress_robots_index":""},"product_brand":[3645],"product_cat":[1382,82],"product_tag":[],"class_list":{"0":"post-416091","1":"product","2":"type-product","3":"status-publish","4":"has-post-thumbnail","6":"product_brand-helly-hansen-de","7":"product_cat-arbeitskleidung","8":"product_cat-kleidung","10":"first","11":"instock","12":"shipping-taxable","13":"purchasable","14":"product-type-variable"},"_links":{"self":[{"href":"https:\/\/lucacastelli.com\/de\/wp-json\/wp\/v2\/product\/416091","targetHints":{"allow":["GET"]}}],"collection":[{"href":"https:\/\/lucacastelli.com\/de\/wp-json\/wp\/v2\/product"}],"about":[{"href":"https:\/\/lucacastelli.com\/de\/wp-json\/wp\/v2\/types\/product"}],"wp:featuredmedia":[{"embeddable":true,"href":"https:\/\/lucacastelli.com\/de\/wp-json\/wp\/v2\/media\/49089"}],"wp:attachment":[{"href":"https:\/\/lucacastelli.com\/de\/wp-json\/wp\/v2\/media?parent=416091"}],"wp:term":[{"taxonomy":"product_brand","embeddable":true,"href":"https:\/\/lucacastelli.com\/de\/wp-json\/wp\/v2\/product_brand?post=416091"},{"taxonomy":"product_cat","embeddable":true,"href":"https:\/\/lucacastelli.com\/de\/wp-json\/wp\/v2\/product_cat?post=416091"},{"taxonomy":"product_tag","embeddable":true,"href":"https:\/\/lucacastelli.com\/de\/wp-json\/wp\/v2\/product_tag?post=416091"}],"curies":[{"name":"wp","href":"https:\/\/api.w.org\/{rel}","templated":true}]}}